{"id":23658,"date":"2024-09-23T13:18:44","date_gmt":"2024-09-23T11:18:44","guid":{"rendered":"https:\/\/lesrefuges.it\/moulins\/"},"modified":"2025-07-03T14:37:25","modified_gmt":"2025-07-03T12:37:25","slug":"moulins","status":"publish","type":"page","link":"https:\/\/lesrefuges.it\/fr\/moulins\/","title":{"rendered":"Moulins"},"content":{"rendered":"\t\t<div data-elementor-type=\"wp-page\" data-elementor-id=\"23658\" class=\"elementor elementor-23658 elementor-23556\">\n\t\t\t\t\t\t<section class=\"elementor-section elementor-top-section elementor-element elementor-element-c937b5c elementor-section-stretched elementor-section-content-middle elementor-section-full_width elementor-section-height-default elementor-section-height-default\" data-id=\"c937b5c\" data-element_type=\"section\" data-e-type=\"section\" data-settings=\"{&quot;stretch_section&quot;:&quot;section-stretched&quot;,&quot;background_background&quot;:&quot;classic&quot;,&quot;animation&quot;:&quot;none&quot;}\">\n\t\t\t\t\t\t\t<div class=\"elementor-background-overlay\"><\/div>\n\t\t\t\t\t\t\t<div class=\"elementor-container elementor-column-gap-default\">\n\t\t\t\t\t<div class=\"elementor-column elementor-col-100 elementor-top-column elementor-element elementor-element-6ddae46\" data-id=\"6ddae46\" data-element_type=\"column\" data-e-type=\"column\">\n\t\t\t<div class=\"elementor-widget-wrap elementor-element-populated\">\n\t\t\t\t\t\t<div class=\"elementor-element elementor-element-d869844 elementor-widget elementor-widget-qi_addons_for_elementor_animated_text\" data-id=\"d869844\" data-element_type=\"widget\" data-e-type=\"widget\" data-widget_type=\"qi_addons_for_elementor_animated_text.default\">\n\t\t\t\t<div class=\"elementor-widget-container\">\n\t\t\t\t\t<div class=\"qodef-shortcode qodef-m qodef-qi-animated-text qodef--animated-by-word qodef--alignment-center qodef-qi--has-appear qodef--appear-from-right\" >\n\t\t<h1 class=\"qodef-m-title\">\n\t\t<span class=\"qodef-e-word\">Moulins<\/span>\t<\/h1>\n<\/div>\n\t\t\t\t<\/div>\n\t\t\t\t<\/div>\n\t\t\t\t<div class=\"elementor-element elementor-element-689209f elementor-widget elementor-widget-spacer\" data-id=\"689209f\" data-element_type=\"widget\" data-e-type=\"widget\" data-widget_type=\"spacer.default\">\n\t\t\t\t<div class=\"elementor-widget-container\">\n\t\t\t\t\t\t\t<div class=\"elementor-spacer\">\n\t\t\t<div class=\"elementor-spacer-inner\"><\/div>\n\t\t<\/div>\n\t\t\t\t\t\t<\/div>\n\t\t\t\t<\/div>\n\t\t\t\t<div class=\"elementor-element elementor-element-00459a9 elementor-widget__width-inherit elementor-widget-mobile__width-inherit elementor-widget elementor-widget-heading\" data-id=\"00459a9\" data-element_type=\"widget\" data-e-type=\"widget\" data-widget_type=\"heading.default\">\n\t\t\t\t<div class=\"elementor-widget-container\">\n\t\t\t\t\t<p class=\"elementor-heading-title elementor-size-default\">Dans le contexte de Rh\u00eames-Notre-Dame, les moulins situ\u00e9s \u00e0 Bruil, Chaudanne et Carr\u00e8 repr\u00e9sentent un important patrimoine historique de cette commune. Ces moulins, autrefois essentiels pour le broyage des c\u00e9r\u00e9ales, exploitaient l'\u00e9nergie des cours d'eau, cruciale pour les besoins quotidiens et la subsistance des communaut\u00e9s locales.<br><br>\nLe moulin de Chaudanne \u00e0 Rh\u00eames-Notre-Dame offre un exemple fascinant de la mani\u00e8re dont le patrimoine historique peut \u00eatre pr\u00e9serv\u00e9 et valoris\u00e9 pour l'\u00e9ducation et le tourisme. R\u00e9cemment r\u00e9nov\u00e9, ce moulin a \u00e9t\u00e9 transform\u00e9 en une sorte de mus\u00e9e en activit\u00e9, o\u00f9 les visiteurs peuvent observer le m\u00e9canisme de broyage en action, bien qu'il ne soit plus utilis\u00e9 pour moudre r\u00e9ellement des c\u00e9r\u00e9ales.<br><br>\nLa r\u00e9novation a permis de pr\u00e9server l'architecture originale et les machines du moulin, garantissant que tout fonctionne comme autrefois. Cette approche pr\u00e9serve non seulement l'aspect physique et fonctionnel, mais offre \u00e9galement aux visiteurs une fen\u00eatre directe sur le pass\u00e9, leur permettant de mieux comprendre le fonctionnement de ces outils de travail essentiels.\n<br><br>\n \n\n<\/p>\t\t\t\t<\/div>\n\t\t\t\t<\/div>\n\t\t\t\t<div class=\"elementor-element elementor-element-70c4ee2 elementor-arrows-position-inside elementor-widget elementor-widget-image-carousel\" data-id=\"70c4ee2\" data-element_type=\"widget\" data-e-type=\"widget\" data-settings=\"{&quot;image_spacing_custom&quot;:{&quot;unit&quot;:&quot;px&quot;,&quot;size&quot;:50,&quot;sizes&quot;:[]},&quot;autoplay_speed&quot;:2500,&quot;speed&quot;:2500,&quot;navigation&quot;:&quot;arrows&quot;,&quot;autoplay&quot;:&quot;yes&quot;,&quot;pause_on_hover&quot;:&quot;yes&quot;,&quot;pause_on_interaction&quot;:&quot;yes&quot;,&quot;infinite&quot;:&quot;yes&quot;,&quot;image_spacing_custom_tablet&quot;:{&quot;unit&quot;:&quot;px&quot;,&quot;size&quot;:&quot;&quot;,&quot;sizes&quot;:[]},&quot;image_spacing_custom_mobile&quot;:{&quot;unit&quot;:&quot;px&quot;,&quot;size&quot;:&quot;&quot;,&quot;sizes&quot;:[]}}\" data-widget_type=\"image-carousel.default\">\n\t\t\t\t<div class=\"elementor-widget-container\">\n\t\t\t\t\t\t\t<div class=\"elementor-image-carousel-wrapper swiper\" role=\"region\" aria-roledescription=\"carousel\" aria-label=\"Carosello d&#039;immagini\" dir=\"ltr\">\n\t\t\t<div class=\"elementor-image-carousel swiper-wrapper\" aria-live=\"off\">\n\t\t\t\t\t\t\t\t<div class=\"swiper-slide\" role=\"group\" aria-roledescription=\"slide\" aria-label=\"1 of 6\"><a data-elementor-open-lightbox=\"yes\" data-elementor-lightbox-slideshow=\"70c4ee2\" data-elementor-lightbox-title=\"CEDEBB7F-2259-431C-9FE1-44C90A969225\" data-e-action-hash=\"#elementor-action%3Aaction%3Dlightbox%26settings%3DeyJpZCI6MTcwNjgsInVybCI6Imh0dHBzOlwvXC9sZXNyZWZ1Z2VzLml0XC93cC1jb250ZW50XC91cGxvYWRzXC8yMDI0XC8wNFwvQ0VERUJCN0YtMjI1OS00MzFDLTlGRTEtNDRDOTBBOTY5MjI1LmpwZWciLCJzbGlkZXNob3ciOiI3MGM0ZWUyIn0%3D\" href=\"https:\/\/lesrefuges.it\/wp-content\/uploads\/2024\/04\/CEDEBB7F-2259-431C-9FE1-44C90A969225.jpeg\"><figure class=\"swiper-slide-inner\"><img decoding=\"async\" class=\"swiper-slide-image\" src=\"https:\/\/lesrefuges.it\/wp-content\/uploads\/elementor\/thumbs\/CEDEBB7F-2259-431C-9FE1-44C90A969225-rn07ymy38yq7xpq7gc4h2ma5uhmsm7excrw90wqojc.jpeg\" alt=\"Mulino Bruil\" \/><figcaption class=\"elementor-image-carousel-caption\">Mulino Bruil<\/figcaption><\/figure><\/a><\/div><div class=\"swiper-slide\" role=\"group\" aria-roledescription=\"slide\" aria-label=\"2 of 6\"><a data-elementor-open-lightbox=\"yes\" data-elementor-lightbox-slideshow=\"70c4ee2\" data-elementor-lightbox-title=\"BC0C35DC-DA73-4579-A265-D699CDC555A7\" data-e-action-hash=\"#elementor-action%3Aaction%3Dlightbox%26settings%3DeyJpZCI6MTcwNzEsInVybCI6Imh0dHBzOlwvXC9sZXNyZWZ1Z2VzLml0XC93cC1jb250ZW50XC91cGxvYWRzXC8yMDI0XC8wNFwvQkMwQzM1REMtREE3My00NTc5LUEyNjUtRDY5OUNEQzU1NUE3LmpwZWciLCJzbGlkZXNob3ciOiI3MGM0ZWUyIn0%3D\" href=\"https:\/\/lesrefuges.it\/wp-content\/uploads\/2024\/04\/BC0C35DC-DA73-4579-A265-D699CDC555A7.jpeg\"><figure class=\"swiper-slide-inner\"><img decoding=\"async\" class=\"swiper-slide-image\" src=\"https:\/\/lesrefuges.it\/wp-content\/uploads\/elementor\/thumbs\/BC0C35DC-DA73-4579-A265-D699CDC555A7-rn07yotrmmsskxnh5cxq7lt319dj1lme1177zgnw6w.jpeg\" alt=\"Mulino Bruil\" \/><figcaption class=\"elementor-image-carousel-caption\">Mulino Bruil<\/figcaption><\/figure><\/a><\/div><div class=\"swiper-slide\" role=\"group\" aria-roledescription=\"slide\" aria-label=\"3 of 6\"><a data-elementor-open-lightbox=\"yes\" data-elementor-lightbox-slideshow=\"70c4ee2\" data-elementor-lightbox-title=\"3839BE9F-9335-4559-82E0-264C6EAF37BB_1_105_c\" data-e-action-hash=\"#elementor-action%3Aaction%3Dlightbox%26settings%3DeyJpZCI6MTcwNzgsInVybCI6Imh0dHBzOlwvXC9sZXNyZWZ1Z2VzLml0XC93cC1jb250ZW50XC91cGxvYWRzXC8yMDI0XC8wNFwvMzgzOUJFOUYtOTMzNS00NTU5LTgyRTAtMjY0QzZFQUYzN0JCXzFfMTA1X2MuanBlZyIsInNsaWRlc2hvdyI6IjcwYzRlZTIifQ%3D%3D\" href=\"https:\/\/lesrefuges.it\/wp-content\/uploads\/2024\/04\/3839BE9F-9335-4559-82E0-264C6EAF37BB_1_105_c.jpeg\"><figure class=\"swiper-slide-inner\"><img decoding=\"async\" class=\"swiper-slide-image\" src=\"https:\/\/lesrefuges.it\/wp-content\/uploads\/elementor\/thumbs\/3839BE9F-9335-4559-82E0-264C6EAF37BB_1_105_c-rn07yqpg0avd85kqudqzclc08149gztupai6y0l3ug.jpeg\" alt=\"Mulino Chaudanne\" \/><figcaption class=\"elementor-image-carousel-caption\">Mulino Chaudanne<\/figcaption><\/figure><\/a><\/div><div class=\"swiper-slide\" role=\"group\" aria-roledescription=\"slide\" aria-label=\"4 of 6\"><a data-elementor-open-lightbox=\"yes\" data-elementor-lightbox-slideshow=\"70c4ee2\" data-elementor-lightbox-title=\"A2D4EEEB-7C65-429D-8329-A50739D5D65D_1_105_c\" data-e-action-hash=\"#elementor-action%3Aaction%3Dlightbox%26settings%3DeyJpZCI6MTcwNzUsInVybCI6Imh0dHBzOlwvXC9sZXNyZWZ1Z2VzLml0XC93cC1jb250ZW50XC91cGxvYWRzXC8yMDI0XC8wNFwvQTJENEVFRUItN0M2NS00MjlELTgzMjktQTUwNzM5RDVENjVEXzFfMTA1X2MuanBlZyIsInNsaWRlc2hvdyI6IjcwYzRlZTIifQ%3D%3D\" href=\"https:\/\/lesrefuges.it\/wp-content\/uploads\/2024\/04\/A2D4EEEB-7C65-429D-8329-A50739D5D65D_1_105_c.jpeg\"><figure class=\"swiper-slide-inner\"><img decoding=\"async\" class=\"swiper-slide-image\" src=\"https:\/\/lesrefuges.it\/wp-content\/uploads\/elementor\/thumbs\/A2D4EEEB-7C65-429D-8329-A50739D5D65D_1_105_c-rn07yprltgu2wjm3zvccs3kjmn8w9aq4d5upgqmi0o.jpeg\" alt=\"Mulino Chaudanne\" \/><figcaption class=\"elementor-image-carousel-caption\">Mulino Chaudanne<\/figcaption><\/figure><\/a><\/div><div class=\"swiper-slide\" role=\"group\" aria-roledescription=\"slide\" aria-label=\"5 of 6\"><a data-elementor-open-lightbox=\"yes\" data-elementor-lightbox-slideshow=\"70c4ee2\" data-elementor-lightbox-title=\"2D56777B-F2CE-46DE-B81F-64F99E7AD1E5\" data-e-action-hash=\"#elementor-action%3Aaction%3Dlightbox%26settings%3DeyJpZCI6MTcwODcsInVybCI6Imh0dHBzOlwvXC9sZXNyZWZ1Z2VzLml0XC93cC1jb250ZW50XC91cGxvYWRzXC8yMDI0XC8wNFwvMkQ1Njc3N0ItRjJDRS00NkRFLUI4MUYtNjRGOTlFN0FEMUU1LmpwZWciLCJzbGlkZXNob3ciOiI3MGM0ZWUyIn0%3D\" href=\"https:\/\/lesrefuges.it\/wp-content\/uploads\/2024\/04\/2D56777B-F2CE-46DE-B81F-64F99E7AD1E5.jpeg\"><figure class=\"swiper-slide-inner\"><img decoding=\"async\" class=\"swiper-slide-image\" src=\"https:\/\/lesrefuges.it\/wp-content\/uploads\/elementor\/thumbs\/2D56777B-F2CE-46DE-B81F-64F99E7AD1E5-rn07yhb23yii01yed9opnnpea6elc0sjbzzc58z1ko.jpeg\" alt=\"Mulino Chaudanne\" \/><figcaption class=\"elementor-image-carousel-caption\">Mulino Chaudanne<\/figcaption><\/figure><\/a><\/div><div class=\"swiper-slide\" role=\"group\" aria-roledescription=\"slide\" aria-label=\"6 of 6\"><a data-elementor-open-lightbox=\"yes\" data-elementor-lightbox-slideshow=\"70c4ee2\" data-elementor-lightbox-title=\"6663DCAA-DEF1-4BDE-8248-7A861F7C471D\" data-e-action-hash=\"#elementor-action%3Aaction%3Dlightbox%26settings%3DeyJpZCI6MTcwOTAsInVybCI6Imh0dHBzOlwvXC9sZXNyZWZ1Z2VzLml0XC93cC1jb250ZW50XC91cGxvYWRzXC8yMDI0XC8wNFwvNjY2M0RDQUEtREVGMS00QkRFLTgyNDgtN0E4NjFGN0M0NzFELmpwZWciLCJzbGlkZXNob3ciOiI3MGM0ZWUyIn0%3D\" href=\"https:\/\/lesrefuges.it\/wp-content\/uploads\/2024\/04\/6663DCAA-DEF1-4BDE-8248-7A861F7C471D.jpeg\"><figure class=\"swiper-slide-inner\"><img decoding=\"async\" class=\"swiper-slide-image\" src=\"https:\/\/lesrefuges.it\/wp-content\/uploads\/elementor\/thumbs\/6663DCAA-DEF1-4BDE-8248-7A861F7C471D-rn07ym0924oxm3rkltpui4ip93rfeib70n8rjms2pk.jpeg\" alt=\"Mulino Chaudanne\" \/><figcaption class=\"elementor-image-carousel-caption\">Mulino Chaudanne<\/figcaption><\/figure><\/a><\/div>\t\t\t<\/div>\n\t\t\t\t\t\t\t\t\t\t\t\t<div class=\"elementor-swiper-button elementor-swiper-button-prev\" role=\"button\" tabindex=\"0\">\n\t\t\t\t\t\t<i aria-hidden=\"true\" class=\"eicon-chevron-left\"><\/i>\t\t\t\t\t<\/div>\n\t\t\t\t\t<div class=\"elementor-swiper-button elementor-swiper-button-next\" role=\"button\" tabindex=\"0\">\n\t\t\t\t\t\t<i aria-hidden=\"true\" class=\"eicon-chevron-right\"><\/i>\t\t\t\t\t<\/div>\n\t\t\t\t\n\t\t\t\t\t\t\t\t\t<\/div>\n\t\t\t\t\t\t<\/div>\n\t\t\t\t<\/div>\n\t\t\t\t<div class=\"elementor-element elementor-element-7a9656b elementor-widget elementor-widget-spacer\" data-id=\"7a9656b\" data-element_type=\"widget\" data-e-type=\"widget\" data-widget_type=\"spacer.default\">\n\t\t\t\t<div class=\"elementor-widget-container\">\n\t\t\t\t\t\t\t<div class=\"elementor-spacer\">\n\t\t\t<div class=\"elementor-spacer-inner\"><\/div>\n\t\t<\/div>\n\t\t\t\t\t\t<\/div>\n\t\t\t\t<\/div>\n\t\t\t\t\t<\/div>\n\t\t<\/div>\n\t\t\t\t\t<\/div>\n\t\t<\/section>\n\t\t\t\t<\/div>\n\t\t","protected":false},"excerpt":{"rendered":"<p>Moulins Dans le contexte de Rh\u00eames-Notre-Dame, les moulins situ\u00e9s \u00e0 Bruil, Chaudanne et Carr\u00e8 repr\u00e9sentent un important patrimoine historique de cette commune. Ces moulins, autrefois essentiels pour le broyage des c\u00e9r\u00e9ales, exploitaient l&#8217;\u00e9nergie des cours d&#8217;eau, cruciale pour les besoins quotidiens et la subsistance des communaut\u00e9s locales. Le moulin de Chaudanne \u00e0 Rh\u00eames-Notre-Dame offre un [&hellip;]<\/p>\n","protected":false},"author":3,"featured_media":17262,"parent":0,"menu_order":0,"comment_status":"closed","ping_status":"closed","template":"","meta":{"footnotes":""},"class_list":["post-23658","page","type-page","status-publish","has-post-thumbnail","hentry"],"yoast_head":"<!-- This site is optimized with the Yoast SEO plugin v27.5 - https:\/\/yoast.com\/product\/yoast-seo-wordpress\/ -->\n<title>Moulins - Benvenuti nel mondo dei Les Refuges<\/title>\n<meta name=\"robots\" content=\"index, follow, max-snippet:-1, max-image-preview:large, max-video-preview:-1\" \/>\n<link rel=\"canonical\" href=\"https:\/\/lesrefuges.it\/fr\/moulins\/\" \/>\n<meta property=\"og:locale\" content=\"fr_FR\" \/>\n<meta property=\"og:type\" content=\"article\" \/>\n<meta property=\"og:title\" content=\"Moulins - Benvenuti nel mondo dei Les Refuges\" \/>\n<meta property=\"og:description\" content=\"Moulins Dans le contexte de Rh\u00eames-Notre-Dame, les moulins situ\u00e9s \u00e0 Bruil, Chaudanne et Carr\u00e8 repr\u00e9sentent un important patrimoine historique de cette commune. Ces moulins, autrefois essentiels pour le broyage des c\u00e9r\u00e9ales, exploitaient l&#8217;\u00e9nergie des cours d&#8217;eau, cruciale pour les besoins quotidiens et la subsistance des communaut\u00e9s locales. Le moulin de Chaudanne \u00e0 Rh\u00eames-Notre-Dame offre un [&hellip;]\" \/>\n<meta property=\"og:url\" content=\"https:\/\/lesrefuges.it\/fr\/moulins\/\" \/>\n<meta property=\"og:site_name\" content=\"Benvenuti nel mondo dei Les Refuges\" \/>\n<meta property=\"article:publisher\" content=\"https:\/\/www.facebook.com\/Lesrefuges\" \/>\n<meta property=\"article:modified_time\" content=\"2025-07-03T12:37:25+00:00\" \/>\n<meta property=\"og:image\" content=\"https:\/\/lesrefuges.it\/wp-content\/uploads\/2024\/04\/PA080011.jpg\" \/>\n\t<meta property=\"og:image:width\" content=\"640\" \/>\n\t<meta property=\"og:image:height\" content=\"480\" \/>\n\t<meta property=\"og:image:type\" content=\"image\/jpeg\" \/>\n<meta name=\"twitter:card\" content=\"summary_large_image\" \/>\n<meta name=\"twitter:label1\" content=\"Est. reading time\" \/>\n\t<meta name=\"twitter:data1\" content=\"1 minute\" \/>\n<script type=\"application\/ld+json\" class=\"yoast-schema-graph\">{\"@context\":\"https:\\\/\\\/schema.org\",\"@graph\":[{\"@type\":\"WebPage\",\"@id\":\"https:\\\/\\\/lesrefuges.it\\\/fr\\\/moulins\\\/\",\"url\":\"https:\\\/\\\/lesrefuges.it\\\/fr\\\/moulins\\\/\",\"name\":\"Moulins - Benvenuti nel mondo dei Les Refuges\",\"isPartOf\":{\"@id\":\"https:\\\/\\\/lesrefuges.it\\\/#website\"},\"primaryImageOfPage\":{\"@id\":\"https:\\\/\\\/lesrefuges.it\\\/fr\\\/moulins\\\/#primaryimage\"},\"image\":{\"@id\":\"https:\\\/\\\/lesrefuges.it\\\/fr\\\/moulins\\\/#primaryimage\"},\"thumbnailUrl\":\"https:\\\/\\\/lesrefuges.it\\\/wp-content\\\/uploads\\\/2024\\\/04\\\/PA080011.jpg\",\"datePublished\":\"2024-09-23T11:18:44+00:00\",\"dateModified\":\"2025-07-03T12:37:25+00:00\",\"breadcrumb\":{\"@id\":\"https:\\\/\\\/lesrefuges.it\\\/fr\\\/moulins\\\/#breadcrumb\"},\"inLanguage\":\"fr-FR\",\"potentialAction\":[{\"@type\":\"ReadAction\",\"target\":[\"https:\\\/\\\/lesrefuges.it\\\/fr\\\/moulins\\\/\"]}]},{\"@type\":\"ImageObject\",\"inLanguage\":\"fr-FR\",\"@id\":\"https:\\\/\\\/lesrefuges.it\\\/fr\\\/moulins\\\/#primaryimage\",\"url\":\"https:\\\/\\\/lesrefuges.it\\\/wp-content\\\/uploads\\\/2024\\\/04\\\/PA080011.jpg\",\"contentUrl\":\"https:\\\/\\\/lesrefuges.it\\\/wp-content\\\/uploads\\\/2024\\\/04\\\/PA080011.jpg\",\"width\":640,\"height\":480,\"caption\":\"OLYMPUS DIGITAL CAMERA\"},{\"@type\":\"BreadcrumbList\",\"@id\":\"https:\\\/\\\/lesrefuges.it\\\/fr\\\/moulins\\\/#breadcrumb\",\"itemListElement\":[{\"@type\":\"ListItem\",\"position\":1,\"name\":\"Home\",\"item\":\"https:\\\/\\\/lesrefuges.it\\\/\"},{\"@type\":\"ListItem\",\"position\":2,\"name\":\"Moulins\"}]},{\"@type\":\"WebSite\",\"@id\":\"https:\\\/\\\/lesrefuges.it\\\/#website\",\"url\":\"https:\\\/\\\/lesrefuges.it\\\/\",\"name\":\"Benvenuti nel mondo dei Les Refuges\",\"description\":\"Destinazioni eccezionali\",\"publisher\":{\"@id\":\"https:\\\/\\\/lesrefuges.it\\\/#organization\"},\"potentialAction\":[{\"@type\":\"SearchAction\",\"target\":{\"@type\":\"EntryPoint\",\"urlTemplate\":\"https:\\\/\\\/lesrefuges.it\\\/?s={search_term_string}\"},\"query-input\":{\"@type\":\"PropertyValueSpecification\",\"valueRequired\":true,\"valueName\":\"search_term_string\"}}],\"inLanguage\":\"fr-FR\"},{\"@type\":\"Organization\",\"@id\":\"https:\\\/\\\/lesrefuges.it\\\/#organization\",\"name\":\"Les Refuges\",\"url\":\"https:\\\/\\\/lesrefuges.it\\\/\",\"logo\":{\"@type\":\"ImageObject\",\"inLanguage\":\"fr-FR\",\"@id\":\"https:\\\/\\\/lesrefuges.it\\\/#\\\/schema\\\/logo\\\/image\\\/\",\"url\":\"https:\\\/\\\/lesrefuges.it\\\/wp-content\\\/uploads\\\/2023\\\/10\\\/rhemes-appartamenti-camere.png\",\"contentUrl\":\"https:\\\/\\\/lesrefuges.it\\\/wp-content\\\/uploads\\\/2023\\\/10\\\/rhemes-appartamenti-camere.png\",\"width\":150,\"height\":107,\"caption\":\"Les Refuges\"},\"image\":{\"@id\":\"https:\\\/\\\/lesrefuges.it\\\/#\\\/schema\\\/logo\\\/image\\\/\"},\"sameAs\":[\"https:\\\/\\\/www.facebook.com\\\/Lesrefuges\"]}]}<\/script>\n<!-- \/ Yoast SEO plugin. -->","yoast_head_json":{"title":"Moulins - Benvenuti nel mondo dei Les Refuges","robots":{"index":"index","follow":"follow","max-snippet":"max-snippet:-1","max-image-preview":"max-image-preview:large","max-video-preview":"max-video-preview:-1"},"canonical":"https:\/\/lesrefuges.it\/fr\/moulins\/","og_locale":"fr_FR","og_type":"article","og_title":"Moulins - Benvenuti nel mondo dei Les Refuges","og_description":"Moulins Dans le contexte de Rh\u00eames-Notre-Dame, les moulins situ\u00e9s \u00e0 Bruil, Chaudanne et Carr\u00e8 repr\u00e9sentent un important patrimoine historique de cette commune. Ces moulins, autrefois essentiels pour le broyage des c\u00e9r\u00e9ales, exploitaient l&#8217;\u00e9nergie des cours d&#8217;eau, cruciale pour les besoins quotidiens et la subsistance des communaut\u00e9s locales. Le moulin de Chaudanne \u00e0 Rh\u00eames-Notre-Dame offre un [&hellip;]","og_url":"https:\/\/lesrefuges.it\/fr\/moulins\/","og_site_name":"Benvenuti nel mondo dei Les Refuges","article_publisher":"https:\/\/www.facebook.com\/Lesrefuges","article_modified_time":"2025-07-03T12:37:25+00:00","og_image":[{"width":640,"height":480,"url":"https:\/\/lesrefuges.it\/wp-content\/uploads\/2024\/04\/PA080011.jpg","type":"image\/jpeg"}],"twitter_card":"summary_large_image","twitter_misc":{"Est. reading time":"1 minute"},"schema":{"@context":"https:\/\/schema.org","@graph":[{"@type":"WebPage","@id":"https:\/\/lesrefuges.it\/fr\/moulins\/","url":"https:\/\/lesrefuges.it\/fr\/moulins\/","name":"Moulins - Benvenuti nel mondo dei Les Refuges","isPartOf":{"@id":"https:\/\/lesrefuges.it\/#website"},"primaryImageOfPage":{"@id":"https:\/\/lesrefuges.it\/fr\/moulins\/#primaryimage"},"image":{"@id":"https:\/\/lesrefuges.it\/fr\/moulins\/#primaryimage"},"thumbnailUrl":"https:\/\/lesrefuges.it\/wp-content\/uploads\/2024\/04\/PA080011.jpg","datePublished":"2024-09-23T11:18:44+00:00","dateModified":"2025-07-03T12:37:25+00:00","breadcrumb":{"@id":"https:\/\/lesrefuges.it\/fr\/moulins\/#breadcrumb"},"inLanguage":"fr-FR","potentialAction":[{"@type":"ReadAction","target":["https:\/\/lesrefuges.it\/fr\/moulins\/"]}]},{"@type":"ImageObject","inLanguage":"fr-FR","@id":"https:\/\/lesrefuges.it\/fr\/moulins\/#primaryimage","url":"https:\/\/lesrefuges.it\/wp-content\/uploads\/2024\/04\/PA080011.jpg","contentUrl":"https:\/\/lesrefuges.it\/wp-content\/uploads\/2024\/04\/PA080011.jpg","width":640,"height":480,"caption":"OLYMPUS DIGITAL CAMERA"},{"@type":"BreadcrumbList","@id":"https:\/\/lesrefuges.it\/fr\/moulins\/#breadcrumb","itemListElement":[{"@type":"ListItem","position":1,"name":"Home","item":"https:\/\/lesrefuges.it\/"},{"@type":"ListItem","position":2,"name":"Moulins"}]},{"@type":"WebSite","@id":"https:\/\/lesrefuges.it\/#website","url":"https:\/\/lesrefuges.it\/","name":"Benvenuti nel mondo dei Les Refuges","description":"Destinazioni eccezionali","publisher":{"@id":"https:\/\/lesrefuges.it\/#organization"},"potentialAction":[{"@type":"SearchAction","target":{"@type":"EntryPoint","urlTemplate":"https:\/\/lesrefuges.it\/?s={search_term_string}"},"query-input":{"@type":"PropertyValueSpecification","valueRequired":true,"valueName":"search_term_string"}}],"inLanguage":"fr-FR"},{"@type":"Organization","@id":"https:\/\/lesrefuges.it\/#organization","name":"Les Refuges","url":"https:\/\/lesrefuges.it\/","logo":{"@type":"ImageObject","inLanguage":"fr-FR","@id":"https:\/\/lesrefuges.it\/#\/schema\/logo\/image\/","url":"https:\/\/lesrefuges.it\/wp-content\/uploads\/2023\/10\/rhemes-appartamenti-camere.png","contentUrl":"https:\/\/lesrefuges.it\/wp-content\/uploads\/2023\/10\/rhemes-appartamenti-camere.png","width":150,"height":107,"caption":"Les Refuges"},"image":{"@id":"https:\/\/lesrefuges.it\/#\/schema\/logo\/image\/"},"sameAs":["https:\/\/www.facebook.com\/Lesrefuges"]}]}},"_links":{"self":[{"href":"https:\/\/lesrefuges.it\/fr\/wp-json\/wp\/v2\/pages\/23658","targetHints":{"allow":["GET"]}}],"collection":[{"href":"https:\/\/lesrefuges.it\/fr\/wp-json\/wp\/v2\/pages"}],"about":[{"href":"https:\/\/lesrefuges.it\/fr\/wp-json\/wp\/v2\/types\/page"}],"author":[{"embeddable":true,"href":"https:\/\/lesrefuges.it\/fr\/wp-json\/wp\/v2\/users\/3"}],"replies":[{"embeddable":true,"href":"https:\/\/lesrefuges.it\/fr\/wp-json\/wp\/v2\/comments?post=23658"}],"version-history":[{"count":2,"href":"https:\/\/lesrefuges.it\/fr\/wp-json\/wp\/v2\/pages\/23658\/revisions"}],"predecessor-version":[{"id":24248,"href":"https:\/\/lesrefuges.it\/fr\/wp-json\/wp\/v2\/pages\/23658\/revisions\/24248"}],"wp:featuredmedia":[{"embeddable":true,"href":"https:\/\/lesrefuges.it\/fr\/wp-json\/wp\/v2\/media\/17262"}],"wp:attachment":[{"href":"https:\/\/lesrefuges.it\/fr\/wp-json\/wp\/v2\/media?parent=23658"}],"curies":[{"name":"wp","href":"https:\/\/api.w.org\/{rel}","templated":true}]}}