{"id":23630,"date":"2024-09-23T13:20:48","date_gmt":"2024-09-23T11:20:48","guid":{"rendered":"https:\/\/lesrefuges.it\/centrale-hydroelectrique-du-le\/"},"modified":"2024-09-23T15:22:55","modified_gmt":"2024-09-23T13:22:55","slug":"centrale-hydroelectrique-du-le","status":"publish","type":"page","link":"https:\/\/lesrefuges.it\/fr\/centrale-hydroelectrique-du-le\/","title":{"rendered":"Centrale hydro\u00e9lectrique du L\u00e9"},"content":{"rendered":"\t\t<div data-elementor-type=\"wp-page\" data-elementor-id=\"23630\" class=\"elementor elementor-23630 elementor-23557\">\n\t\t\t\t\t\t<section class=\"elementor-section elementor-top-section elementor-element elementor-element-db878e1 elementor-section-stretched elementor-section-content-middle elementor-section-full_width elementor-section-height-default elementor-section-height-default\" data-id=\"db878e1\" data-element_type=\"section\" data-e-type=\"section\" data-settings=\"{&quot;stretch_section&quot;:&quot;section-stretched&quot;,&quot;background_background&quot;:&quot;classic&quot;,&quot;animation&quot;:&quot;none&quot;}\">\n\t\t\t\t\t\t\t<div class=\"elementor-background-overlay\"><\/div>\n\t\t\t\t\t\t\t<div class=\"elementor-container elementor-column-gap-default\">\n\t\t\t\t\t<div class=\"elementor-column elementor-col-100 elementor-top-column elementor-element elementor-element-90a3925\" data-id=\"90a3925\" data-element_type=\"column\" data-e-type=\"column\">\n\t\t\t<div class=\"elementor-widget-wrap elementor-element-populated\">\n\t\t\t\t\t\t<div class=\"elementor-element elementor-element-5881de2 elementor-widget elementor-widget-qi_addons_for_elementor_animated_text\" data-id=\"5881de2\" data-element_type=\"widget\" data-e-type=\"widget\" data-widget_type=\"qi_addons_for_elementor_animated_text.default\">\n\t\t\t\t<div class=\"elementor-widget-container\">\n\t\t\t\t\t<div class=\"qodef-shortcode qodef-m qodef-qi-animated-text qodef--animated-by-word qodef--alignment-center qodef-qi--has-appear qodef--appear-from-right\" >\n\t\t<h1 class=\"qodef-m-title\">\n\t\t<span class=\"qodef-e-word\">Centrale<\/span> <span class=\"qodef-e-word\">hydro\u00e9lectrique<\/span> <span class=\"qodef-e-word\">du<\/span> <span class=\"qodef-e-word\">L\u00e9<\/span>\t<\/h1>\n<\/div>\n\t\t\t\t<\/div>\n\t\t\t\t<\/div>\n\t\t\t\t<div class=\"elementor-element elementor-element-0ebabf8 elementor-widget elementor-widget-heading\" data-id=\"0ebabf8\" data-element_type=\"widget\" data-e-type=\"widget\" data-widget_type=\"heading.default\">\n\t\t\t\t<div class=\"elementor-widget-container\">\n\t\t\t\t\t<p class=\"elementor-heading-title elementor-size-default\">Le 4 septembre 1921 repr\u00e9sente une date historique pour la Vall\u00e9e de Rh\u00eames, un tournant o\u00f9 le progr\u00e8s technologique et la collaboration communautaire se sont associ\u00e9s pour donner naissance \u00e0 un projet innovant. Ce jour-l\u00e0, les membres des villages de Pont, Chaudanne et Pellaud se r\u00e9unissent \u00e0 la maison Fusinaz \u00e0 Rh\u00eames-Notre-Dame et signent pour la cr\u00e9ation de la \"Soci\u00e9t\u00e9 Coop\u00e9rative \u00c9lectrique du L\u00e9\". Cette nouvelle entit\u00e9 avait pour objectif pr\u00e9cis d'exploiter les eaux du affluent du lac de Pellaud pour la production d'\u00e9nergie hydro\u00e9lectrique.<br><br> L'endroit choisi pour l'installation de la turbine Francis n'\u00e9tait autre que le b\u00e2timent qui abritait autrefois le moulin de Pellaud, situ\u00e9 \u00e0 proximit\u00e9 du lac et du village du m\u00eame nom. Une transition du pass\u00e9 agricole et artisanal du village vers un avenir caract\u00e9ris\u00e9 par l'innovation et le d\u00e9veloppement durable. <br><br> En \u00e9change de l'\u00e9lectricit\u00e9 fournie par la nouvelle centrale, les habitants de Pellaud ont re\u00e7u le droit d'utiliser le moulin de Chaudannaz, situ\u00e9 en aval. En \u00e9change de l'\u00e9lectricit\u00e9 fournie par la nouvelle centrale, les habitants de Pellaud ont re\u00e7u le droit d'utiliser le moulin de Chaudannaz, situ\u00e9 en aval.<br><br> La fondation de la \"Soci\u00e9t\u00e9 Coop\u00e9rative \u00c9lectrique du L\u00e9\" et la transformation du moulin du Pellaud en centrale hydro\u00e9lectrique repr\u00e9sentent ainsi un exemple significatif de la fa\u00e7on dont les communaut\u00e9s de montagne peuvent s'adapter et prosp\u00e9rer, en exploitant intelligemment les ressources naturelles disponibles et en favorisant la coh\u00e9sion sociale et l'autosuffisance \u00e9nerg\u00e9tique. <br><br>\n\n \n\n<\/p>\t\t\t\t<\/div>\n\t\t\t\t<\/div>\n\t\t\t\t<div class=\"elementor-element elementor-element-6cb6807 elementor-arrows-position-inside elementor-widget elementor-widget-image-carousel\" data-id=\"6cb6807\" data-element_type=\"widget\" data-e-type=\"widget\" data-settings=\"{&quot;image_spacing_custom&quot;:{&quot;unit&quot;:&quot;px&quot;,&quot;size&quot;:50,&quot;sizes&quot;:[]},&quot;autoplay_speed&quot;:2500,&quot;speed&quot;:2500,&quot;navigation&quot;:&quot;arrows&quot;,&quot;autoplay&quot;:&quot;yes&quot;,&quot;pause_on_hover&quot;:&quot;yes&quot;,&quot;pause_on_interaction&quot;:&quot;yes&quot;,&quot;infinite&quot;:&quot;yes&quot;,&quot;image_spacing_custom_tablet&quot;:{&quot;unit&quot;:&quot;px&quot;,&quot;size&quot;:&quot;&quot;,&quot;sizes&quot;:[]},&quot;image_spacing_custom_mobile&quot;:{&quot;unit&quot;:&quot;px&quot;,&quot;size&quot;:&quot;&quot;,&quot;sizes&quot;:[]}}\" data-widget_type=\"image-carousel.default\">\n\t\t\t\t<div class=\"elementor-widget-container\">\n\t\t\t\t\t\t\t<div class=\"elementor-image-carousel-wrapper swiper\" role=\"region\" aria-roledescription=\"carousel\" aria-label=\"Image Carousel\" dir=\"ltr\">\n\t\t\t<div class=\"elementor-image-carousel swiper-wrapper\" aria-live=\"off\">\n\t\t\t\t\t\t\t\t<div class=\"swiper-slide\" role=\"group\" aria-roledescription=\"slide\" aria-label=\"1 of 6\"><a data-elementor-open-lightbox=\"yes\" data-elementor-lightbox-slideshow=\"6cb6807\" data-elementor-lightbox-title=\"LAN_443\" data-e-action-hash=\"#elementor-action%3Aaction%3Dlightbox%26settings%3DeyJpZCI6MTcxMDksInVybCI6Imh0dHBzOlwvXC9sZXNyZWZ1Z2VzLml0XC93cC1jb250ZW50XC91cGxvYWRzXC8yMDI0XC8wNFwvTEFOXzQ0My5qcGciLCJzbGlkZXNob3ciOiI2Y2I2ODA3In0%3D\" href=\"https:\/\/lesrefuges.it\/wp-content\/uploads\/2024\/04\/LAN_443.jpg\"><figure class=\"swiper-slide-inner\"><img decoding=\"async\" class=\"swiper-slide-image\" src=\"https:\/\/lesrefuges.it\/wp-content\/uploads\/elementor\/thumbs\/LAN_443-rn07ygd7x4h7ofzrira335xxosj84boszvbunz0fqw.jpg\" alt=\"LAN_443\" \/><\/figure><\/a><\/div><div class=\"swiper-slide\" role=\"group\" aria-roledescription=\"slide\" aria-label=\"2 of 6\"><a data-elementor-open-lightbox=\"yes\" data-elementor-lightbox-slideshow=\"6cb6807\" data-elementor-lightbox-title=\"1BA68432-4588-467B-A53B-F76CF8DAC9D6_1_105_c\" data-e-action-hash=\"#elementor-action%3Aaction%3Dlightbox%26settings%3DeyJpZCI6MTcxMDYsInVybCI6Imh0dHBzOlwvXC9sZXNyZWZ1Z2VzLml0XC93cC1jb250ZW50XC91cGxvYWRzXC8yMDI0XC8wNFwvMUJBNjg0MzItNDU4OC00NjdCLUE1M0ItRjc2Q0Y4REFDOUQ2XzFfMTA1X2MuanBlZyIsInNsaWRlc2hvdyI6IjZjYjY4MDcifQ%3D%3D\" href=\"https:\/\/lesrefuges.it\/wp-content\/uploads\/2024\/04\/1BA68432-4588-467B-A53B-F76CF8DAC9D6_1_105_c.jpeg\"><figure class=\"swiper-slide-inner\"><img decoding=\"async\" class=\"swiper-slide-image\" src=\"https:\/\/lesrefuges.it\/wp-content\/uploads\/elementor\/thumbs\/1BA68432-4588-467B-A53B-F76CF8DAC9D6_1_105_c-rn07yffdqafxcu14o8vgio6h3enuwml2nqod6p1tx4.jpeg\" alt=\"1BA68432-4588-467B-A53B-F76CF8DAC9D6_1_105_c\" \/><\/figure><\/a><\/div><div class=\"swiper-slide\" role=\"group\" aria-roledescription=\"slide\" aria-label=\"3 of 6\"><a data-elementor-open-lightbox=\"yes\" data-elementor-lightbox-slideshow=\"6cb6807\" data-elementor-lightbox-title=\"4AA389D9-F3F4-4467-BF47-AE8ED7026F1F_1_105_c\" data-e-action-hash=\"#elementor-action%3Aaction%3Dlightbox%26settings%3DeyJpZCI6MTcxMDMsInVybCI6Imh0dHBzOlwvXC9sZXNyZWZ1Z2VzLml0XC93cC1jb250ZW50XC91cGxvYWRzXC8yMDI0XC8wNFwvNEFBMzg5RDktRjNGNC00NDY3LUJGNDctQUU4RUQ3MDI2RjFGXzFfMTA1X2MuanBlZyIsInNsaWRlc2hvdyI6IjZjYjY4MDcifQ%3D%3D\" href=\"https:\/\/lesrefuges.it\/wp-content\/uploads\/2024\/04\/4AA389D9-F3F4-4467-BF47-AE8ED7026F1F_1_105_c.jpeg\"><figure class=\"swiper-slide-inner\"><img decoding=\"async\" class=\"swiper-slide-image\" src=\"https:\/\/lesrefuges.it\/wp-content\/uploads\/elementor\/thumbs\/4AA389D9-F3F4-4467-BF47-AE8ED7026F1F_1_105_c-rn07yffdqafxcu14o8vgio6h3enuwml2nqod6p1tx4.jpeg\" alt=\"4AA389D9-F3F4-4467-BF47-AE8ED7026F1F_1_105_c\" \/><\/figure><\/a><\/div><div class=\"swiper-slide\" role=\"group\" aria-roledescription=\"slide\" aria-label=\"4 of 6\"><a data-elementor-open-lightbox=\"yes\" data-elementor-lightbox-slideshow=\"6cb6807\" data-elementor-lightbox-title=\"DF4FBE0E-A9E1-4B45-BB44-57883FE014BC_1_105_c\" data-e-action-hash=\"#elementor-action%3Aaction%3Dlightbox%26settings%3DeyJpZCI6MTcxMDAsInVybCI6Imh0dHBzOlwvXC9sZXNyZWZ1Z2VzLml0XC93cC1jb250ZW50XC91cGxvYWRzXC8yMDI0XC8wNFwvREY0RkJFMEUtQTlFMS00QjQ1LUJCNDQtNTc4ODNGRTAxNEJDXzFfMTA1X2MuanBlZyIsInNsaWRlc2hvdyI6IjZjYjY4MDcifQ%3D%3D\" href=\"https:\/\/lesrefuges.it\/wp-content\/uploads\/2024\/04\/DF4FBE0E-A9E1-4B45-BB44-57883FE014BC_1_105_c.jpeg\"><figure class=\"swiper-slide-inner\"><img decoding=\"async\" class=\"swiper-slide-image\" src=\"https:\/\/lesrefuges.it\/wp-content\/uploads\/elementor\/thumbs\/DF4FBE0E-A9E1-4B45-BB44-57883FE014BC_1_105_c-rn07yl2evannahsxrbb7xmr8npw26t7goila2ctgvs.jpeg\" alt=\"DF4FBE0E-A9E1-4B45-BB44-57883FE014BC_1_105_c\" \/><\/figure><\/a><\/div><div class=\"swiper-slide\" role=\"group\" aria-roledescription=\"slide\" aria-label=\"5 of 6\"><a data-elementor-open-lightbox=\"yes\" data-elementor-lightbox-slideshow=\"6cb6807\" data-elementor-lightbox-title=\"C2935DBE-2E31-4D36-B69E-D59868C51069_1_105_c\" data-e-action-hash=\"#elementor-action%3Aaction%3Dlightbox%26settings%3DeyJpZCI6MTcwOTcsInVybCI6Imh0dHBzOlwvXC9sZXNyZWZ1Z2VzLml0XC93cC1jb250ZW50XC91cGxvYWRzXC8yMDI0XC8wNFwvQzI5MzVEQkUtMkUzMS00RDM2LUI2OUUtRDU5ODY4QzUxMDY5XzFfMTA1X2MuanBlZyIsInNsaWRlc2hvdyI6IjZjYjY4MDcifQ%3D%3D\" href=\"https:\/\/lesrefuges.it\/wp-content\/uploads\/2024\/04\/C2935DBE-2E31-4D36-B69E-D59868C51069_1_105_c.jpeg\"><figure class=\"swiper-slide-inner\"><img decoding=\"async\" class=\"swiper-slide-image\" src=\"https:\/\/lesrefuges.it\/wp-content\/uploads\/elementor\/thumbs\/C2935DBE-2E31-4D36-B69E-D59868C51069_1_105_c-rn07ygd7x4h7ofzrira335xxosj84boszvbunz0fqw.jpeg\" alt=\"C2935DBE-2E31-4D36-B69E-D59868C51069_1_105_c\" \/><\/figure><\/a><\/div><div class=\"swiper-slide\" role=\"group\" aria-roledescription=\"slide\" aria-label=\"6 of 6\"><a data-elementor-open-lightbox=\"yes\" data-elementor-lightbox-slideshow=\"6cb6807\" data-elementor-lightbox-title=\"377860_146538032118099_342537298_n\" data-e-action-hash=\"#elementor-action%3Aaction%3Dlightbox%26settings%3DeyJpZCI6MTcxMTIsInVybCI6Imh0dHBzOlwvXC9sZXNyZWZ1Z2VzLml0XC93cC1jb250ZW50XC91cGxvYWRzXC8yMDI0XC8wNFwvMzc3ODYwXzE0NjUzODAzMjExODA5OV8zNDI1MzcyOThfbi5qcGciLCJzbGlkZXNob3ciOiI2Y2I2ODA3In0%3D\" href=\"https:\/\/lesrefuges.it\/wp-content\/uploads\/2024\/04\/377860_146538032118099_342537298_n.jpg\"><figure class=\"swiper-slide-inner\"><img decoding=\"async\" class=\"swiper-slide-image\" src=\"https:\/\/lesrefuges.it\/wp-content\/uploads\/elementor\/thumbs\/377860_146538032118099_342537298_n-rn07yi8wasjsbnx17s3c85guvk9yjpw9o4mtmixneg.jpg\" alt=\"377860_146538032118099_342537298_n\" \/><\/figure><\/a><\/div>\t\t\t<\/div>\n\t\t\t\t\t\t\t\t\t\t\t\t<div class=\"elementor-swiper-button elementor-swiper-button-prev\" role=\"button\" tabindex=\"0\">\n\t\t\t\t\t\t<i aria-hidden=\"true\" class=\"eicon-chevron-left\"><\/i>\t\t\t\t\t<\/div>\n\t\t\t\t\t<div class=\"elementor-swiper-button elementor-swiper-button-next\" role=\"button\" tabindex=\"0\">\n\t\t\t\t\t\t<i aria-hidden=\"true\" class=\"eicon-chevron-right\"><\/i>\t\t\t\t\t<\/div>\n\t\t\t\t\n\t\t\t\t\t\t\t\t\t<\/div>\n\t\t\t\t\t\t<\/div>\n\t\t\t\t<\/div>\n\t\t\t\t<div class=\"elementor-element elementor-element-2b633a9 elementor-widget elementor-widget-spacer\" data-id=\"2b633a9\" data-element_type=\"widget\" data-e-type=\"widget\" data-widget_type=\"spacer.default\">\n\t\t\t\t<div class=\"elementor-widget-container\">\n\t\t\t\t\t\t\t<div class=\"elementor-spacer\">\n\t\t\t<div class=\"elementor-spacer-inner\"><\/div>\n\t\t<\/div>\n\t\t\t\t\t\t<\/div>\n\t\t\t\t<\/div>\n\t\t\t\t\t<\/div>\n\t\t<\/div>\n\t\t\t\t\t<\/div>\n\t\t<\/section>\n\t\t\t\t<\/div>\n\t\t","protected":false},"excerpt":{"rendered":"<p>Centrale hydro\u00e9lectrique du L\u00e9 Le 4 septembre 1921 repr\u00e9sente une date historique pour la Vall\u00e9e de Rh\u00eames, un tournant o\u00f9 le progr\u00e8s technologique et la collaboration communautaire se sont associ\u00e9s pour donner naissance \u00e0 un projet innovant. Ce jour-l\u00e0, les membres des villages de Pont, Chaudanne et Pellaud se r\u00e9unissent \u00e0 la maison Fusinaz \u00e0 [&hellip;]<\/p>\n","protected":false},"author":3,"featured_media":17262,"parent":0,"menu_order":0,"comment_status":"closed","ping_status":"closed","template":"","meta":{"footnotes":""},"class_list":["post-23630","page","type-page","status-publish","has-post-thumbnail","hentry"],"yoast_head":"<!-- This site is optimized with the Yoast SEO plugin v27.5 - https:\/\/yoast.com\/product\/yoast-seo-wordpress\/ -->\n<title>Centrale hydro\u00e9lectrique du L\u00e9 - Benvenuti nel mondo dei Les Refuges<\/title>\n<meta name=\"robots\" content=\"index, follow, max-snippet:-1, max-image-preview:large, max-video-preview:-1\" \/>\n<link rel=\"canonical\" href=\"https:\/\/lesrefuges.it\/fr\/centrale-hydroelectrique-du-le\/\" \/>\n<meta property=\"og:locale\" content=\"fr_FR\" \/>\n<meta property=\"og:type\" content=\"article\" \/>\n<meta property=\"og:title\" content=\"Centrale hydro\u00e9lectrique du L\u00e9 - Benvenuti nel mondo dei Les Refuges\" \/>\n<meta property=\"og:description\" content=\"Centrale hydro\u00e9lectrique du L\u00e9 Le 4 septembre 1921 repr\u00e9sente une date historique pour la Vall\u00e9e de Rh\u00eames, un tournant o\u00f9 le progr\u00e8s technologique et la collaboration communautaire se sont associ\u00e9s pour donner naissance \u00e0 un projet innovant. Ce jour-l\u00e0, les membres des villages de Pont, Chaudanne et Pellaud se r\u00e9unissent \u00e0 la maison Fusinaz \u00e0 [&hellip;]\" \/>\n<meta property=\"og:url\" content=\"https:\/\/lesrefuges.it\/fr\/centrale-hydroelectrique-du-le\/\" \/>\n<meta property=\"og:site_name\" content=\"Benvenuti nel mondo dei Les Refuges\" \/>\n<meta property=\"article:publisher\" content=\"https:\/\/www.facebook.com\/Lesrefuges\" \/>\n<meta property=\"article:modified_time\" content=\"2024-09-23T13:22:55+00:00\" \/>\n<meta property=\"og:image\" content=\"https:\/\/lesrefuges.it\/wp-content\/uploads\/2024\/04\/PA080011.jpg\" \/>\n\t<meta property=\"og:image:width\" content=\"640\" \/>\n\t<meta property=\"og:image:height\" content=\"480\" \/>\n\t<meta property=\"og:image:type\" content=\"image\/jpeg\" \/>\n<meta name=\"twitter:card\" content=\"summary_large_image\" \/>\n<meta name=\"twitter:label1\" content=\"Est. reading time\" \/>\n\t<meta name=\"twitter:data1\" content=\"1 minute\" \/>\n<script type=\"application\/ld+json\" class=\"yoast-schema-graph\">{\"@context\":\"https:\\\/\\\/schema.org\",\"@graph\":[{\"@type\":\"WebPage\",\"@id\":\"https:\\\/\\\/lesrefuges.it\\\/fr\\\/centrale-hydroelectrique-du-le\\\/\",\"url\":\"https:\\\/\\\/lesrefuges.it\\\/fr\\\/centrale-hydroelectrique-du-le\\\/\",\"name\":\"Centrale hydro\u00e9lectrique du L\u00e9 - Benvenuti nel mondo dei Les Refuges\",\"isPartOf\":{\"@id\":\"https:\\\/\\\/lesrefuges.it\\\/#website\"},\"primaryImageOfPage\":{\"@id\":\"https:\\\/\\\/lesrefuges.it\\\/fr\\\/centrale-hydroelectrique-du-le\\\/#primaryimage\"},\"image\":{\"@id\":\"https:\\\/\\\/lesrefuges.it\\\/fr\\\/centrale-hydroelectrique-du-le\\\/#primaryimage\"},\"thumbnailUrl\":\"https:\\\/\\\/lesrefuges.it\\\/wp-content\\\/uploads\\\/2024\\\/04\\\/PA080011.jpg\",\"datePublished\":\"2024-09-23T11:20:48+00:00\",\"dateModified\":\"2024-09-23T13:22:55+00:00\",\"breadcrumb\":{\"@id\":\"https:\\\/\\\/lesrefuges.it\\\/fr\\\/centrale-hydroelectrique-du-le\\\/#breadcrumb\"},\"inLanguage\":\"fr-FR\",\"potentialAction\":[{\"@type\":\"ReadAction\",\"target\":[\"https:\\\/\\\/lesrefuges.it\\\/fr\\\/centrale-hydroelectrique-du-le\\\/\"]}]},{\"@type\":\"ImageObject\",\"inLanguage\":\"fr-FR\",\"@id\":\"https:\\\/\\\/lesrefuges.it\\\/fr\\\/centrale-hydroelectrique-du-le\\\/#primaryimage\",\"url\":\"https:\\\/\\\/lesrefuges.it\\\/wp-content\\\/uploads\\\/2024\\\/04\\\/PA080011.jpg\",\"contentUrl\":\"https:\\\/\\\/lesrefuges.it\\\/wp-content\\\/uploads\\\/2024\\\/04\\\/PA080011.jpg\",\"width\":640,\"height\":480,\"caption\":\"OLYMPUS DIGITAL CAMERA\"},{\"@type\":\"BreadcrumbList\",\"@id\":\"https:\\\/\\\/lesrefuges.it\\\/fr\\\/centrale-hydroelectrique-du-le\\\/#breadcrumb\",\"itemListElement\":[{\"@type\":\"ListItem\",\"position\":1,\"name\":\"Home\",\"item\":\"https:\\\/\\\/lesrefuges.it\\\/\"},{\"@type\":\"ListItem\",\"position\":2,\"name\":\"Centrale hydro\u00e9lectrique du L\u00e9\"}]},{\"@type\":\"WebSite\",\"@id\":\"https:\\\/\\\/lesrefuges.it\\\/#website\",\"url\":\"https:\\\/\\\/lesrefuges.it\\\/\",\"name\":\"Benvenuti nel mondo dei Les Refuges\",\"description\":\"Destinazioni eccezionali\",\"publisher\":{\"@id\":\"https:\\\/\\\/lesrefuges.it\\\/#organization\"},\"potentialAction\":[{\"@type\":\"SearchAction\",\"target\":{\"@type\":\"EntryPoint\",\"urlTemplate\":\"https:\\\/\\\/lesrefuges.it\\\/?s={search_term_string}\"},\"query-input\":{\"@type\":\"PropertyValueSpecification\",\"valueRequired\":true,\"valueName\":\"search_term_string\"}}],\"inLanguage\":\"fr-FR\"},{\"@type\":\"Organization\",\"@id\":\"https:\\\/\\\/lesrefuges.it\\\/#organization\",\"name\":\"Les Refuges\",\"url\":\"https:\\\/\\\/lesrefuges.it\\\/\",\"logo\":{\"@type\":\"ImageObject\",\"inLanguage\":\"fr-FR\",\"@id\":\"https:\\\/\\\/lesrefuges.it\\\/#\\\/schema\\\/logo\\\/image\\\/\",\"url\":\"https:\\\/\\\/lesrefuges.it\\\/wp-content\\\/uploads\\\/2023\\\/10\\\/rhemes-appartamenti-camere.png\",\"contentUrl\":\"https:\\\/\\\/lesrefuges.it\\\/wp-content\\\/uploads\\\/2023\\\/10\\\/rhemes-appartamenti-camere.png\",\"width\":150,\"height\":107,\"caption\":\"Les Refuges\"},\"image\":{\"@id\":\"https:\\\/\\\/lesrefuges.it\\\/#\\\/schema\\\/logo\\\/image\\\/\"},\"sameAs\":[\"https:\\\/\\\/www.facebook.com\\\/Lesrefuges\"]}]}<\/script>\n<!-- \/ Yoast SEO plugin. -->","yoast_head_json":{"title":"Centrale hydro\u00e9lectrique du L\u00e9 - Benvenuti nel mondo dei Les Refuges","robots":{"index":"index","follow":"follow","max-snippet":"max-snippet:-1","max-image-preview":"max-image-preview:large","max-video-preview":"max-video-preview:-1"},"canonical":"https:\/\/lesrefuges.it\/fr\/centrale-hydroelectrique-du-le\/","og_locale":"fr_FR","og_type":"article","og_title":"Centrale hydro\u00e9lectrique du L\u00e9 - Benvenuti nel mondo dei Les Refuges","og_description":"Centrale hydro\u00e9lectrique du L\u00e9 Le 4 septembre 1921 repr\u00e9sente une date historique pour la Vall\u00e9e de Rh\u00eames, un tournant o\u00f9 le progr\u00e8s technologique et la collaboration communautaire se sont associ\u00e9s pour donner naissance \u00e0 un projet innovant. Ce jour-l\u00e0, les membres des villages de Pont, Chaudanne et Pellaud se r\u00e9unissent \u00e0 la maison Fusinaz \u00e0 [&hellip;]","og_url":"https:\/\/lesrefuges.it\/fr\/centrale-hydroelectrique-du-le\/","og_site_name":"Benvenuti nel mondo dei Les Refuges","article_publisher":"https:\/\/www.facebook.com\/Lesrefuges","article_modified_time":"2024-09-23T13:22:55+00:00","og_image":[{"width":640,"height":480,"url":"https:\/\/lesrefuges.it\/wp-content\/uploads\/2024\/04\/PA080011.jpg","type":"image\/jpeg"}],"twitter_card":"summary_large_image","twitter_misc":{"Est. reading time":"1 minute"},"schema":{"@context":"https:\/\/schema.org","@graph":[{"@type":"WebPage","@id":"https:\/\/lesrefuges.it\/fr\/centrale-hydroelectrique-du-le\/","url":"https:\/\/lesrefuges.it\/fr\/centrale-hydroelectrique-du-le\/","name":"Centrale hydro\u00e9lectrique du L\u00e9 - Benvenuti nel mondo dei Les Refuges","isPartOf":{"@id":"https:\/\/lesrefuges.it\/#website"},"primaryImageOfPage":{"@id":"https:\/\/lesrefuges.it\/fr\/centrale-hydroelectrique-du-le\/#primaryimage"},"image":{"@id":"https:\/\/lesrefuges.it\/fr\/centrale-hydroelectrique-du-le\/#primaryimage"},"thumbnailUrl":"https:\/\/lesrefuges.it\/wp-content\/uploads\/2024\/04\/PA080011.jpg","datePublished":"2024-09-23T11:20:48+00:00","dateModified":"2024-09-23T13:22:55+00:00","breadcrumb":{"@id":"https:\/\/lesrefuges.it\/fr\/centrale-hydroelectrique-du-le\/#breadcrumb"},"inLanguage":"fr-FR","potentialAction":[{"@type":"ReadAction","target":["https:\/\/lesrefuges.it\/fr\/centrale-hydroelectrique-du-le\/"]}]},{"@type":"ImageObject","inLanguage":"fr-FR","@id":"https:\/\/lesrefuges.it\/fr\/centrale-hydroelectrique-du-le\/#primaryimage","url":"https:\/\/lesrefuges.it\/wp-content\/uploads\/2024\/04\/PA080011.jpg","contentUrl":"https:\/\/lesrefuges.it\/wp-content\/uploads\/2024\/04\/PA080011.jpg","width":640,"height":480,"caption":"OLYMPUS DIGITAL CAMERA"},{"@type":"BreadcrumbList","@id":"https:\/\/lesrefuges.it\/fr\/centrale-hydroelectrique-du-le\/#breadcrumb","itemListElement":[{"@type":"ListItem","position":1,"name":"Home","item":"https:\/\/lesrefuges.it\/"},{"@type":"ListItem","position":2,"name":"Centrale hydro\u00e9lectrique du L\u00e9"}]},{"@type":"WebSite","@id":"https:\/\/lesrefuges.it\/#website","url":"https:\/\/lesrefuges.it\/","name":"Benvenuti nel mondo dei Les Refuges","description":"Destinazioni eccezionali","publisher":{"@id":"https:\/\/lesrefuges.it\/#organization"},"potentialAction":[{"@type":"SearchAction","target":{"@type":"EntryPoint","urlTemplate":"https:\/\/lesrefuges.it\/?s={search_term_string}"},"query-input":{"@type":"PropertyValueSpecification","valueRequired":true,"valueName":"search_term_string"}}],"inLanguage":"fr-FR"},{"@type":"Organization","@id":"https:\/\/lesrefuges.it\/#organization","name":"Les Refuges","url":"https:\/\/lesrefuges.it\/","logo":{"@type":"ImageObject","inLanguage":"fr-FR","@id":"https:\/\/lesrefuges.it\/#\/schema\/logo\/image\/","url":"https:\/\/lesrefuges.it\/wp-content\/uploads\/2023\/10\/rhemes-appartamenti-camere.png","contentUrl":"https:\/\/lesrefuges.it\/wp-content\/uploads\/2023\/10\/rhemes-appartamenti-camere.png","width":150,"height":107,"caption":"Les Refuges"},"image":{"@id":"https:\/\/lesrefuges.it\/#\/schema\/logo\/image\/"},"sameAs":["https:\/\/www.facebook.com\/Lesrefuges"]}]}},"_links":{"self":[{"href":"https:\/\/lesrefuges.it\/fr\/wp-json\/wp\/v2\/pages\/23630","targetHints":{"allow":["GET"]}}],"collection":[{"href":"https:\/\/lesrefuges.it\/fr\/wp-json\/wp\/v2\/pages"}],"about":[{"href":"https:\/\/lesrefuges.it\/fr\/wp-json\/wp\/v2\/types\/page"}],"author":[{"embeddable":true,"href":"https:\/\/lesrefuges.it\/fr\/wp-json\/wp\/v2\/users\/3"}],"replies":[{"embeddable":true,"href":"https:\/\/lesrefuges.it\/fr\/wp-json\/wp\/v2\/comments?post=23630"}],"version-history":[{"count":1,"href":"https:\/\/lesrefuges.it\/fr\/wp-json\/wp\/v2\/pages\/23630\/revisions"}],"predecessor-version":[{"id":23631,"href":"https:\/\/lesrefuges.it\/fr\/wp-json\/wp\/v2\/pages\/23630\/revisions\/23631"}],"wp:featuredmedia":[{"embeddable":true,"href":"https:\/\/lesrefuges.it\/fr\/wp-json\/wp\/v2\/media\/17262"}],"wp:attachment":[{"href":"https:\/\/lesrefuges.it\/fr\/wp-json\/wp\/v2\/media?parent=23630"}],"curies":[{"name":"wp","href":"https:\/\/api.w.org\/{rel}","templated":true}]}}