{"id":23436,"date":"2024-09-12T19:10:33","date_gmt":"2024-09-12T17:10:33","guid":{"rendered":"https:\/\/lesrefuges.it\/lame-des-lieux\/"},"modified":"2024-09-12T20:21:11","modified_gmt":"2024-09-12T18:21:11","slug":"lame-des-lieux","status":"publish","type":"page","link":"https:\/\/lesrefuges.it\/fr\/lame-des-lieux\/","title":{"rendered":"L&#8217;\u00c2ME DES LIEUX"},"content":{"rendered":"\t\t<div data-elementor-type=\"wp-page\" data-elementor-id=\"23436\" class=\"elementor elementor-23436 elementor-23425\">\n\t\t\t\t\t\t<section class=\"elementor-section elementor-top-section elementor-element elementor-element-6b6fa794 elementor-section-stretched elementor-section-content-middle elementor-section-full_width elementor-section-height-default elementor-section-height-default\" data-id=\"6b6fa794\" data-element_type=\"section\" data-e-type=\"section\" data-settings=\"{&quot;stretch_section&quot;:&quot;section-stretched&quot;,&quot;background_background&quot;:&quot;classic&quot;,&quot;animation&quot;:&quot;none&quot;}\">\n\t\t\t\t\t\t\t<div class=\"elementor-background-overlay\"><\/div>\n\t\t\t\t\t\t\t<div class=\"elementor-container elementor-column-gap-default\">\n\t\t\t\t\t<div class=\"elementor-column elementor-col-100 elementor-top-column elementor-element elementor-element-4e4eb37\" data-id=\"4e4eb37\" data-element_type=\"column\" data-e-type=\"column\">\n\t\t\t<div class=\"elementor-widget-wrap elementor-element-populated\">\n\t\t\t\t\t\t<div class=\"elementor-element elementor-element-c858e4e elementor-widget elementor-widget-spacer\" data-id=\"c858e4e\" data-element_type=\"widget\" data-e-type=\"widget\" data-widget_type=\"spacer.default\">\n\t\t\t\t<div class=\"elementor-widget-container\">\n\t\t\t\t\t\t\t<div class=\"elementor-spacer\">\n\t\t\t<div class=\"elementor-spacer-inner\"><\/div>\n\t\t<\/div>\n\t\t\t\t\t\t<\/div>\n\t\t\t\t<\/div>\n\t\t\t\t<div class=\"elementor-element elementor-element-19d9fd0 elementor-widget elementor-widget-spacer\" data-id=\"19d9fd0\" data-element_type=\"widget\" data-e-type=\"widget\" data-widget_type=\"spacer.default\">\n\t\t\t\t<div class=\"elementor-widget-container\">\n\t\t\t\t\t\t\t<div class=\"elementor-spacer\">\n\t\t\t<div class=\"elementor-spacer-inner\"><\/div>\n\t\t<\/div>\n\t\t\t\t\t\t<\/div>\n\t\t\t\t<\/div>\n\t\t\t\t<div class=\"elementor-element elementor-element-817a210 elementor-widget elementor-widget-qi_addons_for_elementor_animated_text\" data-id=\"817a210\" data-element_type=\"widget\" data-e-type=\"widget\" data-widget_type=\"qi_addons_for_elementor_animated_text.default\">\n\t\t\t\t<div class=\"elementor-widget-container\">\n\t\t\t\t\t<div class=\"qodef-shortcode qodef-m qodef-qi-animated-text qodef--animated-by-word qodef--alignment-center qodef-qi--has-appear qodef--appear-from-right\" >\n\t\t<h1 class=\"qodef-m-title\">\n\t\t<span class=\"qodef-e-word\">Les<\/span> <span class=\"qodef-e-word\">Combes<\/span> <span class=\"qodef-e-word\">d'Introd<\/span> <span class=\"qodef-e-word\">et<\/span> <span class=\"qodef-e-word\">l'\u00c2me<\/span> <span class=\"qodef-e-word\">des<\/span> <span class=\"qodef-e-word\">Lieux<\/span>\t<\/h1>\n<\/div>\n\t\t\t\t<\/div>\n\t\t\t\t<\/div>\n\t\t\t\t<div class=\"elementor-element elementor-element-7212ae31 elementor-widget elementor-widget-heading\" data-id=\"7212ae31\" data-element_type=\"widget\" data-e-type=\"widget\" data-widget_type=\"heading.default\">\n\t\t\t\t<div class=\"elementor-widget-container\">\n\t\t\t\t\t<p class=\"elementor-heading-title elementor-size-default\">Le parcours de l'<b>Anima dei Luoghi<\/b> est un itin\u00e9raire qui vous m\u00e8nera \u00e0 la d\u00e9couverte du village de Les Combes d'Introd et des merveilleuses \u0153uvres de Franco Chevrere, artiste de ces montagnes de la Haute Vall\u00e9e de la Vall\u00e9e d'Aoste.<br><br> Le sentier vous permettra de parcourir un itin\u00e9raire \u00e0 travers les lieux que Chevrere a souvent choisis pour leur connexion, r\u00e9currence ou lien avec le pass\u00e9 des habitants du village de Les Combes.<br><br> Chevrere a v\u00e9cu \u00e0 Les Combes et vous pourrez encore le croiser dans ses ruelles ou simplement assis en train de lire un livre ou d'\u00e9couter de la musique classique, qui est souvent sa source d'inspiration. <br><br>\n\n \n\n<\/p>\t\t\t\t<\/div>\n\t\t\t\t<\/div>\n\t\t\t\t<div class=\"elementor-element elementor-element-9751315 elementor-align-center elementor-widget elementor-widget-button\" data-id=\"9751315\" data-element_type=\"widget\" data-e-type=\"widget\" data-widget_type=\"button.default\">\n\t\t\t\t<div class=\"elementor-widget-container\">\n\t\t\t\t\t\t\t\t\t<div class=\"elementor-button-wrapper\">\n\t\t\t\t\t<a class=\"elementor-button elementor-button-link elementor-size-sm\" href=\"https:\/\/lanima-dei-luoghi.webnode.it\/\">\n\t\t\t\t\t\t<span class=\"elementor-button-content-wrapper\">\n\t\t\t\t\t\t\t\t\t<span class=\"elementor-button-text\">CLIQUEZ ET D\u00c9COUVREZ LES COMBES ET L'\u00c2ME DES LIEUX<\/span>\n\t\t\t\t\t<\/span>\n\t\t\t\t\t<\/a>\n\t\t\t\t<\/div>\n\t\t\t\t\t\t\t\t<\/div>\n\t\t\t\t<\/div>\n\t\t\t\t<div class=\"elementor-element elementor-element-07fac6f elementor-widget elementor-widget-spacer\" data-id=\"07fac6f\" data-element_type=\"widget\" data-e-type=\"widget\" data-widget_type=\"spacer.default\">\n\t\t\t\t<div class=\"elementor-widget-container\">\n\t\t\t\t\t\t\t<div class=\"elementor-spacer\">\n\t\t\t<div class=\"elementor-spacer-inner\"><\/div>\n\t\t<\/div>\n\t\t\t\t\t\t<\/div>\n\t\t\t\t<\/div>\n\t\t\t\t<div class=\"elementor-element elementor-element-789f1bd elementor-widget elementor-widget-spacer\" data-id=\"789f1bd\" data-element_type=\"widget\" data-e-type=\"widget\" data-widget_type=\"spacer.default\">\n\t\t\t\t<div class=\"elementor-widget-container\">\n\t\t\t\t\t\t\t<div class=\"elementor-spacer\">\n\t\t\t<div class=\"elementor-spacer-inner\"><\/div>\n\t\t<\/div>\n\t\t\t\t\t\t<\/div>\n\t\t\t\t<\/div>\n\t\t\t\t<div class=\"elementor-element elementor-element-339064f elementor-widget elementor-widget-spacer\" data-id=\"339064f\" data-element_type=\"widget\" data-e-type=\"widget\" data-widget_type=\"spacer.default\">\n\t\t\t\t<div class=\"elementor-widget-container\">\n\t\t\t\t\t\t\t<div class=\"elementor-spacer\">\n\t\t\t<div class=\"elementor-spacer-inner\"><\/div>\n\t\t<\/div>\n\t\t\t\t\t\t<\/div>\n\t\t\t\t<\/div>\n\t\t\t\t\t<\/div>\n\t\t<\/div>\n\t\t\t\t\t<\/div>\n\t\t<\/section>\n\t\t\t\t<\/div>\n\t\t","protected":false},"excerpt":{"rendered":"<p>Les Combes d&#8217;Introd et l&#8217;\u00c2me des Lieux Le parcours de l&#8217;Anima dei Luoghi est un itin\u00e9raire qui vous m\u00e8nera \u00e0 la d\u00e9couverte du village de Les Combes d&#8217;Introd et des merveilleuses \u0153uvres de Franco Chevrere, artiste de ces montagnes de la Haute Vall\u00e9e de la Vall\u00e9e d&#8217;Aoste. Le sentier vous permettra de parcourir un itin\u00e9raire [&hellip;]<\/p>\n","protected":false},"author":3,"featured_media":23418,"parent":0,"menu_order":0,"comment_status":"closed","ping_status":"closed","template":"","meta":{"footnotes":""},"class_list":["post-23436","page","type-page","status-publish","has-post-thumbnail","hentry"],"yoast_head":"<!-- This site is optimized with the Yoast SEO plugin v27.5 - https:\/\/yoast.com\/product\/yoast-seo-wordpress\/ -->\n<title>L&#039;\u00c2ME DES LIEUX - Benvenuti nel mondo dei Les Refuges<\/title>\n<meta name=\"description\" content=\"Le parcours de l&#039;Anima dei Luoghi est un itin\u00e9raire qui vous emm\u00e8nera \u00e0 la d\u00e9couverte des merveilleuses \u0153uvres de Franco Chevrere, artiste de ces montagnes de la Haute Vall\u00e9e de la Vall\u00e9e d&#039;Aoste. Le sentier vous permettra de parcourir un trac\u00e9 \u00e0 travers les lieux que Chevrere a souvent choisis pour leur connexion, r\u00e9currence ou lien avec le pass\u00e9 des habitants du village de Les Combes.\" \/>\n<meta name=\"robots\" content=\"index, follow, max-snippet:-1, max-image-preview:large, max-video-preview:-1\" \/>\n<link rel=\"canonical\" href=\"https:\/\/lesrefuges.it\/lanima-dei-luoghi-opere-darte-di-franco-chevrere\/\" \/>\n<meta property=\"og:locale\" content=\"fr_FR\" \/>\n<meta property=\"og:type\" content=\"article\" \/>\n<meta property=\"og:title\" content=\"L&#039;\u00c2ME DES LIEUX - Benvenuti nel mondo dei Les Refuges\" \/>\n<meta property=\"og:description\" content=\"Le parcours de l&#039;Anima dei Luoghi est un itin\u00e9raire qui vous emm\u00e8nera \u00e0 la d\u00e9couverte des merveilleuses \u0153uvres de Franco Chevrere, artiste de ces montagnes de la Haute Vall\u00e9e de la Vall\u00e9e d&#039;Aoste. Le sentier vous permettra de parcourir un trac\u00e9 \u00e0 travers les lieux que Chevrere a souvent choisis pour leur connexion, r\u00e9currence ou lien avec le pass\u00e9 des habitants du village de Les Combes.\" \/>\n<meta property=\"og:url\" content=\"https:\/\/lesrefuges.it\/lanima-dei-luoghi-opere-darte-di-franco-chevrere\/\" \/>\n<meta property=\"og:site_name\" content=\"Benvenuti nel mondo dei Les Refuges\" \/>\n<meta property=\"article:publisher\" content=\"https:\/\/www.facebook.com\/Lesrefuges\" \/>\n<meta property=\"article:modified_time\" content=\"2024-09-12T18:21:11+00:00\" \/>\n<meta property=\"og:image\" content=\"https:\/\/lesrefuges.it\/wp-content\/uploads\/2024\/09\/9A4D92C7-71CE-41C5-AC21-9B7A8C84F834_1_105_c.jpeg\" \/>\n\t<meta property=\"og:image:width\" content=\"1024\" \/>\n\t<meta property=\"og:image:height\" content=\"767\" \/>\n\t<meta property=\"og:image:type\" content=\"image\/jpeg\" \/>\n<meta name=\"twitter:card\" content=\"summary_large_image\" \/>\n<meta name=\"twitter:label1\" content=\"Est. reading time\" \/>\n\t<meta name=\"twitter:data1\" content=\"1 minute\" \/>\n<script type=\"application\/ld+json\" class=\"yoast-schema-graph\">{\"@context\":\"https:\\\/\\\/schema.org\",\"@graph\":[{\"@type\":\"WebPage\",\"@id\":\"https:\\\/\\\/lesrefuges.it\\\/lanima-dei-luoghi-opere-darte-di-franco-chevrere\\\/\",\"url\":\"https:\\\/\\\/lesrefuges.it\\\/lanima-dei-luoghi-opere-darte-di-franco-chevrere\\\/\",\"name\":\"L'\u00c2ME DES LIEUX - Benvenuti nel mondo dei Les Refuges\",\"isPartOf\":{\"@id\":\"https:\\\/\\\/lesrefuges.it\\\/#website\"},\"primaryImageOfPage\":{\"@id\":\"https:\\\/\\\/lesrefuges.it\\\/lanima-dei-luoghi-opere-darte-di-franco-chevrere\\\/#primaryimage\"},\"image\":{\"@id\":\"https:\\\/\\\/lesrefuges.it\\\/lanima-dei-luoghi-opere-darte-di-franco-chevrere\\\/#primaryimage\"},\"thumbnailUrl\":\"https:\\\/\\\/lesrefuges.it\\\/wp-content\\\/uploads\\\/2024\\\/09\\\/9A4D92C7-71CE-41C5-AC21-9B7A8C84F834_1_105_c.jpeg\",\"datePublished\":\"2024-09-12T17:10:33+00:00\",\"dateModified\":\"2024-09-12T18:21:11+00:00\",\"description\":\"Le parcours de l'Anima dei Luoghi est un itin\u00e9raire qui vous emm\u00e8nera \u00e0 la d\u00e9couverte des merveilleuses \u0153uvres de Franco Chevrere, artiste de ces montagnes de la Haute Vall\u00e9e de la Vall\u00e9e d'Aoste. Le sentier vous permettra de parcourir un trac\u00e9 \u00e0 travers les lieux que Chevrere a souvent choisis pour leur connexion, r\u00e9currence ou lien avec le pass\u00e9 des habitants du village de Les Combes.\",\"breadcrumb\":{\"@id\":\"https:\\\/\\\/lesrefuges.it\\\/lanima-dei-luoghi-opere-darte-di-franco-chevrere\\\/#breadcrumb\"},\"inLanguage\":\"fr-FR\",\"potentialAction\":[{\"@type\":\"ReadAction\",\"target\":[\"https:\\\/\\\/lesrefuges.it\\\/lanima-dei-luoghi-opere-darte-di-franco-chevrere\\\/\"]}]},{\"@type\":\"ImageObject\",\"inLanguage\":\"fr-FR\",\"@id\":\"https:\\\/\\\/lesrefuges.it\\\/lanima-dei-luoghi-opere-darte-di-franco-chevrere\\\/#primaryimage\",\"url\":\"https:\\\/\\\/lesrefuges.it\\\/wp-content\\\/uploads\\\/2024\\\/09\\\/9A4D92C7-71CE-41C5-AC21-9B7A8C84F834_1_105_c.jpeg\",\"contentUrl\":\"https:\\\/\\\/lesrefuges.it\\\/wp-content\\\/uploads\\\/2024\\\/09\\\/9A4D92C7-71CE-41C5-AC21-9B7A8C84F834_1_105_c.jpeg\",\"width\":1024,\"height\":767},{\"@type\":\"BreadcrumbList\",\"@id\":\"https:\\\/\\\/lesrefuges.it\\\/lanima-dei-luoghi-opere-darte-di-franco-chevrere\\\/#breadcrumb\",\"itemListElement\":[{\"@type\":\"ListItem\",\"position\":1,\"name\":\"Home\",\"item\":\"https:\\\/\\\/lesrefuges.it\\\/\"},{\"@type\":\"ListItem\",\"position\":2,\"name\":\"L&#8217;\u00c2ME DES LIEUX\"}]},{\"@type\":\"WebSite\",\"@id\":\"https:\\\/\\\/lesrefuges.it\\\/#website\",\"url\":\"https:\\\/\\\/lesrefuges.it\\\/\",\"name\":\"Benvenuti nel mondo dei Les Refuges\",\"description\":\"Destinazioni eccezionali\",\"publisher\":{\"@id\":\"https:\\\/\\\/lesrefuges.it\\\/#organization\"},\"potentialAction\":[{\"@type\":\"SearchAction\",\"target\":{\"@type\":\"EntryPoint\",\"urlTemplate\":\"https:\\\/\\\/lesrefuges.it\\\/?s={search_term_string}\"},\"query-input\":{\"@type\":\"PropertyValueSpecification\",\"valueRequired\":true,\"valueName\":\"search_term_string\"}}],\"inLanguage\":\"fr-FR\"},{\"@type\":\"Organization\",\"@id\":\"https:\\\/\\\/lesrefuges.it\\\/#organization\",\"name\":\"Les Refuges\",\"url\":\"https:\\\/\\\/lesrefuges.it\\\/\",\"logo\":{\"@type\":\"ImageObject\",\"inLanguage\":\"fr-FR\",\"@id\":\"https:\\\/\\\/lesrefuges.it\\\/#\\\/schema\\\/logo\\\/image\\\/\",\"url\":\"https:\\\/\\\/lesrefuges.it\\\/wp-content\\\/uploads\\\/2023\\\/10\\\/rhemes-appartamenti-camere.png\",\"contentUrl\":\"https:\\\/\\\/lesrefuges.it\\\/wp-content\\\/uploads\\\/2023\\\/10\\\/rhemes-appartamenti-camere.png\",\"width\":150,\"height\":107,\"caption\":\"Les Refuges\"},\"image\":{\"@id\":\"https:\\\/\\\/lesrefuges.it\\\/#\\\/schema\\\/logo\\\/image\\\/\"},\"sameAs\":[\"https:\\\/\\\/www.facebook.com\\\/Lesrefuges\"]}]}<\/script>\n<!-- \/ Yoast SEO plugin. -->","yoast_head_json":{"title":"L'\u00c2ME DES LIEUX - Benvenuti nel mondo dei Les Refuges","description":"Le parcours de l'Anima dei Luoghi est un itin\u00e9raire qui vous emm\u00e8nera \u00e0 la d\u00e9couverte des merveilleuses \u0153uvres de Franco Chevrere, artiste de ces montagnes de la Haute Vall\u00e9e de la Vall\u00e9e d'Aoste. Le sentier vous permettra de parcourir un trac\u00e9 \u00e0 travers les lieux que Chevrere a souvent choisis pour leur connexion, r\u00e9currence ou lien avec le pass\u00e9 des habitants du village de Les Combes.","robots":{"index":"index","follow":"follow","max-snippet":"max-snippet:-1","max-image-preview":"max-image-preview:large","max-video-preview":"max-video-preview:-1"},"canonical":"https:\/\/lesrefuges.it\/lanima-dei-luoghi-opere-darte-di-franco-chevrere\/","og_locale":"fr_FR","og_type":"article","og_title":"L'\u00c2ME DES LIEUX - Benvenuti nel mondo dei Les Refuges","og_description":"Le parcours de l'Anima dei Luoghi est un itin\u00e9raire qui vous emm\u00e8nera \u00e0 la d\u00e9couverte des merveilleuses \u0153uvres de Franco Chevrere, artiste de ces montagnes de la Haute Vall\u00e9e de la Vall\u00e9e d'Aoste. Le sentier vous permettra de parcourir un trac\u00e9 \u00e0 travers les lieux que Chevrere a souvent choisis pour leur connexion, r\u00e9currence ou lien avec le pass\u00e9 des habitants du village de Les Combes.","og_url":"https:\/\/lesrefuges.it\/lanima-dei-luoghi-opere-darte-di-franco-chevrere\/","og_site_name":"Benvenuti nel mondo dei Les Refuges","article_publisher":"https:\/\/www.facebook.com\/Lesrefuges","article_modified_time":"2024-09-12T18:21:11+00:00","og_image":[{"width":1024,"height":767,"url":"https:\/\/lesrefuges.it\/wp-content\/uploads\/2024\/09\/9A4D92C7-71CE-41C5-AC21-9B7A8C84F834_1_105_c.jpeg","type":"image\/jpeg"}],"twitter_card":"summary_large_image","twitter_misc":{"Est. reading time":"1 minute"},"schema":{"@context":"https:\/\/schema.org","@graph":[{"@type":"WebPage","@id":"https:\/\/lesrefuges.it\/lanima-dei-luoghi-opere-darte-di-franco-chevrere\/","url":"https:\/\/lesrefuges.it\/lanima-dei-luoghi-opere-darte-di-franco-chevrere\/","name":"L'\u00c2ME DES LIEUX - Benvenuti nel mondo dei Les Refuges","isPartOf":{"@id":"https:\/\/lesrefuges.it\/#website"},"primaryImageOfPage":{"@id":"https:\/\/lesrefuges.it\/lanima-dei-luoghi-opere-darte-di-franco-chevrere\/#primaryimage"},"image":{"@id":"https:\/\/lesrefuges.it\/lanima-dei-luoghi-opere-darte-di-franco-chevrere\/#primaryimage"},"thumbnailUrl":"https:\/\/lesrefuges.it\/wp-content\/uploads\/2024\/09\/9A4D92C7-71CE-41C5-AC21-9B7A8C84F834_1_105_c.jpeg","datePublished":"2024-09-12T17:10:33+00:00","dateModified":"2024-09-12T18:21:11+00:00","description":"Le parcours de l'Anima dei Luoghi est un itin\u00e9raire qui vous emm\u00e8nera \u00e0 la d\u00e9couverte des merveilleuses \u0153uvres de Franco Chevrere, artiste de ces montagnes de la Haute Vall\u00e9e de la Vall\u00e9e d'Aoste. Le sentier vous permettra de parcourir un trac\u00e9 \u00e0 travers les lieux que Chevrere a souvent choisis pour leur connexion, r\u00e9currence ou lien avec le pass\u00e9 des habitants du village de Les Combes.","breadcrumb":{"@id":"https:\/\/lesrefuges.it\/lanima-dei-luoghi-opere-darte-di-franco-chevrere\/#breadcrumb"},"inLanguage":"fr-FR","potentialAction":[{"@type":"ReadAction","target":["https:\/\/lesrefuges.it\/lanima-dei-luoghi-opere-darte-di-franco-chevrere\/"]}]},{"@type":"ImageObject","inLanguage":"fr-FR","@id":"https:\/\/lesrefuges.it\/lanima-dei-luoghi-opere-darte-di-franco-chevrere\/#primaryimage","url":"https:\/\/lesrefuges.it\/wp-content\/uploads\/2024\/09\/9A4D92C7-71CE-41C5-AC21-9B7A8C84F834_1_105_c.jpeg","contentUrl":"https:\/\/lesrefuges.it\/wp-content\/uploads\/2024\/09\/9A4D92C7-71CE-41C5-AC21-9B7A8C84F834_1_105_c.jpeg","width":1024,"height":767},{"@type":"BreadcrumbList","@id":"https:\/\/lesrefuges.it\/lanima-dei-luoghi-opere-darte-di-franco-chevrere\/#breadcrumb","itemListElement":[{"@type":"ListItem","position":1,"name":"Home","item":"https:\/\/lesrefuges.it\/"},{"@type":"ListItem","position":2,"name":"L&#8217;\u00c2ME DES LIEUX"}]},{"@type":"WebSite","@id":"https:\/\/lesrefuges.it\/#website","url":"https:\/\/lesrefuges.it\/","name":"Benvenuti nel mondo dei Les Refuges","description":"Destinazioni eccezionali","publisher":{"@id":"https:\/\/lesrefuges.it\/#organization"},"potentialAction":[{"@type":"SearchAction","target":{"@type":"EntryPoint","urlTemplate":"https:\/\/lesrefuges.it\/?s={search_term_string}"},"query-input":{"@type":"PropertyValueSpecification","valueRequired":true,"valueName":"search_term_string"}}],"inLanguage":"fr-FR"},{"@type":"Organization","@id":"https:\/\/lesrefuges.it\/#organization","name":"Les Refuges","url":"https:\/\/lesrefuges.it\/","logo":{"@type":"ImageObject","inLanguage":"fr-FR","@id":"https:\/\/lesrefuges.it\/#\/schema\/logo\/image\/","url":"https:\/\/lesrefuges.it\/wp-content\/uploads\/2023\/10\/rhemes-appartamenti-camere.png","contentUrl":"https:\/\/lesrefuges.it\/wp-content\/uploads\/2023\/10\/rhemes-appartamenti-camere.png","width":150,"height":107,"caption":"Les Refuges"},"image":{"@id":"https:\/\/lesrefuges.it\/#\/schema\/logo\/image\/"},"sameAs":["https:\/\/www.facebook.com\/Lesrefuges"]}]}},"_links":{"self":[{"href":"https:\/\/lesrefuges.it\/fr\/wp-json\/wp\/v2\/pages\/23436","targetHints":{"allow":["GET"]}}],"collection":[{"href":"https:\/\/lesrefuges.it\/fr\/wp-json\/wp\/v2\/pages"}],"about":[{"href":"https:\/\/lesrefuges.it\/fr\/wp-json\/wp\/v2\/types\/page"}],"author":[{"embeddable":true,"href":"https:\/\/lesrefuges.it\/fr\/wp-json\/wp\/v2\/users\/3"}],"replies":[{"embeddable":true,"href":"https:\/\/lesrefuges.it\/fr\/wp-json\/wp\/v2\/comments?post=23436"}],"version-history":[{"count":10,"href":"https:\/\/lesrefuges.it\/fr\/wp-json\/wp\/v2\/pages\/23436\/revisions"}],"predecessor-version":[{"id":23461,"href":"https:\/\/lesrefuges.it\/fr\/wp-json\/wp\/v2\/pages\/23436\/revisions\/23461"}],"wp:featuredmedia":[{"embeddable":true,"href":"https:\/\/lesrefuges.it\/fr\/wp-json\/wp\/v2\/media\/23418"}],"wp:attachment":[{"href":"https:\/\/lesrefuges.it\/fr\/wp-json\/wp\/v2\/media?parent=23436"}],"curies":[{"name":"wp","href":"https:\/\/api.w.org\/{rel}","templated":true}]}}