{"id":22987,"date":"2024-09-02T11:15:32","date_gmt":"2024-09-02T09:15:32","guid":{"rendered":"https:\/\/lesrefuges.it\/home-rhemes-notre-dame-hebergements\/"},"modified":"2024-09-02T12:23:25","modified_gmt":"2024-09-02T10:23:25","slug":"home-rhemes-notre-dame-hebergements","status":"publish","type":"page","link":"https:\/\/lesrefuges.it\/fr\/home-rhemes-notre-dame-hebergements\/","title":{"rendered":"Home Rh\u00eames Notre Dame H\u00e9bergements"},"content":{"rendered":"\t\t<div data-elementor-type=\"wp-page\" data-elementor-id=\"22987\" class=\"elementor elementor-22987 elementor-22979\">\n\t\t\t\t\t\t<section class=\"elementor-section elementor-top-section elementor-element elementor-element-82bf324 elementor-section-stretched elementor-section-full_width elementor-section-content-bottom elementor-section-height-default elementor-section-height-default\" data-id=\"82bf324\" data-element_type=\"section\" data-e-type=\"section\" data-settings=\"{&quot;stretch_section&quot;:&quot;section-stretched&quot;,&quot;background_background&quot;:&quot;classic&quot;}\">\n\t\t\t\t\t\t\t<div class=\"elementor-background-overlay\"><\/div>\n\t\t\t\t\t\t\t<div class=\"elementor-container elementor-column-gap-default\">\n\t\t\t\t\t<div class=\"elementor-column elementor-col-33 elementor-top-column elementor-element elementor-element-926435d\" data-id=\"926435d\" data-element_type=\"column\" data-e-type=\"column\" data-settings=\"{&quot;background_background&quot;:&quot;classic&quot;}\">\n\t\t\t<div class=\"elementor-widget-wrap elementor-element-populated\">\n\t\t\t\t\t<div class=\"elementor-background-overlay\"><\/div>\n\t\t\t\t\t\t<div class=\"elementor-element elementor-element-96d1059 elementor-widget elementor-widget-spacer\" data-id=\"96d1059\" data-element_type=\"widget\" data-e-type=\"widget\" data-widget_type=\"spacer.default\">\n\t\t\t\t<div class=\"elementor-widget-container\">\n\t\t\t\t\t\t\t<div class=\"elementor-spacer\">\n\t\t\t<div class=\"elementor-spacer-inner\"><\/div>\n\t\t<\/div>\n\t\t\t\t\t\t<\/div>\n\t\t\t\t<\/div>\n\t\t\t\t<div class=\"elementor-element elementor-element-50af13b elementor-widget__width-inherit elementor-widget elementor-widget-image\" data-id=\"50af13b\" data-element_type=\"widget\" data-e-type=\"widget\" data-widget_type=\"image.default\">\n\t\t\t\t<div class=\"elementor-widget-container\">\n\t\t\t\t\t\t\t\t\t\t\t\t<figure class=\"wp-caption\">\n\t\t\t\t\t\t\t\t\t\t\t<a href=\"https:\/\/lesrefuges.it\/fr\/le-refuge-de-fond-dortoir-alpin\/\">\n\t\t\t\t\t\t\t<img decoding=\"async\" width=\"300\" height=\"80\" src=\"https:\/\/lesrefuges.it\/wp-content\/uploads\/2024\/01\/746B6D2D-E6E0-438B-B826-55DEC1B7CC5B_4_5005_c-2-300x80.jpeg\" class=\"attachment-medium size-medium wp-image-10686\" alt=\"\" srcset=\"https:\/\/lesrefuges.it\/wp-content\/uploads\/2024\/01\/746B6D2D-E6E0-438B-B826-55DEC1B7CC5B_4_5005_c-2-300x80.jpeg 300w, https:\/\/lesrefuges.it\/wp-content\/uploads\/2024\/01\/746B6D2D-E6E0-438B-B826-55DEC1B7CC5B_4_5005_c-2-768x205.jpeg 768w, https:\/\/lesrefuges.it\/wp-content\/uploads\/2024\/01\/746B6D2D-E6E0-438B-B826-55DEC1B7CC5B_4_5005_c-2.jpeg 804w\" sizes=\"(max-width: 300px) 100vw, 300px\" \/>\t\t\t\t\t\t\t\t<\/a>\n\t\t\t\t\t\t\t\t\t\t\t<figcaption class=\"widget-image-caption wp-caption-text\">CLIQUEZ POUR LE DORTOIR ALPIN<\/figcaption>\n\t\t\t\t\t\t\t\t\t\t<\/figure>\n\t\t\t\t\t\t\t\t\t<\/div>\n\t\t\t\t<\/div>\n\t\t\t\t\t<\/div>\n\t\t<\/div>\n\t\t\t\t<div class=\"elementor-column elementor-col-33 elementor-top-column elementor-element elementor-element-2116e1b\" data-id=\"2116e1b\" data-element_type=\"column\" data-e-type=\"column\" data-settings=\"{&quot;background_background&quot;:&quot;classic&quot;}\">\n\t\t\t<div class=\"elementor-widget-wrap elementor-element-populated\">\n\t\t\t\t\t<div class=\"elementor-background-overlay\"><\/div>\n\t\t\t\t\t\t<div class=\"elementor-element elementor-element-b90cba4 elementor-widget elementor-widget-spacer\" data-id=\"b90cba4\" data-element_type=\"widget\" data-e-type=\"widget\" data-widget_type=\"spacer.default\">\n\t\t\t\t<div class=\"elementor-widget-container\">\n\t\t\t\t\t\t\t<div class=\"elementor-spacer\">\n\t\t\t<div class=\"elementor-spacer-inner\"><\/div>\n\t\t<\/div>\n\t\t\t\t\t\t<\/div>\n\t\t\t\t<\/div>\n\t\t\t\t<div class=\"elementor-element elementor-element-bee9acd elementor-widget__width-inherit elementor-widget elementor-widget-image\" data-id=\"bee9acd\" data-element_type=\"widget\" data-e-type=\"widget\" data-widget_type=\"image.default\">\n\t\t\t\t<div class=\"elementor-widget-container\">\n\t\t\t\t\t\t\t\t\t\t\t\t<figure class=\"wp-caption\">\n\t\t\t\t\t\t\t\t\t\t\t<a href=\"https:\/\/lesrefuges.it\/fr\/home-rhemes-notre-dame-appartements\/\">\n\t\t\t\t\t\t\t<img fetchpriority=\"high\" decoding=\"async\" width=\"300\" height=\"239\" src=\"https:\/\/lesrefuges.it\/wp-content\/uploads\/2024\/08\/D06F1F03-1F1E-4958-85F5-13C4DB61A189-300x239.jpeg\" class=\"attachment-medium size-medium wp-image-19930\" alt=\"\" srcset=\"https:\/\/lesrefuges.it\/wp-content\/uploads\/2024\/08\/D06F1F03-1F1E-4958-85F5-13C4DB61A189-300x239.jpeg 300w, https:\/\/lesrefuges.it\/wp-content\/uploads\/2024\/08\/D06F1F03-1F1E-4958-85F5-13C4DB61A189.jpeg 659w\" sizes=\"(max-width: 300px) 100vw, 300px\" \/>\t\t\t\t\t\t\t\t<\/a>\n\t\t\t\t\t\t\t\t\t\t\t<figcaption class=\"widget-image-caption wp-caption-text\">CLIQUEZ POUR LES APPARTEMENTS<\/figcaption>\n\t\t\t\t\t\t\t\t\t\t<\/figure>\n\t\t\t\t\t\t\t\t\t<\/div>\n\t\t\t\t<\/div>\n\t\t\t\t\t<\/div>\n\t\t<\/div>\n\t\t\t\t<div class=\"elementor-column elementor-col-33 elementor-top-column elementor-element elementor-element-b169dc5\" data-id=\"b169dc5\" data-element_type=\"column\" data-e-type=\"column\" data-settings=\"{&quot;background_background&quot;:&quot;classic&quot;}\">\n\t\t\t<div class=\"elementor-widget-wrap elementor-element-populated\">\n\t\t\t\t\t<div class=\"elementor-background-overlay\"><\/div>\n\t\t\t\t\t\t<div class=\"elementor-element elementor-element-43b4f88 elementor-widget elementor-widget-spacer\" data-id=\"43b4f88\" data-element_type=\"widget\" data-e-type=\"widget\" data-widget_type=\"spacer.default\">\n\t\t\t\t<div class=\"elementor-widget-container\">\n\t\t\t\t\t\t\t<div class=\"elementor-spacer\">\n\t\t\t<div class=\"elementor-spacer-inner\"><\/div>\n\t\t<\/div>\n\t\t\t\t\t\t<\/div>\n\t\t\t\t<\/div>\n\t\t\t\t<div class=\"elementor-element elementor-element-5a78405 elementor-widget__width-inherit elementor-widget elementor-widget-image\" data-id=\"5a78405\" data-element_type=\"widget\" data-e-type=\"widget\" data-widget_type=\"image.default\">\n\t\t\t\t<div class=\"elementor-widget-container\">\n\t\t\t\t\t\t\t\t\t\t\t\t<figure class=\"wp-caption\">\n\t\t\t\t\t\t\t\t\t\t\t<a href=\"https:\/\/lesrefuges.it\/fr\/la-reverie-de-thumel-suite\/\">\n\t\t\t\t\t\t\t<img decoding=\"async\" width=\"300\" height=\"173\" src=\"https:\/\/lesrefuges.it\/wp-content\/uploads\/2024\/08\/FC208F13-E44A-4534-B4FE-867A6CA18435_4_5005_c-300x173.jpeg\" class=\"attachment-medium size-medium wp-image-19933\" alt=\"\" srcset=\"https:\/\/lesrefuges.it\/wp-content\/uploads\/2024\/08\/FC208F13-E44A-4534-B4FE-867A6CA18435_4_5005_c-300x173.jpeg 300w, https:\/\/lesrefuges.it\/wp-content\/uploads\/2024\/08\/FC208F13-E44A-4534-B4FE-867A6CA18435_4_5005_c.jpeg 524w\" sizes=\"(max-width: 300px) 100vw, 300px\" \/>\t\t\t\t\t\t\t\t<\/a>\n\t\t\t\t\t\t\t\t\t\t\t<figcaption class=\"widget-image-caption wp-caption-text\">CLIQUEZ POUR LES CHAMBRES<\/figcaption>\n\t\t\t\t\t\t\t\t\t\t<\/figure>\n\t\t\t\t\t\t\t\t\t<\/div>\n\t\t\t\t<\/div>\n\t\t\t\t\t<\/div>\n\t\t<\/div>\n\t\t\t\t\t<\/div>\n\t\t<\/section>\n\t\t\t\t<\/div>\n\t\t","protected":false},"excerpt":{"rendered":"<p>CLIQUEZ POUR LE DORTOIR ALPIN CLIQUEZ POUR LES APPARTEMENTS CLIQUEZ POUR LES CHAMBRES<\/p>\n","protected":false},"author":3,"featured_media":0,"parent":0,"menu_order":0,"comment_status":"closed","ping_status":"closed","template":"","meta":{"footnotes":""},"class_list":["post-22987","page","type-page","status-publish","hentry"],"yoast_head":"<!-- This site is optimized with the Yoast SEO plugin v27.5 - https:\/\/yoast.com\/product\/yoast-seo-wordpress\/ -->\n<title>Home Rh\u00eames Notre Dame H\u00e9bergements - Benvenuti nel mondo dei Les Refuges<\/title>\n<meta name=\"description\" content=\"Les Refuges, destinations d&#039;exception en Vall\u00e9e d&#039;Aoste : chambres, appartements, restaurants, refuges, chalets, transports en motoneige\" \/>\n<meta name=\"robots\" content=\"index, follow, max-snippet:-1, max-image-preview:large, max-video-preview:-1\" \/>\n<link rel=\"canonical\" href=\"https:\/\/lesrefuges.it\/fr\/home-rhemes-notre-dame-hebergements\/\" \/>\n<meta property=\"og:locale\" content=\"fr_FR\" \/>\n<meta property=\"og:type\" content=\"article\" \/>\n<meta property=\"og:title\" content=\"Home Rh\u00eames Notre Dame H\u00e9bergements - Benvenuti nel mondo dei Les Refuges\" \/>\n<meta property=\"og:description\" content=\"Les Refuges, destinations d&#039;exception en Vall\u00e9e d&#039;Aoste : chambres, appartements, restaurants, refuges, chalets, transports en motoneige\" \/>\n<meta property=\"og:url\" content=\"https:\/\/lesrefuges.it\/fr\/home-rhemes-notre-dame-hebergements\/\" \/>\n<meta property=\"og:site_name\" content=\"Benvenuti nel mondo dei Les Refuges\" \/>\n<meta property=\"article:publisher\" content=\"https:\/\/www.facebook.com\/Lesrefuges\" \/>\n<meta property=\"article:modified_time\" content=\"2024-09-02T10:23:25+00:00\" \/>\n<meta property=\"og:image\" content=\"https:\/\/lesrefuges.it\/wp-content\/uploads\/2024\/01\/746B6D2D-E6E0-438B-B826-55DEC1B7CC5B_4_5005_c-2-300x80.jpeg\" \/>\n<meta name=\"twitter:card\" content=\"summary_large_image\" \/>\n<script type=\"application\/ld+json\" class=\"yoast-schema-graph\">{\"@context\":\"https:\\\/\\\/schema.org\",\"@graph\":[{\"@type\":\"WebPage\",\"@id\":\"https:\\\/\\\/lesrefuges.it\\\/fr\\\/home-rhemes-notre-dame-hebergements\\\/\",\"url\":\"https:\\\/\\\/lesrefuges.it\\\/fr\\\/home-rhemes-notre-dame-hebergements\\\/\",\"name\":\"Home Rh\u00eames Notre Dame H\u00e9bergements - Benvenuti nel mondo dei Les Refuges\",\"isPartOf\":{\"@id\":\"https:\\\/\\\/lesrefuges.it\\\/#website\"},\"primaryImageOfPage\":{\"@id\":\"https:\\\/\\\/lesrefuges.it\\\/fr\\\/home-rhemes-notre-dame-hebergements\\\/#primaryimage\"},\"image\":{\"@id\":\"https:\\\/\\\/lesrefuges.it\\\/fr\\\/home-rhemes-notre-dame-hebergements\\\/#primaryimage\"},\"thumbnailUrl\":\"https:\\\/\\\/lesrefuges.it\\\/wp-content\\\/uploads\\\/2024\\\/01\\\/746B6D2D-E6E0-438B-B826-55DEC1B7CC5B_4_5005_c-2-300x80.jpeg\",\"datePublished\":\"2024-09-02T09:15:32+00:00\",\"dateModified\":\"2024-09-02T10:23:25+00:00\",\"description\":\"Les Refuges, destinations d'exception en Vall\u00e9e d'Aoste : chambres, appartements, restaurants, refuges, chalets, transports en motoneige\",\"breadcrumb\":{\"@id\":\"https:\\\/\\\/lesrefuges.it\\\/fr\\\/home-rhemes-notre-dame-hebergements\\\/#breadcrumb\"},\"inLanguage\":\"fr-FR\",\"potentialAction\":[{\"@type\":\"ReadAction\",\"target\":[\"https:\\\/\\\/lesrefuges.it\\\/fr\\\/home-rhemes-notre-dame-hebergements\\\/\"]}]},{\"@type\":\"ImageObject\",\"inLanguage\":\"fr-FR\",\"@id\":\"https:\\\/\\\/lesrefuges.it\\\/fr\\\/home-rhemes-notre-dame-hebergements\\\/#primaryimage\",\"url\":\"https:\\\/\\\/lesrefuges.it\\\/wp-content\\\/uploads\\\/2024\\\/01\\\/746B6D2D-E6E0-438B-B826-55DEC1B7CC5B_4_5005_c-2-300x80.jpeg\",\"contentUrl\":\"https:\\\/\\\/lesrefuges.it\\\/wp-content\\\/uploads\\\/2024\\\/01\\\/746B6D2D-E6E0-438B-B826-55DEC1B7CC5B_4_5005_c-2-300x80.jpeg\"},{\"@type\":\"BreadcrumbList\",\"@id\":\"https:\\\/\\\/lesrefuges.it\\\/fr\\\/home-rhemes-notre-dame-hebergements\\\/#breadcrumb\",\"itemListElement\":[{\"@type\":\"ListItem\",\"position\":1,\"name\":\"Home\",\"item\":\"https:\\\/\\\/lesrefuges.it\\\/\"},{\"@type\":\"ListItem\",\"position\":2,\"name\":\"Home Rh\u00eames Notre Dame H\u00e9bergements\"}]},{\"@type\":\"WebSite\",\"@id\":\"https:\\\/\\\/lesrefuges.it\\\/#website\",\"url\":\"https:\\\/\\\/lesrefuges.it\\\/\",\"name\":\"Benvenuti nel mondo dei Les Refuges\",\"description\":\"Destinazioni eccezionali\",\"publisher\":{\"@id\":\"https:\\\/\\\/lesrefuges.it\\\/#organization\"},\"potentialAction\":[{\"@type\":\"SearchAction\",\"target\":{\"@type\":\"EntryPoint\",\"urlTemplate\":\"https:\\\/\\\/lesrefuges.it\\\/?s={search_term_string}\"},\"query-input\":{\"@type\":\"PropertyValueSpecification\",\"valueRequired\":true,\"valueName\":\"search_term_string\"}}],\"inLanguage\":\"fr-FR\"},{\"@type\":\"Organization\",\"@id\":\"https:\\\/\\\/lesrefuges.it\\\/#organization\",\"name\":\"Les Refuges\",\"url\":\"https:\\\/\\\/lesrefuges.it\\\/\",\"logo\":{\"@type\":\"ImageObject\",\"inLanguage\":\"fr-FR\",\"@id\":\"https:\\\/\\\/lesrefuges.it\\\/#\\\/schema\\\/logo\\\/image\\\/\",\"url\":\"https:\\\/\\\/lesrefuges.it\\\/wp-content\\\/uploads\\\/2023\\\/10\\\/rhemes-appartamenti-camere.png\",\"contentUrl\":\"https:\\\/\\\/lesrefuges.it\\\/wp-content\\\/uploads\\\/2023\\\/10\\\/rhemes-appartamenti-camere.png\",\"width\":150,\"height\":107,\"caption\":\"Les Refuges\"},\"image\":{\"@id\":\"https:\\\/\\\/lesrefuges.it\\\/#\\\/schema\\\/logo\\\/image\\\/\"},\"sameAs\":[\"https:\\\/\\\/www.facebook.com\\\/Lesrefuges\"]}]}<\/script>\n<!-- \/ Yoast SEO plugin. -->","yoast_head_json":{"title":"Home Rh\u00eames Notre Dame H\u00e9bergements - Benvenuti nel mondo dei Les Refuges","description":"Les Refuges, destinations d'exception en Vall\u00e9e d'Aoste : chambres, appartements, restaurants, refuges, chalets, transports en motoneige","robots":{"index":"index","follow":"follow","max-snippet":"max-snippet:-1","max-image-preview":"max-image-preview:large","max-video-preview":"max-video-preview:-1"},"canonical":"https:\/\/lesrefuges.it\/fr\/home-rhemes-notre-dame-hebergements\/","og_locale":"fr_FR","og_type":"article","og_title":"Home Rh\u00eames Notre Dame H\u00e9bergements - Benvenuti nel mondo dei Les Refuges","og_description":"Les Refuges, destinations d'exception en Vall\u00e9e d'Aoste : chambres, appartements, restaurants, refuges, chalets, transports en motoneige","og_url":"https:\/\/lesrefuges.it\/fr\/home-rhemes-notre-dame-hebergements\/","og_site_name":"Benvenuti nel mondo dei Les Refuges","article_publisher":"https:\/\/www.facebook.com\/Lesrefuges","article_modified_time":"2024-09-02T10:23:25+00:00","og_image":[{"url":"https:\/\/lesrefuges.it\/wp-content\/uploads\/2024\/01\/746B6D2D-E6E0-438B-B826-55DEC1B7CC5B_4_5005_c-2-300x80.jpeg","type":"","width":"","height":""}],"twitter_card":"summary_large_image","schema":{"@context":"https:\/\/schema.org","@graph":[{"@type":"WebPage","@id":"https:\/\/lesrefuges.it\/fr\/home-rhemes-notre-dame-hebergements\/","url":"https:\/\/lesrefuges.it\/fr\/home-rhemes-notre-dame-hebergements\/","name":"Home Rh\u00eames Notre Dame H\u00e9bergements - Benvenuti nel mondo dei Les Refuges","isPartOf":{"@id":"https:\/\/lesrefuges.it\/#website"},"primaryImageOfPage":{"@id":"https:\/\/lesrefuges.it\/fr\/home-rhemes-notre-dame-hebergements\/#primaryimage"},"image":{"@id":"https:\/\/lesrefuges.it\/fr\/home-rhemes-notre-dame-hebergements\/#primaryimage"},"thumbnailUrl":"https:\/\/lesrefuges.it\/wp-content\/uploads\/2024\/01\/746B6D2D-E6E0-438B-B826-55DEC1B7CC5B_4_5005_c-2-300x80.jpeg","datePublished":"2024-09-02T09:15:32+00:00","dateModified":"2024-09-02T10:23:25+00:00","description":"Les Refuges, destinations d'exception en Vall\u00e9e d'Aoste : chambres, appartements, restaurants, refuges, chalets, transports en motoneige","breadcrumb":{"@id":"https:\/\/lesrefuges.it\/fr\/home-rhemes-notre-dame-hebergements\/#breadcrumb"},"inLanguage":"fr-FR","potentialAction":[{"@type":"ReadAction","target":["https:\/\/lesrefuges.it\/fr\/home-rhemes-notre-dame-hebergements\/"]}]},{"@type":"ImageObject","inLanguage":"fr-FR","@id":"https:\/\/lesrefuges.it\/fr\/home-rhemes-notre-dame-hebergements\/#primaryimage","url":"https:\/\/lesrefuges.it\/wp-content\/uploads\/2024\/01\/746B6D2D-E6E0-438B-B826-55DEC1B7CC5B_4_5005_c-2-300x80.jpeg","contentUrl":"https:\/\/lesrefuges.it\/wp-content\/uploads\/2024\/01\/746B6D2D-E6E0-438B-B826-55DEC1B7CC5B_4_5005_c-2-300x80.jpeg"},{"@type":"BreadcrumbList","@id":"https:\/\/lesrefuges.it\/fr\/home-rhemes-notre-dame-hebergements\/#breadcrumb","itemListElement":[{"@type":"ListItem","position":1,"name":"Home","item":"https:\/\/lesrefuges.it\/"},{"@type":"ListItem","position":2,"name":"Home Rh\u00eames Notre Dame H\u00e9bergements"}]},{"@type":"WebSite","@id":"https:\/\/lesrefuges.it\/#website","url":"https:\/\/lesrefuges.it\/","name":"Benvenuti nel mondo dei Les Refuges","description":"Destinazioni eccezionali","publisher":{"@id":"https:\/\/lesrefuges.it\/#organization"},"potentialAction":[{"@type":"SearchAction","target":{"@type":"EntryPoint","urlTemplate":"https:\/\/lesrefuges.it\/?s={search_term_string}"},"query-input":{"@type":"PropertyValueSpecification","valueRequired":true,"valueName":"search_term_string"}}],"inLanguage":"fr-FR"},{"@type":"Organization","@id":"https:\/\/lesrefuges.it\/#organization","name":"Les Refuges","url":"https:\/\/lesrefuges.it\/","logo":{"@type":"ImageObject","inLanguage":"fr-FR","@id":"https:\/\/lesrefuges.it\/#\/schema\/logo\/image\/","url":"https:\/\/lesrefuges.it\/wp-content\/uploads\/2023\/10\/rhemes-appartamenti-camere.png","contentUrl":"https:\/\/lesrefuges.it\/wp-content\/uploads\/2023\/10\/rhemes-appartamenti-camere.png","width":150,"height":107,"caption":"Les Refuges"},"image":{"@id":"https:\/\/lesrefuges.it\/#\/schema\/logo\/image\/"},"sameAs":["https:\/\/www.facebook.com\/Lesrefuges"]}]}},"_links":{"self":[{"href":"https:\/\/lesrefuges.it\/fr\/wp-json\/wp\/v2\/pages\/22987","targetHints":{"allow":["GET"]}}],"collection":[{"href":"https:\/\/lesrefuges.it\/fr\/wp-json\/wp\/v2\/pages"}],"about":[{"href":"https:\/\/lesrefuges.it\/fr\/wp-json\/wp\/v2\/types\/page"}],"author":[{"embeddable":true,"href":"https:\/\/lesrefuges.it\/fr\/wp-json\/wp\/v2\/users\/3"}],"replies":[{"embeddable":true,"href":"https:\/\/lesrefuges.it\/fr\/wp-json\/wp\/v2\/comments?post=22987"}],"version-history":[{"count":2,"href":"https:\/\/lesrefuges.it\/fr\/wp-json\/wp\/v2\/pages\/22987\/revisions"}],"predecessor-version":[{"id":22996,"href":"https:\/\/lesrefuges.it\/fr\/wp-json\/wp\/v2\/pages\/22987\/revisions\/22996"}],"wp:attachment":[{"href":"https:\/\/lesrefuges.it\/fr\/wp-json\/wp\/v2\/media?parent=22987"}],"curies":[{"name":"wp","href":"https:\/\/api.w.org\/{rel}","templated":true}]}}