{"id":22744,"date":"2024-07-03T13:20:12","date_gmt":"2024-07-03T11:20:12","guid":{"rendered":"https:\/\/lesrefuges.it\/transports-publics-r-n-d\/"},"modified":"2024-12-15T22:11:46","modified_gmt":"2024-12-15T21:11:46","slug":"transports-publics-r-n-d","status":"publish","type":"page","link":"https:\/\/lesrefuges.it\/fr\/transports-publics-r-n-d\/","title":{"rendered":"Transports Publics"},"content":{"rendered":"\t\t<div data-elementor-type=\"wp-page\" data-elementor-id=\"22744\" class=\"elementor elementor-22744 elementor-19375\">\n\t\t\t\t\t\t<section class=\"elementor-section elementor-top-section elementor-element elementor-element-6b6fa794 elementor-section-stretched elementor-section-content-middle elementor-section-full_width elementor-section-height-default elementor-section-height-default\" data-id=\"6b6fa794\" data-element_type=\"section\" data-e-type=\"section\" data-settings=\"{&quot;stretch_section&quot;:&quot;section-stretched&quot;,&quot;background_background&quot;:&quot;classic&quot;,&quot;animation&quot;:&quot;none&quot;}\">\n\t\t\t\t\t\t\t<div class=\"elementor-background-overlay\"><\/div>\n\t\t\t\t\t\t\t<div class=\"elementor-container elementor-column-gap-default\">\n\t\t\t\t\t<div class=\"elementor-column elementor-col-100 elementor-top-column elementor-element elementor-element-4e4eb37\" data-id=\"4e4eb37\" data-element_type=\"column\" data-e-type=\"column\">\n\t\t\t<div class=\"elementor-widget-wrap elementor-element-populated\">\n\t\t\t\t\t\t<div class=\"elementor-element elementor-element-3eccbe4 elementor-widget elementor-widget-spacer\" data-id=\"3eccbe4\" data-element_type=\"widget\" data-e-type=\"widget\" data-widget_type=\"spacer.default\">\n\t\t\t\t<div class=\"elementor-widget-container\">\n\t\t\t\t\t\t\t<div class=\"elementor-spacer\">\n\t\t\t<div class=\"elementor-spacer-inner\"><\/div>\n\t\t<\/div>\n\t\t\t\t\t\t<\/div>\n\t\t\t\t<\/div>\n\t\t\t\t<div class=\"elementor-element elementor-element-8b9e27c elementor-widget elementor-widget-qi_addons_for_elementor_animated_text\" data-id=\"8b9e27c\" data-element_type=\"widget\" data-e-type=\"widget\" data-widget_type=\"qi_addons_for_elementor_animated_text.default\">\n\t\t\t\t<div class=\"elementor-widget-container\">\n\t\t\t\t\t<div class=\"qodef-shortcode qodef-m qodef-qi-animated-text qodef--animated-by-word qodef--alignment-center qodef-qi--has-appear qodef--appear-from-right\" >\n\t\t<h1 class=\"qodef-m-title\">\n\t\t<span class=\"qodef-e-word\">Transports<\/span> <span class=\"qodef-e-word\">Publics<\/span>\t<\/h1>\n<\/div>\n\t\t\t\t<\/div>\n\t\t\t\t<\/div>\n\t\t\t\t<div class=\"elementor-element elementor-element-54c76fa elementor-widget elementor-widget-spacer\" data-id=\"54c76fa\" data-element_type=\"widget\" data-e-type=\"widget\" data-widget_type=\"spacer.default\">\n\t\t\t\t<div class=\"elementor-widget-container\">\n\t\t\t\t\t\t\t<div class=\"elementor-spacer\">\n\t\t\t<div class=\"elementor-spacer-inner\"><\/div>\n\t\t<\/div>\n\t\t\t\t\t\t<\/div>\n\t\t\t\t<\/div>\n\t\t\t\t<div class=\"elementor-element elementor-element-f7d2ad0 elementor-align-center elementor-widget elementor-widget-button\" data-id=\"f7d2ad0\" data-element_type=\"widget\" data-e-type=\"widget\" data-widget_type=\"button.default\">\n\t\t\t\t<div class=\"elementor-widget-container\">\n\t\t\t\t\t\t\t\t\t<div class=\"elementor-button-wrapper\">\n\t\t\t\t\t<a class=\"elementor-button elementor-button-link elementor-size-sm\" href=\"https:\/\/aosta.arriva.it\/orari-e-percorsi\/\">\n\t\t\t\t\t\t<span class=\"elementor-button-content-wrapper\">\n\t\t\t\t\t\t\t\t\t<span class=\"elementor-button-text\">Cliquez ici<\/span>\n\t\t\t\t\t<\/span>\n\t\t\t\t\t<\/a>\n\t\t\t\t<\/div>\n\t\t\t\t\t\t\t\t<\/div>\n\t\t\t\t<\/div>\n\t\t\t\t<div class=\"elementor-element elementor-element-5270e4a elementor-widget elementor-widget-image\" data-id=\"5270e4a\" data-element_type=\"widget\" data-e-type=\"widget\" data-widget_type=\"image.default\">\n\t\t\t\t<div class=\"elementor-widget-container\">\n\t\t\t\t\t\t\t\t\t\t\t\t\t\t\t<img fetchpriority=\"high\" decoding=\"async\" width=\"1024\" height=\"754\" src=\"https:\/\/lesrefuges.it\/wp-content\/uploads\/2024\/12\/3F4ACFA6-3D7B-4BA2-863F-691760D4AEDA_1_105_c-1024x754.jpeg\" class=\"attachment-large size-large wp-image-23797\" alt=\"\" srcset=\"https:\/\/lesrefuges.it\/wp-content\/uploads\/2024\/12\/3F4ACFA6-3D7B-4BA2-863F-691760D4AEDA_1_105_c-1024x754.jpeg 1024w, https:\/\/lesrefuges.it\/wp-content\/uploads\/2024\/12\/3F4ACFA6-3D7B-4BA2-863F-691760D4AEDA_1_105_c-300x221.jpeg 300w, https:\/\/lesrefuges.it\/wp-content\/uploads\/2024\/12\/3F4ACFA6-3D7B-4BA2-863F-691760D4AEDA_1_105_c-768x566.jpeg 768w, https:\/\/lesrefuges.it\/wp-content\/uploads\/2024\/12\/3F4ACFA6-3D7B-4BA2-863F-691760D4AEDA_1_105_c.jpeg 1033w\" sizes=\"(max-width: 1024px) 100vw, 1024px\" \/>\t\t\t\t\t\t\t\t\t\t\t\t\t\t\t<\/div>\n\t\t\t\t<\/div>\n\t\t\t\t<div class=\"elementor-element elementor-element-83290a7 elementor-widget elementor-widget-image\" data-id=\"83290a7\" data-element_type=\"widget\" data-e-type=\"widget\" data-widget_type=\"image.default\">\n\t\t\t\t<div class=\"elementor-widget-container\">\n\t\t\t\t\t\t\t\t\t\t\t\t\t\t\t<img decoding=\"async\" width=\"1016\" height=\"774\" src=\"https:\/\/lesrefuges.it\/wp-content\/uploads\/2024\/12\/B50F68B3-8F1F-4DC4-8E5E-6B37EC6F74F0_1_105_c.jpeg\" class=\"attachment-large size-large wp-image-23800\" alt=\"\" srcset=\"https:\/\/lesrefuges.it\/wp-content\/uploads\/2024\/12\/B50F68B3-8F1F-4DC4-8E5E-6B37EC6F74F0_1_105_c.jpeg 1016w, https:\/\/lesrefuges.it\/wp-content\/uploads\/2024\/12\/B50F68B3-8F1F-4DC4-8E5E-6B37EC6F74F0_1_105_c-300x229.jpeg 300w, https:\/\/lesrefuges.it\/wp-content\/uploads\/2024\/12\/B50F68B3-8F1F-4DC4-8E5E-6B37EC6F74F0_1_105_c-768x585.jpeg 768w\" sizes=\"(max-width: 1016px) 100vw, 1016px\" \/>\t\t\t\t\t\t\t\t\t\t\t\t\t\t\t<\/div>\n\t\t\t\t<\/div>\n\t\t\t\t<div class=\"elementor-element elementor-element-82709d8 elementor-widget elementor-widget-heading\" data-id=\"82709d8\" data-element_type=\"widget\" data-e-type=\"widget\" data-widget_type=\"heading.default\">\n\t\t\t\t<div class=\"elementor-widget-container\">\n\t\t\t\t\t<h2 class=\"elementor-heading-title elementor-size-default\">D\u00e9part de Villeneuve \u00e0 la marquise d'entr\u00e9e Est du Chef-lieu <\/h2>\t\t\t\t<\/div>\n\t\t\t\t<\/div>\n\t\t\t\t<div class=\"elementor-element elementor-element-d4ae0f0 elementor-widget elementor-widget-image\" data-id=\"d4ae0f0\" data-element_type=\"widget\" data-e-type=\"widget\" data-widget_type=\"image.default\">\n\t\t\t\t<div class=\"elementor-widget-container\">\n\t\t\t\t\t\t\t\t\t\t\t\t\t\t\t<img decoding=\"async\" width=\"1024\" height=\"767\" src=\"https:\/\/lesrefuges.it\/wp-content\/uploads\/2024\/07\/C6F42545-AB47-4A91-AF36-CA8251830FE0_1_105_c.jpeg\" class=\"attachment-large size-large wp-image-19382\" alt=\"\" srcset=\"https:\/\/lesrefuges.it\/wp-content\/uploads\/2024\/07\/C6F42545-AB47-4A91-AF36-CA8251830FE0_1_105_c.jpeg 1024w, https:\/\/lesrefuges.it\/wp-content\/uploads\/2024\/07\/C6F42545-AB47-4A91-AF36-CA8251830FE0_1_105_c-300x225.jpeg 300w, https:\/\/lesrefuges.it\/wp-content\/uploads\/2024\/07\/C6F42545-AB47-4A91-AF36-CA8251830FE0_1_105_c-768x575.jpeg 768w\" sizes=\"(max-width: 1024px) 100vw, 1024px\" \/>\t\t\t\t\t\t\t\t\t\t\t\t\t\t\t<\/div>\n\t\t\t\t<\/div>\n\t\t\t\t<div class=\"elementor-element elementor-element-7886325 elementor-widget elementor-widget-heading\" data-id=\"7886325\" data-element_type=\"widget\" data-e-type=\"widget\" data-widget_type=\"heading.default\">\n\t\t\t\t<div class=\"elementor-widget-container\">\n\t\t\t\t\t<h2 class=\"elementor-heading-title elementor-size-default\">Villeneuve, marquise d'entr\u00e9e Est du Chef-lieu sur Google Map<\/h2>\t\t\t\t<\/div>\n\t\t\t\t<\/div>\n\t\t\t\t<div class=\"elementor-element elementor-element-910cd47 elementor-widget elementor-widget-google_maps\" data-id=\"910cd47\" data-element_type=\"widget\" data-e-type=\"widget\" data-widget_type=\"google_maps.default\">\n\t\t\t\t<div class=\"elementor-widget-container\">\n\t\t\t\t\t\t\t<div class=\"elementor-custom-embed\">\n\t\t\t<iframe loading=\"lazy\"\n\t\t\t\t\tsrc=\"https:\/\/maps.google.com\/maps?q=Villeneuve%20Entrata%20Est%20Capoluogo%20su%20Google%20Maps%20https%3A%2F%2Fmaps.app.goo.gl%2FTWMxPAdeUsPmyEC58&#038;t=m&#038;z=10&#038;output=embed&#038;iwloc=near\"\n\t\t\t\t\ttitle=\"Villeneuve Entrata Est Capoluogo su Google Maps https:\/\/maps.app.goo.gl\/TWMxPAdeUsPmyEC58\"\n\t\t\t\t\taria-label=\"Villeneuve Entrata Est Capoluogo su Google Maps https:\/\/maps.app.goo.gl\/TWMxPAdeUsPmyEC58\"\n\t\t\t><\/iframe>\n\t\t<\/div>\n\t\t\t\t\t\t<\/div>\n\t\t\t\t<\/div>\n\t\t\t\t<div class=\"elementor-element elementor-element-5c5eb18 elementor-widget elementor-widget-heading\" data-id=\"5c5eb18\" data-element_type=\"widget\" data-e-type=\"widget\" data-widget_type=\"heading.default\">\n\t\t\t\t<div class=\"elementor-widget-container\">\n\t\t\t\t\t<h2 class=\"elementor-heading-title elementor-size-default\">\u00c0 partir du 11 septembre 2024 et jusqu'au 10 juin 2025, le transport public deviendra un service \u00e0 la demande : R\u00e9servez les jours pr\u00e9c\u00e9dents au +393395443364, de 8h30 \u00e0 11h30 et de 17h00 \u00e0 19h00, ou avant 9h00 le jour m\u00eame. Sous r\u00e9serve des places disponibles.  <\/h2>\t\t\t\t<\/div>\n\t\t\t\t<\/div>\n\t\t\t\t<div class=\"elementor-element elementor-element-bb5ac51 elementor-widget elementor-widget-image\" data-id=\"bb5ac51\" data-element_type=\"widget\" data-e-type=\"widget\" data-widget_type=\"image.default\">\n\t\t\t\t<div class=\"elementor-widget-container\">\n\t\t\t\t\t\t\t\t\t\t\t\t\t\t\t<img loading=\"lazy\" decoding=\"async\" width=\"652\" height=\"921\" src=\"https:\/\/lesrefuges.it\/wp-content\/uploads\/2024\/09\/34F6DDB4-E666-41E7-A966-B1D6434568EB.jpeg\" class=\"attachment-large size-large wp-image-23520\" alt=\"\" srcset=\"https:\/\/lesrefuges.it\/wp-content\/uploads\/2024\/09\/34F6DDB4-E666-41E7-A966-B1D6434568EB.jpeg 652w, https:\/\/lesrefuges.it\/wp-content\/uploads\/2024\/09\/34F6DDB4-E666-41E7-A966-B1D6434568EB-212x300.jpeg 212w\" sizes=\"(max-width: 652px) 100vw, 652px\" \/>\t\t\t\t\t\t\t\t\t\t\t\t\t\t\t<\/div>\n\t\t\t\t<\/div>\n\t\t\t\t\t<\/div>\n\t\t<\/div>\n\t\t\t\t\t<\/div>\n\t\t<\/section>\n\t\t\t\t<\/div>\n\t\t","protected":false},"excerpt":{"rendered":"<p>Transports Publics Cliquez ici D\u00e9part de Villeneuve \u00e0 la marquise d&#8217;entr\u00e9e Est du Chef-lieu Villeneuve, marquise d&#8217;entr\u00e9e Est du Chef-lieu sur Google Map \u00c0 partir du 11 septembre 2024 et jusqu&#8217;au 10 juin 2025, le transport public deviendra un service \u00e0 la demande : R\u00e9servez les jours pr\u00e9c\u00e9dents au +393395443364, de 8h30 \u00e0 11h30 et [&hellip;]<\/p>\n","protected":false},"author":3,"featured_media":19388,"parent":0,"menu_order":0,"comment_status":"closed","ping_status":"closed","template":"","meta":{"footnotes":""},"class_list":["post-22744","page","type-page","status-publish","has-post-thumbnail","hentry"],"yoast_head":"<!-- This site is optimized with the Yoast SEO plugin v27.5 - https:\/\/yoast.com\/product\/yoast-seo-wordpress\/ -->\n<title>Transports Publics - Benvenuti nel mondo dei Les Refuges<\/title>\n<meta name=\"robots\" content=\"index, follow, max-snippet:-1, max-image-preview:large, max-video-preview:-1\" \/>\n<link rel=\"canonical\" href=\"https:\/\/lesrefuges.it\/trasporti-pubblici\/\" \/>\n<meta property=\"og:locale\" content=\"fr_FR\" \/>\n<meta property=\"og:type\" content=\"article\" \/>\n<meta property=\"og:title\" content=\"Transports Publics - Benvenuti nel mondo dei Les Refuges\" \/>\n<meta property=\"og:description\" content=\"Transports Publics Cliquez ici D\u00e9part de Villeneuve \u00e0 la marquise d&#8217;entr\u00e9e Est du Chef-lieu Villeneuve, marquise d&#8217;entr\u00e9e Est du Chef-lieu sur Google Map \u00c0 partir du 11 septembre 2024 et jusqu&#8217;au 10 juin 2025, le transport public deviendra un service \u00e0 la demande : R\u00e9servez les jours pr\u00e9c\u00e9dents au +393395443364, de 8h30 \u00e0 11h30 et [&hellip;]\" \/>\n<meta property=\"og:url\" content=\"https:\/\/lesrefuges.it\/trasporti-pubblici\/\" \/>\n<meta property=\"og:site_name\" content=\"Benvenuti nel mondo dei Les Refuges\" \/>\n<meta property=\"article:publisher\" content=\"https:\/\/www.facebook.com\/Lesrefuges\" \/>\n<meta property=\"article:modified_time\" content=\"2024-12-15T21:11:46+00:00\" \/>\n<meta property=\"og:image\" content=\"https:\/\/lesrefuges.it\/wp-content\/uploads\/2024\/07\/E25A7285-26D7-426D-9381-C173361E847F_1_105_c.jpeg\" \/>\n\t<meta property=\"og:image:width\" content=\"1147\" \/>\n\t<meta property=\"og:image:height\" content=\"685\" \/>\n\t<meta property=\"og:image:type\" content=\"image\/jpeg\" \/>\n<meta name=\"twitter:card\" content=\"summary_large_image\" \/>\n<meta name=\"twitter:label1\" content=\"Est. reading time\" \/>\n\t<meta name=\"twitter:data1\" content=\"1 minute\" \/>\n<script type=\"application\/ld+json\" class=\"yoast-schema-graph\">{\"@context\":\"https:\\\/\\\/schema.org\",\"@graph\":[{\"@type\":\"WebPage\",\"@id\":\"https:\\\/\\\/lesrefuges.it\\\/trasporti-pubblici\\\/\",\"url\":\"https:\\\/\\\/lesrefuges.it\\\/trasporti-pubblici\\\/\",\"name\":\"Transports Publics - Benvenuti nel mondo dei Les Refuges\",\"isPartOf\":{\"@id\":\"https:\\\/\\\/lesrefuges.it\\\/#website\"},\"primaryImageOfPage\":{\"@id\":\"https:\\\/\\\/lesrefuges.it\\\/trasporti-pubblici\\\/#primaryimage\"},\"image\":{\"@id\":\"https:\\\/\\\/lesrefuges.it\\\/trasporti-pubblici\\\/#primaryimage\"},\"thumbnailUrl\":\"https:\\\/\\\/lesrefuges.it\\\/wp-content\\\/uploads\\\/2024\\\/07\\\/E25A7285-26D7-426D-9381-C173361E847F_1_105_c.jpeg\",\"datePublished\":\"2024-07-03T11:20:12+00:00\",\"dateModified\":\"2024-12-15T21:11:46+00:00\",\"breadcrumb\":{\"@id\":\"https:\\\/\\\/lesrefuges.it\\\/trasporti-pubblici\\\/#breadcrumb\"},\"inLanguage\":\"fr-FR\",\"potentialAction\":[{\"@type\":\"ReadAction\",\"target\":[\"https:\\\/\\\/lesrefuges.it\\\/trasporti-pubblici\\\/\"]}]},{\"@type\":\"ImageObject\",\"inLanguage\":\"fr-FR\",\"@id\":\"https:\\\/\\\/lesrefuges.it\\\/trasporti-pubblici\\\/#primaryimage\",\"url\":\"https:\\\/\\\/lesrefuges.it\\\/wp-content\\\/uploads\\\/2024\\\/07\\\/E25A7285-26D7-426D-9381-C173361E847F_1_105_c.jpeg\",\"contentUrl\":\"https:\\\/\\\/lesrefuges.it\\\/wp-content\\\/uploads\\\/2024\\\/07\\\/E25A7285-26D7-426D-9381-C173361E847F_1_105_c.jpeg\",\"width\":1147,\"height\":685},{\"@type\":\"BreadcrumbList\",\"@id\":\"https:\\\/\\\/lesrefuges.it\\\/trasporti-pubblici\\\/#breadcrumb\",\"itemListElement\":[{\"@type\":\"ListItem\",\"position\":1,\"name\":\"Home\",\"item\":\"https:\\\/\\\/lesrefuges.it\\\/\"},{\"@type\":\"ListItem\",\"position\":2,\"name\":\"Transports Publics\"}]},{\"@type\":\"WebSite\",\"@id\":\"https:\\\/\\\/lesrefuges.it\\\/#website\",\"url\":\"https:\\\/\\\/lesrefuges.it\\\/\",\"name\":\"Benvenuti nel mondo dei Les Refuges\",\"description\":\"Destinazioni eccezionali\",\"publisher\":{\"@id\":\"https:\\\/\\\/lesrefuges.it\\\/#organization\"},\"potentialAction\":[{\"@type\":\"SearchAction\",\"target\":{\"@type\":\"EntryPoint\",\"urlTemplate\":\"https:\\\/\\\/lesrefuges.it\\\/?s={search_term_string}\"},\"query-input\":{\"@type\":\"PropertyValueSpecification\",\"valueRequired\":true,\"valueName\":\"search_term_string\"}}],\"inLanguage\":\"fr-FR\"},{\"@type\":\"Organization\",\"@id\":\"https:\\\/\\\/lesrefuges.it\\\/#organization\",\"name\":\"Les Refuges\",\"url\":\"https:\\\/\\\/lesrefuges.it\\\/\",\"logo\":{\"@type\":\"ImageObject\",\"inLanguage\":\"fr-FR\",\"@id\":\"https:\\\/\\\/lesrefuges.it\\\/#\\\/schema\\\/logo\\\/image\\\/\",\"url\":\"https:\\\/\\\/lesrefuges.it\\\/wp-content\\\/uploads\\\/2023\\\/10\\\/rhemes-appartamenti-camere.png\",\"contentUrl\":\"https:\\\/\\\/lesrefuges.it\\\/wp-content\\\/uploads\\\/2023\\\/10\\\/rhemes-appartamenti-camere.png\",\"width\":150,\"height\":107,\"caption\":\"Les Refuges\"},\"image\":{\"@id\":\"https:\\\/\\\/lesrefuges.it\\\/#\\\/schema\\\/logo\\\/image\\\/\"},\"sameAs\":[\"https:\\\/\\\/www.facebook.com\\\/Lesrefuges\"]}]}<\/script>\n<!-- \/ Yoast SEO plugin. -->","yoast_head_json":{"title":"Transports Publics - Benvenuti nel mondo dei Les Refuges","robots":{"index":"index","follow":"follow","max-snippet":"max-snippet:-1","max-image-preview":"max-image-preview:large","max-video-preview":"max-video-preview:-1"},"canonical":"https:\/\/lesrefuges.it\/trasporti-pubblici\/","og_locale":"fr_FR","og_type":"article","og_title":"Transports Publics - Benvenuti nel mondo dei Les Refuges","og_description":"Transports Publics Cliquez ici D\u00e9part de Villeneuve \u00e0 la marquise d&#8217;entr\u00e9e Est du Chef-lieu Villeneuve, marquise d&#8217;entr\u00e9e Est du Chef-lieu sur Google Map \u00c0 partir du 11 septembre 2024 et jusqu&#8217;au 10 juin 2025, le transport public deviendra un service \u00e0 la demande : R\u00e9servez les jours pr\u00e9c\u00e9dents au +393395443364, de 8h30 \u00e0 11h30 et [&hellip;]","og_url":"https:\/\/lesrefuges.it\/trasporti-pubblici\/","og_site_name":"Benvenuti nel mondo dei Les Refuges","article_publisher":"https:\/\/www.facebook.com\/Lesrefuges","article_modified_time":"2024-12-15T21:11:46+00:00","og_image":[{"width":1147,"height":685,"url":"https:\/\/lesrefuges.it\/wp-content\/uploads\/2024\/07\/E25A7285-26D7-426D-9381-C173361E847F_1_105_c.jpeg","type":"image\/jpeg"}],"twitter_card":"summary_large_image","twitter_misc":{"Est. reading time":"1 minute"},"schema":{"@context":"https:\/\/schema.org","@graph":[{"@type":"WebPage","@id":"https:\/\/lesrefuges.it\/trasporti-pubblici\/","url":"https:\/\/lesrefuges.it\/trasporti-pubblici\/","name":"Transports Publics - Benvenuti nel mondo dei Les Refuges","isPartOf":{"@id":"https:\/\/lesrefuges.it\/#website"},"primaryImageOfPage":{"@id":"https:\/\/lesrefuges.it\/trasporti-pubblici\/#primaryimage"},"image":{"@id":"https:\/\/lesrefuges.it\/trasporti-pubblici\/#primaryimage"},"thumbnailUrl":"https:\/\/lesrefuges.it\/wp-content\/uploads\/2024\/07\/E25A7285-26D7-426D-9381-C173361E847F_1_105_c.jpeg","datePublished":"2024-07-03T11:20:12+00:00","dateModified":"2024-12-15T21:11:46+00:00","breadcrumb":{"@id":"https:\/\/lesrefuges.it\/trasporti-pubblici\/#breadcrumb"},"inLanguage":"fr-FR","potentialAction":[{"@type":"ReadAction","target":["https:\/\/lesrefuges.it\/trasporti-pubblici\/"]}]},{"@type":"ImageObject","inLanguage":"fr-FR","@id":"https:\/\/lesrefuges.it\/trasporti-pubblici\/#primaryimage","url":"https:\/\/lesrefuges.it\/wp-content\/uploads\/2024\/07\/E25A7285-26D7-426D-9381-C173361E847F_1_105_c.jpeg","contentUrl":"https:\/\/lesrefuges.it\/wp-content\/uploads\/2024\/07\/E25A7285-26D7-426D-9381-C173361E847F_1_105_c.jpeg","width":1147,"height":685},{"@type":"BreadcrumbList","@id":"https:\/\/lesrefuges.it\/trasporti-pubblici\/#breadcrumb","itemListElement":[{"@type":"ListItem","position":1,"name":"Home","item":"https:\/\/lesrefuges.it\/"},{"@type":"ListItem","position":2,"name":"Transports Publics"}]},{"@type":"WebSite","@id":"https:\/\/lesrefuges.it\/#website","url":"https:\/\/lesrefuges.it\/","name":"Benvenuti nel mondo dei Les Refuges","description":"Destinazioni eccezionali","publisher":{"@id":"https:\/\/lesrefuges.it\/#organization"},"potentialAction":[{"@type":"SearchAction","target":{"@type":"EntryPoint","urlTemplate":"https:\/\/lesrefuges.it\/?s={search_term_string}"},"query-input":{"@type":"PropertyValueSpecification","valueRequired":true,"valueName":"search_term_string"}}],"inLanguage":"fr-FR"},{"@type":"Organization","@id":"https:\/\/lesrefuges.it\/#organization","name":"Les Refuges","url":"https:\/\/lesrefuges.it\/","logo":{"@type":"ImageObject","inLanguage":"fr-FR","@id":"https:\/\/lesrefuges.it\/#\/schema\/logo\/image\/","url":"https:\/\/lesrefuges.it\/wp-content\/uploads\/2023\/10\/rhemes-appartamenti-camere.png","contentUrl":"https:\/\/lesrefuges.it\/wp-content\/uploads\/2023\/10\/rhemes-appartamenti-camere.png","width":150,"height":107,"caption":"Les Refuges"},"image":{"@id":"https:\/\/lesrefuges.it\/#\/schema\/logo\/image\/"},"sameAs":["https:\/\/www.facebook.com\/Lesrefuges"]}]}},"_links":{"self":[{"href":"https:\/\/lesrefuges.it\/fr\/wp-json\/wp\/v2\/pages\/22744","targetHints":{"allow":["GET"]}}],"collection":[{"href":"https:\/\/lesrefuges.it\/fr\/wp-json\/wp\/v2\/pages"}],"about":[{"href":"https:\/\/lesrefuges.it\/fr\/wp-json\/wp\/v2\/types\/page"}],"author":[{"embeddable":true,"href":"https:\/\/lesrefuges.it\/fr\/wp-json\/wp\/v2\/users\/3"}],"replies":[{"embeddable":true,"href":"https:\/\/lesrefuges.it\/fr\/wp-json\/wp\/v2\/comments?post=22744"}],"version-history":[{"count":10,"href":"https:\/\/lesrefuges.it\/fr\/wp-json\/wp\/v2\/pages\/22744\/revisions"}],"predecessor-version":[{"id":23805,"href":"https:\/\/lesrefuges.it\/fr\/wp-json\/wp\/v2\/pages\/22744\/revisions\/23805"}],"wp:featuredmedia":[{"embeddable":true,"href":"https:\/\/lesrefuges.it\/fr\/wp-json\/wp\/v2\/media\/19388"}],"wp:attachment":[{"href":"https:\/\/lesrefuges.it\/fr\/wp-json\/wp\/v2\/media?parent=22744"}],"curies":[{"name":"wp","href":"https:\/\/api.w.org\/{rel}","templated":true}]}}