{"id":22569,"date":"2024-04-26T22:44:29","date_gmt":"2024-04-26T20:44:29","guid":{"rendered":"https:\/\/lesrefuges.it\/mythes-et-legendes-r-n-d\/"},"modified":"2024-09-23T15:34:27","modified_gmt":"2024-09-23T13:34:27","slug":"mythes-et-legendes-r-n-d","status":"publish","type":"page","link":"https:\/\/lesrefuges.it\/fr\/mythes-et-legendes-r-n-d\/","title":{"rendered":"Mythes et l\u00e9gendes"},"content":{"rendered":"\t\t<div data-elementor-type=\"wp-page\" data-elementor-id=\"22569\" class=\"elementor elementor-22569 elementor-18230\">\n\t\t\t\t\t\t<section class=\"elementor-section elementor-top-section elementor-element elementor-element-6b6fa794 elementor-section-stretched elementor-section-boxed elementor-section-height-default elementor-section-height-default\" data-id=\"6b6fa794\" data-element_type=\"section\" data-e-type=\"section\" data-settings=\"{&quot;stretch_section&quot;:&quot;section-stretched&quot;,&quot;background_background&quot;:&quot;classic&quot;,&quot;animation&quot;:&quot;none&quot;}\">\n\t\t\t\t\t\t\t<div class=\"elementor-background-overlay\"><\/div>\n\t\t\t\t\t\t\t<div class=\"elementor-container elementor-column-gap-default\">\n\t\t\t\t\t<div class=\"elementor-column elementor-col-100 elementor-top-column elementor-element elementor-element-4e4eb37\" data-id=\"4e4eb37\" data-element_type=\"column\" data-e-type=\"column\" data-settings=\"{&quot;background_background&quot;:&quot;classic&quot;}\">\n\t\t\t<div class=\"elementor-widget-wrap elementor-element-populated\">\n\t\t\t\t\t\t<div class=\"elementor-element elementor-element-2d82ba6 elementor-widget elementor-widget-spacer\" data-id=\"2d82ba6\" data-element_type=\"widget\" data-e-type=\"widget\" data-widget_type=\"spacer.default\">\n\t\t\t\t<div class=\"elementor-widget-container\">\n\t\t\t\t\t\t\t<div class=\"elementor-spacer\">\n\t\t\t<div class=\"elementor-spacer-inner\"><\/div>\n\t\t<\/div>\n\t\t\t\t\t\t<\/div>\n\t\t\t\t<\/div>\n\t\t\t\t<div class=\"elementor-element elementor-element-817a210 elementor-widget__width-inherit elementor-widget elementor-widget-qi_addons_for_elementor_animated_text\" data-id=\"817a210\" data-element_type=\"widget\" data-e-type=\"widget\" data-widget_type=\"qi_addons_for_elementor_animated_text.default\">\n\t\t\t\t<div class=\"elementor-widget-container\">\n\t\t\t\t\t<div class=\"qodef-shortcode qodef-m qodef-qi-animated-text qodef--animated-by-word qodef--alignment-center qodef-qi--has-appear qodef--appear-from-right\" >\n\t\t<h1 class=\"qodef-m-title\">\n\t\t<span class=\"qodef-e-word\">Mythes<\/span> <span class=\"qodef-e-word\">et<\/span> <span class=\"qodef-e-word\">l\u00e9gendes<\/span>\t<\/h1>\n<\/div>\n\t\t\t\t<\/div>\n\t\t\t\t<\/div>\n\t\t\t\t<div class=\"elementor-element elementor-element-194bdf4 elementor-widget elementor-widget-spacer\" data-id=\"194bdf4\" data-element_type=\"widget\" data-e-type=\"widget\" data-widget_type=\"spacer.default\">\n\t\t\t\t<div class=\"elementor-widget-container\">\n\t\t\t\t\t\t\t<div class=\"elementor-spacer\">\n\t\t\t<div class=\"elementor-spacer-inner\"><\/div>\n\t\t<\/div>\n\t\t\t\t\t\t<\/div>\n\t\t\t\t<\/div>\n\t\t\t\t<div class=\"elementor-element elementor-element-31f1c5f elementor-widget elementor-widget-spacer\" data-id=\"31f1c5f\" data-element_type=\"widget\" data-e-type=\"widget\" data-widget_type=\"spacer.default\">\n\t\t\t\t<div class=\"elementor-widget-container\">\n\t\t\t\t\t\t\t<div class=\"elementor-spacer\">\n\t\t\t<div class=\"elementor-spacer-inner\"><\/div>\n\t\t<\/div>\n\t\t\t\t\t\t<\/div>\n\t\t\t\t<\/div>\n\t\t\t\t<div class=\"elementor-element elementor-element-9e5bfba elementor-widget__width-inherit elementor-widget elementor-widget-qi_addons_for_elementor_animated_text\" data-id=\"9e5bfba\" data-element_type=\"widget\" data-e-type=\"widget\" data-widget_type=\"qi_addons_for_elementor_animated_text.default\">\n\t\t\t\t<div class=\"elementor-widget-container\">\n\t\t\t\t\t<div class=\"qodef-shortcode qodef-m qodef-qi-animated-text qodef--animated-by-word qodef--alignment-center qodef-qi--has-appear qodef--appear-from-right\" >\n\t\t<h1 class=\"qodef-m-title\">\n\t\t<span class=\"qodef-e-word\">La<\/span> <span class=\"qodef-e-word\">B\u00e9cha<\/span> <span class=\"qodef-e-word\">de<\/span> <span class=\"qodef-e-word\">Tsanterr\u00e9<\/span>\t<\/h1>\n<\/div>\n\t\t\t\t<\/div>\n\t\t\t\t<\/div>\n\t\t\t\t<div class=\"elementor-element elementor-element-c8353dd elementor-widget elementor-widget-spacer\" data-id=\"c8353dd\" data-element_type=\"widget\" data-e-type=\"widget\" data-widget_type=\"spacer.default\">\n\t\t\t\t<div class=\"elementor-widget-container\">\n\t\t\t\t\t\t\t<div class=\"elementor-spacer\">\n\t\t\t<div class=\"elementor-spacer-inner\"><\/div>\n\t\t<\/div>\n\t\t\t\t\t\t<\/div>\n\t\t\t\t<\/div>\n\t\t\t\t<div class=\"elementor-element elementor-element-7212ae31 elementor-widget__width-auto elementor-widget elementor-widget-heading\" data-id=\"7212ae31\" data-element_type=\"widget\" data-e-type=\"widget\" data-widget_type=\"heading.default\">\n\t\t\t\t<div class=\"elementor-widget-container\">\n\t\t\t\t\t<p class=\"elementor-heading-title elementor-size-default\">Jean-Victor Fusinaz et sa femme Marie-Reine Perrod d\u00e9cident, le 3 f\u00e9vrier 1885, de vendre l'alpage de Champterr\u00e9 \u00e0 Rh\u00eames-Notre-Dame, situ\u00e9 sur une cr\u00eate appel\u00e9e \"tzant\u00e9\" au-dessus des p\u00e2turages du Thumel. <br> Ce lieu est entach\u00e9 de plusieurs l\u00e9gendes qui \u00e9loignent tous les potentiels locataires, des r\u00e9cits \u00e9voquant une manifestation mal\u00e9fique :<br><br>IDans une version, l'esprit est celui d'une petite fille n\u00e9e avec une d\u00e9formation \u00e0 une jambe, qui un jour perd l'\u00e9quilibre et tombe du pr\u00e9cipice adjacent \u00e0 l'alpage. Il suo corps n'est jamais retrouv\u00e9, mais depuis ce moment-l\u00e0, on entend la nuit son chant \"tzante\" et son rire \"ri\" sur les toits de l'\u00e9table, o\u00f9 les vaches sont retrouv\u00e9es avec les queues nou\u00e9es et les cornes coinc\u00e9es.<br><br> Dans une autre version, l'esprit mal\u00e9fique prend la forme d'une femme charmante. On dit que \u00e0 Fos, le village au-dessus de Champterr\u00e9, vivent les filles les plus belles de la vall\u00e9e de Rh\u00eames. Les jeunes des autres villages, dans leur tentative de les rejoindre, empruntent le sentier qui passe pr\u00e8s de Champterr\u00e9. Le long du chemin, parfois ils rencontrent une femme tr\u00e8s belle et s\u00e9duisante, qui se r\u00e9v\u00e8le \u00eatre la B\u00e9cha de Tsanterr\u00e9 se transformant en une grosse vache noire qui les effraie et les fait fuir. <br><br> Cette entit\u00e9 fait perdre le lait aux vaches, leur noue les queues, vole des objets et effraie les gens, rendant le lieu ind\u00e9sirable pour les \u00e9leveurs.<br><br> Jean-Victor et Marie-Reine d\u00e9cident donc de vendre et le seul acheteur qui se pr\u00e9sente est le riche Joseph-Auguste-Melquir Duc, connu localement sous le nom de Monseigneur Duc et \u00e9v\u00eaque du dioc\u00e8se d'Aoste. <br><br> Gr\u00e2ce aux r\u00e9cits de la B\u00e9cha, peut-\u00eatre orchestr\u00e9s et largement diffus\u00e9s, l'\u00e9v\u00eaque acquiert la propri\u00e9t\u00e9 pour un peu plus de 6000 lires, \u00e0 un prix d\u00e9risoire. Cela se compose de deux alpages, l'un appel\u00e9 Champterr\u00e9 dessus et l'autre Champterr\u00e9 dessous.<br><br> Victor s'engage \u00e9galement \u00e0 rembourser l'hypoth\u00e8que sur le bien \u00e0 son nom et \u00e0 celui de son fr\u00e8re Joseph-S\u00e9raphin. <br><br> On raconte que gr\u00e2ce \u00e0 des exorcismes, l'\u00e9v\u00eaque parvient \u00e0 \u00e9loigner l'esprit mal\u00e9fique de ses propri\u00e9t\u00e9s, les rendant ainsi de nouveau pr\u00e9cieuses. <br><br> Le 22 janvier 1908, le chevalier Louis-L\u00e9on Lanier ach\u00e8te l'alpage \u00e0 Monseigneur Duc pour 24 000 lires, soit trois fois le prix pay\u00e9 par l'\u00e9v\u00eaque vingt-trois ans plus t\u00f4t. <br><br>\n\n \n\n<\/p>\t\t\t\t<\/div>\n\t\t\t\t<\/div>\n\t\t\t\t<div class=\"elementor-element elementor-element-405f831 elementor-widget elementor-widget-spacer\" data-id=\"405f831\" data-element_type=\"widget\" data-e-type=\"widget\" data-widget_type=\"spacer.default\">\n\t\t\t\t<div class=\"elementor-widget-container\">\n\t\t\t\t\t\t\t<div class=\"elementor-spacer\">\n\t\t\t<div class=\"elementor-spacer-inner\"><\/div>\n\t\t<\/div>\n\t\t\t\t\t\t<\/div>\n\t\t\t\t<\/div>\n\t\t\t\t<div class=\"elementor-element elementor-element-789f1bd elementor-widget elementor-widget-spacer\" data-id=\"789f1bd\" data-element_type=\"widget\" data-e-type=\"widget\" data-widget_type=\"spacer.default\">\n\t\t\t\t<div class=\"elementor-widget-container\">\n\t\t\t\t\t\t\t<div class=\"elementor-spacer\">\n\t\t\t<div class=\"elementor-spacer-inner\"><\/div>\n\t\t<\/div>\n\t\t\t\t\t\t<\/div>\n\t\t\t\t<\/div>\n\t\t\t\t\t<\/div>\n\t\t<\/div>\n\t\t\t\t\t<\/div>\n\t\t<\/section>\n\t\t\t\t<\/div>\n\t\t","protected":false},"excerpt":{"rendered":"<p>Mythes et l\u00e9gendes La B\u00e9cha de Tsanterr\u00e9 Jean-Victor Fusinaz et sa femme Marie-Reine Perrod d\u00e9cident, le 3 f\u00e9vrier 1885, de vendre l&#8217;alpage de Champterr\u00e9 \u00e0 Rh\u00eames-Notre-Dame, situ\u00e9 sur une cr\u00eate appel\u00e9e &#8220;tzant\u00e9&#8221; au-dessus des p\u00e2turages du Thumel. Ce lieu est entach\u00e9 de plusieurs l\u00e9gendes qui \u00e9loignent tous les potentiels locataires, des r\u00e9cits \u00e9voquant une manifestation [&hellip;]<\/p>\n","protected":false},"author":2,"featured_media":17461,"parent":0,"menu_order":0,"comment_status":"closed","ping_status":"closed","template":"","meta":{"footnotes":""},"class_list":["post-22569","page","type-page","status-publish","has-post-thumbnail","hentry"],"yoast_head":"<!-- This site is optimized with the Yoast SEO plugin v27.5 - https:\/\/yoast.com\/product\/yoast-seo-wordpress\/ -->\n<title>Mythes et l\u00e9gendes - Benvenuti nel mondo dei Les Refuges<\/title>\n<meta name=\"robots\" content=\"index, follow, max-snippet:-1, max-image-preview:large, max-video-preview:-1\" \/>\n<link rel=\"canonical\" href=\"https:\/\/lesrefuges.it\/miti-e-leggende-r-n-d\/\" \/>\n<meta property=\"og:locale\" content=\"fr_FR\" \/>\n<meta property=\"og:type\" content=\"article\" \/>\n<meta property=\"og:title\" content=\"Mythes et l\u00e9gendes - Benvenuti nel mondo dei Les Refuges\" \/>\n<meta property=\"og:description\" content=\"Mythes et l\u00e9gendes La B\u00e9cha de Tsanterr\u00e9 Jean-Victor Fusinaz et sa femme Marie-Reine Perrod d\u00e9cident, le 3 f\u00e9vrier 1885, de vendre l&#8217;alpage de Champterr\u00e9 \u00e0 Rh\u00eames-Notre-Dame, situ\u00e9 sur une cr\u00eate appel\u00e9e &#8220;tzant\u00e9&#8221; au-dessus des p\u00e2turages du Thumel. Ce lieu est entach\u00e9 de plusieurs l\u00e9gendes qui \u00e9loignent tous les potentiels locataires, des r\u00e9cits \u00e9voquant une manifestation [&hellip;]\" \/>\n<meta property=\"og:url\" content=\"https:\/\/lesrefuges.it\/miti-e-leggende-r-n-d\/\" \/>\n<meta property=\"og:site_name\" content=\"Benvenuti nel mondo dei Les Refuges\" \/>\n<meta property=\"article:publisher\" content=\"https:\/\/www.facebook.com\/Lesrefuges\" \/>\n<meta property=\"article:modified_time\" content=\"2024-09-23T13:34:27+00:00\" \/>\n<meta property=\"og:image\" content=\"https:\/\/lesrefuges.it\/wp-content\/uploads\/2024\/04\/cropped_image_16_9.webp\" \/>\n\t<meta property=\"og:image:width\" content=\"1820\" \/>\n\t<meta property=\"og:image:height\" content=\"1024\" \/>\n\t<meta property=\"og:image:type\" content=\"image\/webp\" \/>\n<meta name=\"twitter:card\" content=\"summary_large_image\" \/>\n<meta name=\"twitter:label1\" content=\"Est. reading time\" \/>\n\t<meta name=\"twitter:data1\" content=\"2 minutes\" \/>\n<script type=\"application\/ld+json\" class=\"yoast-schema-graph\">{\"@context\":\"https:\\\/\\\/schema.org\",\"@graph\":[{\"@type\":\"WebPage\",\"@id\":\"https:\\\/\\\/lesrefuges.it\\\/miti-e-leggende-r-n-d\\\/\",\"url\":\"https:\\\/\\\/lesrefuges.it\\\/miti-e-leggende-r-n-d\\\/\",\"name\":\"Mythes et l\u00e9gendes - Benvenuti nel mondo dei Les Refuges\",\"isPartOf\":{\"@id\":\"https:\\\/\\\/lesrefuges.it\\\/#website\"},\"primaryImageOfPage\":{\"@id\":\"https:\\\/\\\/lesrefuges.it\\\/miti-e-leggende-r-n-d\\\/#primaryimage\"},\"image\":{\"@id\":\"https:\\\/\\\/lesrefuges.it\\\/miti-e-leggende-r-n-d\\\/#primaryimage\"},\"thumbnailUrl\":\"https:\\\/\\\/lesrefuges.it\\\/wp-content\\\/uploads\\\/2024\\\/04\\\/cropped_image_16_9.webp\",\"datePublished\":\"2024-04-26T20:44:29+00:00\",\"dateModified\":\"2024-09-23T13:34:27+00:00\",\"breadcrumb\":{\"@id\":\"https:\\\/\\\/lesrefuges.it\\\/miti-e-leggende-r-n-d\\\/#breadcrumb\"},\"inLanguage\":\"fr-FR\",\"potentialAction\":[{\"@type\":\"ReadAction\",\"target\":[\"https:\\\/\\\/lesrefuges.it\\\/miti-e-leggende-r-n-d\\\/\"]}]},{\"@type\":\"ImageObject\",\"inLanguage\":\"fr-FR\",\"@id\":\"https:\\\/\\\/lesrefuges.it\\\/miti-e-leggende-r-n-d\\\/#primaryimage\",\"url\":\"https:\\\/\\\/lesrefuges.it\\\/wp-content\\\/uploads\\\/2024\\\/04\\\/cropped_image_16_9.webp\",\"contentUrl\":\"https:\\\/\\\/lesrefuges.it\\\/wp-content\\\/uploads\\\/2024\\\/04\\\/cropped_image_16_9.webp\",\"width\":1820,\"height\":1024},{\"@type\":\"BreadcrumbList\",\"@id\":\"https:\\\/\\\/lesrefuges.it\\\/miti-e-leggende-r-n-d\\\/#breadcrumb\",\"itemListElement\":[{\"@type\":\"ListItem\",\"position\":1,\"name\":\"Home\",\"item\":\"https:\\\/\\\/lesrefuges.it\\\/\"},{\"@type\":\"ListItem\",\"position\":2,\"name\":\"Mythes et l\u00e9gendes\"}]},{\"@type\":\"WebSite\",\"@id\":\"https:\\\/\\\/lesrefuges.it\\\/#website\",\"url\":\"https:\\\/\\\/lesrefuges.it\\\/\",\"name\":\"Benvenuti nel mondo dei Les Refuges\",\"description\":\"Destinazioni eccezionali\",\"publisher\":{\"@id\":\"https:\\\/\\\/lesrefuges.it\\\/#organization\"},\"potentialAction\":[{\"@type\":\"SearchAction\",\"target\":{\"@type\":\"EntryPoint\",\"urlTemplate\":\"https:\\\/\\\/lesrefuges.it\\\/?s={search_term_string}\"},\"query-input\":{\"@type\":\"PropertyValueSpecification\",\"valueRequired\":true,\"valueName\":\"search_term_string\"}}],\"inLanguage\":\"fr-FR\"},{\"@type\":\"Organization\",\"@id\":\"https:\\\/\\\/lesrefuges.it\\\/#organization\",\"name\":\"Les Refuges\",\"url\":\"https:\\\/\\\/lesrefuges.it\\\/\",\"logo\":{\"@type\":\"ImageObject\",\"inLanguage\":\"fr-FR\",\"@id\":\"https:\\\/\\\/lesrefuges.it\\\/#\\\/schema\\\/logo\\\/image\\\/\",\"url\":\"https:\\\/\\\/lesrefuges.it\\\/wp-content\\\/uploads\\\/2023\\\/10\\\/rhemes-appartamenti-camere.png\",\"contentUrl\":\"https:\\\/\\\/lesrefuges.it\\\/wp-content\\\/uploads\\\/2023\\\/10\\\/rhemes-appartamenti-camere.png\",\"width\":150,\"height\":107,\"caption\":\"Les Refuges\"},\"image\":{\"@id\":\"https:\\\/\\\/lesrefuges.it\\\/#\\\/schema\\\/logo\\\/image\\\/\"},\"sameAs\":[\"https:\\\/\\\/www.facebook.com\\\/Lesrefuges\"]}]}<\/script>\n<!-- \/ Yoast SEO plugin. -->","yoast_head_json":{"title":"Mythes et l\u00e9gendes - Benvenuti nel mondo dei Les Refuges","robots":{"index":"index","follow":"follow","max-snippet":"max-snippet:-1","max-image-preview":"max-image-preview:large","max-video-preview":"max-video-preview:-1"},"canonical":"https:\/\/lesrefuges.it\/miti-e-leggende-r-n-d\/","og_locale":"fr_FR","og_type":"article","og_title":"Mythes et l\u00e9gendes - Benvenuti nel mondo dei Les Refuges","og_description":"Mythes et l\u00e9gendes La B\u00e9cha de Tsanterr\u00e9 Jean-Victor Fusinaz et sa femme Marie-Reine Perrod d\u00e9cident, le 3 f\u00e9vrier 1885, de vendre l&#8217;alpage de Champterr\u00e9 \u00e0 Rh\u00eames-Notre-Dame, situ\u00e9 sur une cr\u00eate appel\u00e9e &#8220;tzant\u00e9&#8221; au-dessus des p\u00e2turages du Thumel. Ce lieu est entach\u00e9 de plusieurs l\u00e9gendes qui \u00e9loignent tous les potentiels locataires, des r\u00e9cits \u00e9voquant une manifestation [&hellip;]","og_url":"https:\/\/lesrefuges.it\/miti-e-leggende-r-n-d\/","og_site_name":"Benvenuti nel mondo dei Les Refuges","article_publisher":"https:\/\/www.facebook.com\/Lesrefuges","article_modified_time":"2024-09-23T13:34:27+00:00","og_image":[{"width":1820,"height":1024,"url":"https:\/\/lesrefuges.it\/wp-content\/uploads\/2024\/04\/cropped_image_16_9.webp","type":"image\/webp"}],"twitter_card":"summary_large_image","twitter_misc":{"Est. reading time":"2 minutes"},"schema":{"@context":"https:\/\/schema.org","@graph":[{"@type":"WebPage","@id":"https:\/\/lesrefuges.it\/miti-e-leggende-r-n-d\/","url":"https:\/\/lesrefuges.it\/miti-e-leggende-r-n-d\/","name":"Mythes et l\u00e9gendes - Benvenuti nel mondo dei Les Refuges","isPartOf":{"@id":"https:\/\/lesrefuges.it\/#website"},"primaryImageOfPage":{"@id":"https:\/\/lesrefuges.it\/miti-e-leggende-r-n-d\/#primaryimage"},"image":{"@id":"https:\/\/lesrefuges.it\/miti-e-leggende-r-n-d\/#primaryimage"},"thumbnailUrl":"https:\/\/lesrefuges.it\/wp-content\/uploads\/2024\/04\/cropped_image_16_9.webp","datePublished":"2024-04-26T20:44:29+00:00","dateModified":"2024-09-23T13:34:27+00:00","breadcrumb":{"@id":"https:\/\/lesrefuges.it\/miti-e-leggende-r-n-d\/#breadcrumb"},"inLanguage":"fr-FR","potentialAction":[{"@type":"ReadAction","target":["https:\/\/lesrefuges.it\/miti-e-leggende-r-n-d\/"]}]},{"@type":"ImageObject","inLanguage":"fr-FR","@id":"https:\/\/lesrefuges.it\/miti-e-leggende-r-n-d\/#primaryimage","url":"https:\/\/lesrefuges.it\/wp-content\/uploads\/2024\/04\/cropped_image_16_9.webp","contentUrl":"https:\/\/lesrefuges.it\/wp-content\/uploads\/2024\/04\/cropped_image_16_9.webp","width":1820,"height":1024},{"@type":"BreadcrumbList","@id":"https:\/\/lesrefuges.it\/miti-e-leggende-r-n-d\/#breadcrumb","itemListElement":[{"@type":"ListItem","position":1,"name":"Home","item":"https:\/\/lesrefuges.it\/"},{"@type":"ListItem","position":2,"name":"Mythes et l\u00e9gendes"}]},{"@type":"WebSite","@id":"https:\/\/lesrefuges.it\/#website","url":"https:\/\/lesrefuges.it\/","name":"Benvenuti nel mondo dei Les Refuges","description":"Destinazioni eccezionali","publisher":{"@id":"https:\/\/lesrefuges.it\/#organization"},"potentialAction":[{"@type":"SearchAction","target":{"@type":"EntryPoint","urlTemplate":"https:\/\/lesrefuges.it\/?s={search_term_string}"},"query-input":{"@type":"PropertyValueSpecification","valueRequired":true,"valueName":"search_term_string"}}],"inLanguage":"fr-FR"},{"@type":"Organization","@id":"https:\/\/lesrefuges.it\/#organization","name":"Les Refuges","url":"https:\/\/lesrefuges.it\/","logo":{"@type":"ImageObject","inLanguage":"fr-FR","@id":"https:\/\/lesrefuges.it\/#\/schema\/logo\/image\/","url":"https:\/\/lesrefuges.it\/wp-content\/uploads\/2023\/10\/rhemes-appartamenti-camere.png","contentUrl":"https:\/\/lesrefuges.it\/wp-content\/uploads\/2023\/10\/rhemes-appartamenti-camere.png","width":150,"height":107,"caption":"Les Refuges"},"image":{"@id":"https:\/\/lesrefuges.it\/#\/schema\/logo\/image\/"},"sameAs":["https:\/\/www.facebook.com\/Lesrefuges"]}]}},"_links":{"self":[{"href":"https:\/\/lesrefuges.it\/fr\/wp-json\/wp\/v2\/pages\/22569","targetHints":{"allow":["GET"]}}],"collection":[{"href":"https:\/\/lesrefuges.it\/fr\/wp-json\/wp\/v2\/pages"}],"about":[{"href":"https:\/\/lesrefuges.it\/fr\/wp-json\/wp\/v2\/types\/page"}],"author":[{"embeddable":true,"href":"https:\/\/lesrefuges.it\/fr\/wp-json\/wp\/v2\/users\/2"}],"replies":[{"embeddable":true,"href":"https:\/\/lesrefuges.it\/fr\/wp-json\/wp\/v2\/comments?post=22569"}],"version-history":[{"count":3,"href":"https:\/\/lesrefuges.it\/fr\/wp-json\/wp\/v2\/pages\/22569\/revisions"}],"predecessor-version":[{"id":23652,"href":"https:\/\/lesrefuges.it\/fr\/wp-json\/wp\/v2\/pages\/22569\/revisions\/23652"}],"wp:featuredmedia":[{"embeddable":true,"href":"https:\/\/lesrefuges.it\/fr\/wp-json\/wp\/v2\/media\/17461"}],"wp:attachment":[{"href":"https:\/\/lesrefuges.it\/fr\/wp-json\/wp\/v2\/media?parent=22569"}],"curies":[{"name":"wp","href":"https:\/\/api.w.org\/{rel}","templated":true}]}}