{"id":22545,"date":"2024-08-17T16:14:11","date_gmt":"2024-08-17T14:14:11","guid":{"rendered":"https:\/\/lesrefuges.it\/le-village-de-thumel-la-cuisine\/le-village-de-thumel-comment-arriver\/"},"modified":"2024-08-27T16:33:03","modified_gmt":"2024-08-27T14:33:03","slug":"le-village-de-thumel-comment-arriver","status":"publish","type":"page","link":"https:\/\/lesrefuges.it\/fr\/le-village-de-thumel-la-cuisine\/le-village-de-thumel-comment-arriver\/","title":{"rendered":"Le Village de Thumel &#8211; Comment Arriver"},"content":{"rendered":"\t\t<div data-elementor-type=\"wp-page\" data-elementor-id=\"22545\" class=\"elementor elementor-22545 elementor-21349\">\n\t\t\t\t\t\t<section class=\"elementor-section elementor-top-section elementor-element elementor-element-ca66f1d elementor-section-stretched elementor-section-content-middle elementor-section-boxed elementor-section-height-default elementor-section-height-default\" data-id=\"ca66f1d\" data-element_type=\"section\" data-e-type=\"section\" data-settings=\"{&quot;stretch_section&quot;:&quot;section-stretched&quot;,&quot;background_background&quot;:&quot;classic&quot;,&quot;animation&quot;:&quot;none&quot;}\">\n\t\t\t\t\t\t\t<div class=\"elementor-background-overlay\"><\/div>\n\t\t\t\t\t\t\t<div class=\"elementor-container elementor-column-gap-default\">\n\t\t\t\t\t<div class=\"elementor-column elementor-col-100 elementor-top-column elementor-element elementor-element-ec3f6ee\" data-id=\"ec3f6ee\" data-element_type=\"column\" data-e-type=\"column\">\n\t\t\t<div class=\"elementor-widget-wrap elementor-element-populated\">\n\t\t\t\t\t\t<div class=\"elementor-element elementor-element-546b18e elementor-widget elementor-widget-qi_addons_for_elementor_animated_text\" data-id=\"546b18e\" data-element_type=\"widget\" data-e-type=\"widget\" data-widget_type=\"qi_addons_for_elementor_animated_text.default\">\n\t\t\t\t<div class=\"elementor-widget-container\">\n\t\t\t\t\t<div class=\"qodef-shortcode qodef-m qodef-qi-animated-text qodef--animated-by-word qodef--alignment-center qodef-qi--has-appear qodef--appear-from-right\" >\n\t\t<h1 class=\"qodef-m-title\">\n\t\t<span class=\"qodef-e-word\">Le<\/span> <span class=\"qodef-e-word\">Village<\/span> <span class=\"qodef-e-word\">de<\/span> <span class=\"qodef-e-word\">Thumel<\/span> <span class=\"qodef-e-word\">1879<\/span>\t<\/h1>\n<\/div>\n\t\t\t\t<\/div>\n\t\t\t\t<\/div>\n\t\t\t\t<div class=\"elementor-element elementor-element-94a2b91 elementor-widget elementor-widget-qi_addons_for_elementor_animated_text\" data-id=\"94a2b91\" data-element_type=\"widget\" data-e-type=\"widget\" data-widget_type=\"qi_addons_for_elementor_animated_text.default\">\n\t\t\t\t<div class=\"elementor-widget-container\">\n\t\t\t\t\t<div class=\"qodef-shortcode qodef-m qodef-qi-animated-text qodef--animated-by-word qodef--alignment-center qodef-qi--has-appear qodef--appear-from-right\" >\n\t\t<h1 class=\"qodef-m-title\">\n\t\t<span class=\"qodef-e-word\">Comment<\/span> <span class=\"qodef-e-word\">Arriver<\/span>\t<\/h1>\n<\/div>\n\t\t\t\t<\/div>\n\t\t\t\t<\/div>\n\t\t\t\t<div class=\"elementor-element elementor-element-b56dbb0 elementor-widget__width-initial elementor-widget elementor-widget-qi_addons_for_elementor_animated_text\" data-id=\"b56dbb0\" data-element_type=\"widget\" data-e-type=\"widget\" data-widget_type=\"qi_addons_for_elementor_animated_text.default\">\n\t\t\t\t<div class=\"elementor-widget-container\">\n\t\t\t\t\t<div class=\"qodef-shortcode qodef-m qodef-qi-animated-text qodef--alignment-center qodef-qi--has-appear qodef--appear-from-bottom\" >\n\t\t<h2 class=\"qodef-m-title\">\n\t\tLe Village de Thumel 1879 \u2013 sur Google Maps :\t<\/h2>\n<\/div>\n\t\t\t\t<\/div>\n\t\t\t\t<\/div>\n\t\t\t\t<div class=\"elementor-element elementor-element-a05f87c elementor-widget elementor-widget-google_maps\" data-id=\"a05f87c\" data-element_type=\"widget\" data-e-type=\"widget\" data-widget_type=\"google_maps.default\">\n\t\t\t\t<div class=\"elementor-widget-container\">\n\t\t\t\t\t\t\t<div class=\"elementor-custom-embed\">\n\t\t\t<iframe loading=\"lazy\"\n\t\t\t\t\tsrc=\"https:\/\/maps.google.com\/maps?q=Le%20Village%20de%20Thumel%20Frazione%20Thumel&#038;t=m&#038;z=12&#038;output=embed&#038;iwloc=near\"\n\t\t\t\t\ttitle=\"Le Village de Thumel Frazione Thumel\"\n\t\t\t\t\taria-label=\"Le Village de Thumel Frazione Thumel\"\n\t\t\t><\/iframe>\n\t\t<\/div>\n\t\t\t\t\t\t<\/div>\n\t\t\t\t<\/div>\n\t\t\t\t<div class=\"elementor-element elementor-element-a4eab2f elementor-widget elementor-widget-spacer\" data-id=\"a4eab2f\" data-element_type=\"widget\" data-e-type=\"widget\" data-widget_type=\"spacer.default\">\n\t\t\t\t<div class=\"elementor-widget-container\">\n\t\t\t\t\t\t\t<div class=\"elementor-spacer\">\n\t\t\t<div class=\"elementor-spacer-inner\"><\/div>\n\t\t<\/div>\n\t\t\t\t\t\t<\/div>\n\t\t\t\t<\/div>\n\t\t\t\t<div class=\"elementor-element elementor-element-280b410 elementor-widget elementor-widget-heading\" data-id=\"280b410\" data-element_type=\"widget\" data-e-type=\"widget\" data-widget_type=\"heading.default\">\n\t\t\t\t<div class=\"elementor-widget-container\">\n\t\t\t\t\t<p class=\"elementor-heading-title elementor-size-default\"><b>Depuis la France<\/b> <b>:<\/b> <br><br> Traverser le Tunnel du Mont Blanc, continuer sur l'autoroute A5 jusqu'\u00e0 la sortie Aoste Ouest, suivre la SS26 en direction de Villeneuve, puis prendre la SR23 et continuer jusqu'au hameau de Thumel. <br><br>\n<b>Depuis la Suisse<\/b> <b>:<\/b> <br><br>Passer le Grand Saint-Bernard, descendre dans la vall\u00e9e jusqu'\u00e0 Aoste, prendre l'autoroute A5 jusqu'\u00e0 la sortie Aoste Ouest, puis suivre la SS26 et ensuite la SR23 pour continuer jusqu'au hameau de Thumel. <br><br>\n<b>Depuis l'Italie <\/b><b>:<\/b> <br><br> Prendre l'autoroute A5 en direction d'Aoste, sortir \u00e0 Aoste Ouest, suivre la SS26 jusqu'\u00e0 Villeneuve, puis prendre la SR23 et continuer jusqu'au hameau de Thumel. <br><br><\/p>\t\t\t\t<\/div>\n\t\t\t\t<\/div>\n\t\t\t\t\t<\/div>\n\t\t<\/div>\n\t\t\t\t\t<\/div>\n\t\t<\/section>\n\t\t\t\t<\/div>\n\t\t","protected":false},"excerpt":{"rendered":"<p>Le Village de Thumel 1879 Comment Arriver Le Village de Thumel 1879 \u2013 sur Google Maps : Depuis la France : Traverser le Tunnel du Mont Blanc, continuer sur l&#8217;autoroute A5 jusqu&#8217;\u00e0 la sortie Aoste Ouest, suivre la SS26 en direction de Villeneuve, puis prendre la SR23 et continuer jusqu&#8217;au hameau de Thumel. Depuis la [&hellip;]<\/p>\n","protected":false},"author":3,"featured_media":8811,"parent":22541,"menu_order":0,"comment_status":"closed","ping_status":"closed","template":"","meta":{"footnotes":""},"class_list":["post-22545","page","type-page","status-publish","has-post-thumbnail","hentry"],"yoast_head":"<!-- This site is optimized with the Yoast SEO plugin v27.5 - https:\/\/yoast.com\/product\/yoast-seo-wordpress\/ -->\n<title>Restaurant Le Village de Thumel - Comment Arriver - Benvenuti nel mondo dei Les Refuges<\/title>\n<meta name=\"description\" content=\"\u00c0 une altitude de 1879 m\u00e8tres, dans le pittoresque village de Thumel, le restaurant &quot;Le Village de Thumel 1879&quot; est un authentique refuge culinaire au c\u0153ur des montagnes de la haute vall\u00e9e de Rh\u00eames Notre Dame, en Vall\u00e9e d&#039;Aoste. Reli\u00e9 \u00e0 La R\u00eaverie de Thumel - Chambres par une \u00e9l\u00e9gante passerelle, c&#039;est un point de rencontre pour les alpinistes, les skieurs, les vacanciers et les amoureux de la nature. Les plats, cuits dans l&#039;ancien four du village, comprennent des sp\u00e9cialit\u00e9s telles que l&#039;agneau, le porcelet, les joues de veau, le jarret de porc et le pain fait maison. Le menu du restaurant est un voyage dans la gastronomie vald\u00f4taine, avec de la polenta, des gnocchis, des charcuteries et des fromages locaux, ainsi que des desserts traditionnels. Chaque plat c\u00e9l\u00e8bre les racines et le patrimoine culinaire de la r\u00e9gion. La cave propose une vaste s\u00e9lection de vins renomm\u00e9s de la Vall\u00e9e d&#039;Aoste et d&#039;Italie. Le cuisinier et g\u00e9rant Beppe se consacrent avec passion \u00e0 la cuisine et \u00e0 l&#039;hospitalit\u00e9, alliant tradition et innovation. La terrasse du restaurant offre une vue imprenable sur le Grand Combin et la nature environnante, offrant des moments de contemplation et d&#039;harmonie. En hiver, le restaurant reste accessible m\u00eame en cas de neige gr\u00e2ce au service de transport en motoneige ou en dameuse.\" \/>\n<meta name=\"robots\" content=\"index, follow, max-snippet:-1, max-image-preview:large, max-video-preview:-1\" \/>\n<link rel=\"canonical\" href=\"https:\/\/lesrefuges.it\/le-village-de-thumel-la-cucina\/le-village-de-thumel-come-arivare\/\" \/>\n<meta property=\"og:locale\" content=\"fr_FR\" \/>\n<meta property=\"og:type\" content=\"article\" \/>\n<meta property=\"og:title\" content=\"Restaurant Le Village de Thumel - Comment Arriver - Benvenuti nel mondo dei Les Refuges\" \/>\n<meta property=\"og:description\" content=\"\u00c0 une altitude de 1879 m\u00e8tres, dans le pittoresque village de Thumel, le restaurant &quot;Le Village de Thumel 1879&quot; est un authentique refuge culinaire au c\u0153ur des montagnes de la haute vall\u00e9e de Rh\u00eames Notre Dame, en Vall\u00e9e d&#039;Aoste. Reli\u00e9 \u00e0 La R\u00eaverie de Thumel - Chambres par une \u00e9l\u00e9gante passerelle, c&#039;est un point de rencontre pour les alpinistes, les skieurs, les vacanciers et les amoureux de la nature. Les plats, cuits dans l&#039;ancien four du village, comprennent des sp\u00e9cialit\u00e9s telles que l&#039;agneau, le porcelet, les joues de veau, le jarret de porc et le pain fait maison. Le menu du restaurant est un voyage dans la gastronomie vald\u00f4taine, avec de la polenta, des gnocchis, des charcuteries et des fromages locaux, ainsi que des desserts traditionnels. Chaque plat c\u00e9l\u00e8bre les racines et le patrimoine culinaire de la r\u00e9gion. La cave propose une vaste s\u00e9lection de vins renomm\u00e9s de la Vall\u00e9e d&#039;Aoste et d&#039;Italie. Le cuisinier et g\u00e9rant Beppe se consacrent avec passion \u00e0 la cuisine et \u00e0 l&#039;hospitalit\u00e9, alliant tradition et innovation. La terrasse du restaurant offre une vue imprenable sur le Grand Combin et la nature environnante, offrant des moments de contemplation et d&#039;harmonie. En hiver, le restaurant reste accessible m\u00eame en cas de neige gr\u00e2ce au service de transport en motoneige ou en dameuse.\" \/>\n<meta property=\"og:url\" content=\"https:\/\/lesrefuges.it\/le-village-de-thumel-la-cucina\/le-village-de-thumel-come-arivare\/\" \/>\n<meta property=\"og:site_name\" content=\"Benvenuti nel mondo dei Les Refuges\" \/>\n<meta property=\"article:publisher\" content=\"https:\/\/www.facebook.com\/Lesrefuges\" \/>\n<meta property=\"article:modified_time\" content=\"2024-08-27T14:33:03+00:00\" \/>\n<meta property=\"og:image\" content=\"https:\/\/lesrefuges.it\/wp-content\/uploads\/2023\/11\/Schermata-2023-08-13-alle-20.41.17-1024x672.png\" \/>\n\t<meta property=\"og:image:width\" content=\"1024\" \/>\n\t<meta property=\"og:image:height\" content=\"672\" \/>\n\t<meta property=\"og:image:type\" content=\"image\/png\" \/>\n<meta name=\"twitter:card\" content=\"summary_large_image\" \/>\n<meta name=\"twitter:label1\" content=\"Est. reading time\" \/>\n\t<meta name=\"twitter:data1\" content=\"1 minute\" \/>\n<script type=\"application\/ld+json\" class=\"yoast-schema-graph\">{\"@context\":\"https:\\\/\\\/schema.org\",\"@graph\":[{\"@type\":\"WebPage\",\"@id\":\"https:\\\/\\\/lesrefuges.it\\\/le-village-de-thumel-la-cucina\\\/le-village-de-thumel-come-arivare\\\/\",\"url\":\"https:\\\/\\\/lesrefuges.it\\\/le-village-de-thumel-la-cucina\\\/le-village-de-thumel-come-arivare\\\/\",\"name\":\"Restaurant Le Village de Thumel - Comment Arriver - Benvenuti nel mondo dei Les Refuges\",\"isPartOf\":{\"@id\":\"https:\\\/\\\/lesrefuges.it\\\/#website\"},\"primaryImageOfPage\":{\"@id\":\"https:\\\/\\\/lesrefuges.it\\\/le-village-de-thumel-la-cucina\\\/le-village-de-thumel-come-arivare\\\/#primaryimage\"},\"image\":{\"@id\":\"https:\\\/\\\/lesrefuges.it\\\/le-village-de-thumel-la-cucina\\\/le-village-de-thumel-come-arivare\\\/#primaryimage\"},\"thumbnailUrl\":\"https:\\\/\\\/lesrefuges.it\\\/wp-content\\\/uploads\\\/2023\\\/11\\\/Schermata-2023-08-13-alle-20.41.17.png\",\"datePublished\":\"2024-08-17T14:14:11+00:00\",\"dateModified\":\"2024-08-27T14:33:03+00:00\",\"description\":\"\u00c0 une altitude de 1879 m\u00e8tres, dans le pittoresque village de Thumel, le restaurant \\\"Le Village de Thumel 1879\\\" est un authentique refuge culinaire au c\u0153ur des montagnes de la haute vall\u00e9e de Rh\u00eames Notre Dame, en Vall\u00e9e d'Aoste. Reli\u00e9 \u00e0 La R\u00eaverie de Thumel - Chambres par une \u00e9l\u00e9gante passerelle, c'est un point de rencontre pour les alpinistes, les skieurs, les vacanciers et les amoureux de la nature. Les plats, cuits dans l'ancien four du village, comprennent des sp\u00e9cialit\u00e9s telles que l'agneau, le porcelet, les joues de veau, le jarret de porc et le pain fait maison. Le menu du restaurant est un voyage dans la gastronomie vald\u00f4taine, avec de la polenta, des gnocchis, des charcuteries et des fromages locaux, ainsi que des desserts traditionnels. Chaque plat c\u00e9l\u00e8bre les racines et le patrimoine culinaire de la r\u00e9gion. La cave propose une vaste s\u00e9lection de vins renomm\u00e9s de la Vall\u00e9e d'Aoste et d'Italie. Le cuisinier et g\u00e9rant Beppe se consacrent avec passion \u00e0 la cuisine et \u00e0 l'hospitalit\u00e9, alliant tradition et innovation. La terrasse du restaurant offre une vue imprenable sur le Grand Combin et la nature environnante, offrant des moments de contemplation et d'harmonie. En hiver, le restaurant reste accessible m\u00eame en cas de neige gr\u00e2ce au service de transport en motoneige ou en dameuse.\",\"breadcrumb\":{\"@id\":\"https:\\\/\\\/lesrefuges.it\\\/le-village-de-thumel-la-cucina\\\/le-village-de-thumel-come-arivare\\\/#breadcrumb\"},\"inLanguage\":\"fr-FR\",\"potentialAction\":[{\"@type\":\"ReadAction\",\"target\":[\"https:\\\/\\\/lesrefuges.it\\\/le-village-de-thumel-la-cucina\\\/le-village-de-thumel-come-arivare\\\/\"]}]},{\"@type\":\"ImageObject\",\"inLanguage\":\"fr-FR\",\"@id\":\"https:\\\/\\\/lesrefuges.it\\\/le-village-de-thumel-la-cucina\\\/le-village-de-thumel-come-arivare\\\/#primaryimage\",\"url\":\"https:\\\/\\\/lesrefuges.it\\\/wp-content\\\/uploads\\\/2023\\\/11\\\/Schermata-2023-08-13-alle-20.41.17.png\",\"contentUrl\":\"https:\\\/\\\/lesrefuges.it\\\/wp-content\\\/uploads\\\/2023\\\/11\\\/Schermata-2023-08-13-alle-20.41.17.png\",\"width\":2028,\"height\":1330,\"caption\":\"Il ristorante Le Village de Thumel\"},{\"@type\":\"BreadcrumbList\",\"@id\":\"https:\\\/\\\/lesrefuges.it\\\/le-village-de-thumel-la-cucina\\\/le-village-de-thumel-come-arivare\\\/#breadcrumb\",\"itemListElement\":[{\"@type\":\"ListItem\",\"position\":1,\"name\":\"Home\",\"item\":\"https:\\\/\\\/lesrefuges.it\\\/\"},{\"@type\":\"ListItem\",\"position\":2,\"name\":\"Le Village de Thumel &#8211; la cuisine\",\"item\":\"https:\\\/\\\/lesrefuges.it\\\/le-village-de-thumel-la-cucina\\\/\"},{\"@type\":\"ListItem\",\"position\":3,\"name\":\"Le Village de Thumel &#8211; Comment Arriver\"}]},{\"@type\":\"WebSite\",\"@id\":\"https:\\\/\\\/lesrefuges.it\\\/#website\",\"url\":\"https:\\\/\\\/lesrefuges.it\\\/\",\"name\":\"Benvenuti nel mondo dei Les Refuges\",\"description\":\"Destinazioni eccezionali\",\"publisher\":{\"@id\":\"https:\\\/\\\/lesrefuges.it\\\/#organization\"},\"potentialAction\":[{\"@type\":\"SearchAction\",\"target\":{\"@type\":\"EntryPoint\",\"urlTemplate\":\"https:\\\/\\\/lesrefuges.it\\\/?s={search_term_string}\"},\"query-input\":{\"@type\":\"PropertyValueSpecification\",\"valueRequired\":true,\"valueName\":\"search_term_string\"}}],\"inLanguage\":\"fr-FR\"},{\"@type\":\"Organization\",\"@id\":\"https:\\\/\\\/lesrefuges.it\\\/#organization\",\"name\":\"Les Refuges\",\"url\":\"https:\\\/\\\/lesrefuges.it\\\/\",\"logo\":{\"@type\":\"ImageObject\",\"inLanguage\":\"fr-FR\",\"@id\":\"https:\\\/\\\/lesrefuges.it\\\/#\\\/schema\\\/logo\\\/image\\\/\",\"url\":\"https:\\\/\\\/lesrefuges.it\\\/wp-content\\\/uploads\\\/2023\\\/10\\\/rhemes-appartamenti-camere.png\",\"contentUrl\":\"https:\\\/\\\/lesrefuges.it\\\/wp-content\\\/uploads\\\/2023\\\/10\\\/rhemes-appartamenti-camere.png\",\"width\":150,\"height\":107,\"caption\":\"Les Refuges\"},\"image\":{\"@id\":\"https:\\\/\\\/lesrefuges.it\\\/#\\\/schema\\\/logo\\\/image\\\/\"},\"sameAs\":[\"https:\\\/\\\/www.facebook.com\\\/Lesrefuges\"]}]}<\/script>\n<!-- \/ Yoast SEO plugin. -->","yoast_head_json":{"title":"Restaurant Le Village de Thumel - Comment Arriver - Benvenuti nel mondo dei Les Refuges","description":"\u00c0 une altitude de 1879 m\u00e8tres, dans le pittoresque village de Thumel, le restaurant \"Le Village de Thumel 1879\" est un authentique refuge culinaire au c\u0153ur des montagnes de la haute vall\u00e9e de Rh\u00eames Notre Dame, en Vall\u00e9e d'Aoste. Reli\u00e9 \u00e0 La R\u00eaverie de Thumel - Chambres par une \u00e9l\u00e9gante passerelle, c'est un point de rencontre pour les alpinistes, les skieurs, les vacanciers et les amoureux de la nature. Les plats, cuits dans l'ancien four du village, comprennent des sp\u00e9cialit\u00e9s telles que l'agneau, le porcelet, les joues de veau, le jarret de porc et le pain fait maison. Le menu du restaurant est un voyage dans la gastronomie vald\u00f4taine, avec de la polenta, des gnocchis, des charcuteries et des fromages locaux, ainsi que des desserts traditionnels. Chaque plat c\u00e9l\u00e8bre les racines et le patrimoine culinaire de la r\u00e9gion. La cave propose une vaste s\u00e9lection de vins renomm\u00e9s de la Vall\u00e9e d'Aoste et d'Italie. Le cuisinier et g\u00e9rant Beppe se consacrent avec passion \u00e0 la cuisine et \u00e0 l'hospitalit\u00e9, alliant tradition et innovation. La terrasse du restaurant offre une vue imprenable sur le Grand Combin et la nature environnante, offrant des moments de contemplation et d'harmonie. En hiver, le restaurant reste accessible m\u00eame en cas de neige gr\u00e2ce au service de transport en motoneige ou en dameuse.","robots":{"index":"index","follow":"follow","max-snippet":"max-snippet:-1","max-image-preview":"max-image-preview:large","max-video-preview":"max-video-preview:-1"},"canonical":"https:\/\/lesrefuges.it\/le-village-de-thumel-la-cucina\/le-village-de-thumel-come-arivare\/","og_locale":"fr_FR","og_type":"article","og_title":"Restaurant Le Village de Thumel - Comment Arriver - Benvenuti nel mondo dei Les Refuges","og_description":"\u00c0 une altitude de 1879 m\u00e8tres, dans le pittoresque village de Thumel, le restaurant \"Le Village de Thumel 1879\" est un authentique refuge culinaire au c\u0153ur des montagnes de la haute vall\u00e9e de Rh\u00eames Notre Dame, en Vall\u00e9e d'Aoste. Reli\u00e9 \u00e0 La R\u00eaverie de Thumel - Chambres par une \u00e9l\u00e9gante passerelle, c'est un point de rencontre pour les alpinistes, les skieurs, les vacanciers et les amoureux de la nature. Les plats, cuits dans l'ancien four du village, comprennent des sp\u00e9cialit\u00e9s telles que l'agneau, le porcelet, les joues de veau, le jarret de porc et le pain fait maison. Le menu du restaurant est un voyage dans la gastronomie vald\u00f4taine, avec de la polenta, des gnocchis, des charcuteries et des fromages locaux, ainsi que des desserts traditionnels. Chaque plat c\u00e9l\u00e8bre les racines et le patrimoine culinaire de la r\u00e9gion. La cave propose une vaste s\u00e9lection de vins renomm\u00e9s de la Vall\u00e9e d'Aoste et d'Italie. Le cuisinier et g\u00e9rant Beppe se consacrent avec passion \u00e0 la cuisine et \u00e0 l'hospitalit\u00e9, alliant tradition et innovation. La terrasse du restaurant offre une vue imprenable sur le Grand Combin et la nature environnante, offrant des moments de contemplation et d'harmonie. En hiver, le restaurant reste accessible m\u00eame en cas de neige gr\u00e2ce au service de transport en motoneige ou en dameuse.","og_url":"https:\/\/lesrefuges.it\/le-village-de-thumel-la-cucina\/le-village-de-thumel-come-arivare\/","og_site_name":"Benvenuti nel mondo dei Les Refuges","article_publisher":"https:\/\/www.facebook.com\/Lesrefuges","article_modified_time":"2024-08-27T14:33:03+00:00","og_image":[{"width":1024,"height":672,"url":"https:\/\/lesrefuges.it\/wp-content\/uploads\/2023\/11\/Schermata-2023-08-13-alle-20.41.17-1024x672.png","type":"image\/png"}],"twitter_card":"summary_large_image","twitter_misc":{"Est. reading time":"1 minute"},"schema":{"@context":"https:\/\/schema.org","@graph":[{"@type":"WebPage","@id":"https:\/\/lesrefuges.it\/le-village-de-thumel-la-cucina\/le-village-de-thumel-come-arivare\/","url":"https:\/\/lesrefuges.it\/le-village-de-thumel-la-cucina\/le-village-de-thumel-come-arivare\/","name":"Restaurant Le Village de Thumel - Comment Arriver - Benvenuti nel mondo dei Les Refuges","isPartOf":{"@id":"https:\/\/lesrefuges.it\/#website"},"primaryImageOfPage":{"@id":"https:\/\/lesrefuges.it\/le-village-de-thumel-la-cucina\/le-village-de-thumel-come-arivare\/#primaryimage"},"image":{"@id":"https:\/\/lesrefuges.it\/le-village-de-thumel-la-cucina\/le-village-de-thumel-come-arivare\/#primaryimage"},"thumbnailUrl":"https:\/\/lesrefuges.it\/wp-content\/uploads\/2023\/11\/Schermata-2023-08-13-alle-20.41.17.png","datePublished":"2024-08-17T14:14:11+00:00","dateModified":"2024-08-27T14:33:03+00:00","description":"\u00c0 une altitude de 1879 m\u00e8tres, dans le pittoresque village de Thumel, le restaurant \"Le Village de Thumel 1879\" est un authentique refuge culinaire au c\u0153ur des montagnes de la haute vall\u00e9e de Rh\u00eames Notre Dame, en Vall\u00e9e d'Aoste. Reli\u00e9 \u00e0 La R\u00eaverie de Thumel - Chambres par une \u00e9l\u00e9gante passerelle, c'est un point de rencontre pour les alpinistes, les skieurs, les vacanciers et les amoureux de la nature. Les plats, cuits dans l'ancien four du village, comprennent des sp\u00e9cialit\u00e9s telles que l'agneau, le porcelet, les joues de veau, le jarret de porc et le pain fait maison. Le menu du restaurant est un voyage dans la gastronomie vald\u00f4taine, avec de la polenta, des gnocchis, des charcuteries et des fromages locaux, ainsi que des desserts traditionnels. Chaque plat c\u00e9l\u00e8bre les racines et le patrimoine culinaire de la r\u00e9gion. La cave propose une vaste s\u00e9lection de vins renomm\u00e9s de la Vall\u00e9e d'Aoste et d'Italie. Le cuisinier et g\u00e9rant Beppe se consacrent avec passion \u00e0 la cuisine et \u00e0 l'hospitalit\u00e9, alliant tradition et innovation. La terrasse du restaurant offre une vue imprenable sur le Grand Combin et la nature environnante, offrant des moments de contemplation et d'harmonie. En hiver, le restaurant reste accessible m\u00eame en cas de neige gr\u00e2ce au service de transport en motoneige ou en dameuse.","breadcrumb":{"@id":"https:\/\/lesrefuges.it\/le-village-de-thumel-la-cucina\/le-village-de-thumel-come-arivare\/#breadcrumb"},"inLanguage":"fr-FR","potentialAction":[{"@type":"ReadAction","target":["https:\/\/lesrefuges.it\/le-village-de-thumel-la-cucina\/le-village-de-thumel-come-arivare\/"]}]},{"@type":"ImageObject","inLanguage":"fr-FR","@id":"https:\/\/lesrefuges.it\/le-village-de-thumel-la-cucina\/le-village-de-thumel-come-arivare\/#primaryimage","url":"https:\/\/lesrefuges.it\/wp-content\/uploads\/2023\/11\/Schermata-2023-08-13-alle-20.41.17.png","contentUrl":"https:\/\/lesrefuges.it\/wp-content\/uploads\/2023\/11\/Schermata-2023-08-13-alle-20.41.17.png","width":2028,"height":1330,"caption":"Il ristorante Le Village de Thumel"},{"@type":"BreadcrumbList","@id":"https:\/\/lesrefuges.it\/le-village-de-thumel-la-cucina\/le-village-de-thumel-come-arivare\/#breadcrumb","itemListElement":[{"@type":"ListItem","position":1,"name":"Home","item":"https:\/\/lesrefuges.it\/"},{"@type":"ListItem","position":2,"name":"Le Village de Thumel &#8211; la cuisine","item":"https:\/\/lesrefuges.it\/le-village-de-thumel-la-cucina\/"},{"@type":"ListItem","position":3,"name":"Le Village de Thumel &#8211; Comment Arriver"}]},{"@type":"WebSite","@id":"https:\/\/lesrefuges.it\/#website","url":"https:\/\/lesrefuges.it\/","name":"Benvenuti nel mondo dei Les Refuges","description":"Destinazioni eccezionali","publisher":{"@id":"https:\/\/lesrefuges.it\/#organization"},"potentialAction":[{"@type":"SearchAction","target":{"@type":"EntryPoint","urlTemplate":"https:\/\/lesrefuges.it\/?s={search_term_string}"},"query-input":{"@type":"PropertyValueSpecification","valueRequired":true,"valueName":"search_term_string"}}],"inLanguage":"fr-FR"},{"@type":"Organization","@id":"https:\/\/lesrefuges.it\/#organization","name":"Les Refuges","url":"https:\/\/lesrefuges.it\/","logo":{"@type":"ImageObject","inLanguage":"fr-FR","@id":"https:\/\/lesrefuges.it\/#\/schema\/logo\/image\/","url":"https:\/\/lesrefuges.it\/wp-content\/uploads\/2023\/10\/rhemes-appartamenti-camere.png","contentUrl":"https:\/\/lesrefuges.it\/wp-content\/uploads\/2023\/10\/rhemes-appartamenti-camere.png","width":150,"height":107,"caption":"Les Refuges"},"image":{"@id":"https:\/\/lesrefuges.it\/#\/schema\/logo\/image\/"},"sameAs":["https:\/\/www.facebook.com\/Lesrefuges"]}]}},"_links":{"self":[{"href":"https:\/\/lesrefuges.it\/fr\/wp-json\/wp\/v2\/pages\/22545","targetHints":{"allow":["GET"]}}],"collection":[{"href":"https:\/\/lesrefuges.it\/fr\/wp-json\/wp\/v2\/pages"}],"about":[{"href":"https:\/\/lesrefuges.it\/fr\/wp-json\/wp\/v2\/types\/page"}],"author":[{"embeddable":true,"href":"https:\/\/lesrefuges.it\/fr\/wp-json\/wp\/v2\/users\/3"}],"replies":[{"embeddable":true,"href":"https:\/\/lesrefuges.it\/fr\/wp-json\/wp\/v2\/comments?post=22545"}],"version-history":[{"count":1,"href":"https:\/\/lesrefuges.it\/fr\/wp-json\/wp\/v2\/pages\/22545\/revisions"}],"predecessor-version":[{"id":22546,"href":"https:\/\/lesrefuges.it\/fr\/wp-json\/wp\/v2\/pages\/22545\/revisions\/22546"}],"up":[{"embeddable":true,"href":"https:\/\/lesrefuges.it\/fr\/wp-json\/wp\/v2\/pages\/22541"}],"wp:featuredmedia":[{"embeddable":true,"href":"https:\/\/lesrefuges.it\/fr\/wp-json\/wp\/v2\/media\/8811"}],"wp:attachment":[{"href":"https:\/\/lesrefuges.it\/fr\/wp-json\/wp\/v2\/media?parent=22545"}],"curies":[{"name":"wp","href":"https:\/\/api.w.org\/{rel}","templated":true}]}}