{"id":22537,"date":"2024-08-17T15:35:04","date_gmt":"2024-08-17T13:35:04","guid":{"rendered":"https:\/\/lesrefuges.it\/le-village-de-fours-comment-y-arriver\/"},"modified":"2024-09-09T21:07:05","modified_gmt":"2024-09-09T19:07:05","slug":"le-village-de-fours-comment-y-arriver","status":"publish","type":"page","link":"https:\/\/lesrefuges.it\/fr\/le-village-de-fours-comment-y-arriver\/","title":{"rendered":"Le Village de Fours &#8211; comment y arriver"},"content":{"rendered":"\t\t<div data-elementor-type=\"wp-page\" data-elementor-id=\"22537\" class=\"elementor elementor-22537 elementor-21300\">\n\t\t\t\t\t\t<section class=\"elementor-section elementor-top-section elementor-element elementor-element-6b6fa794 elementor-section-stretched elementor-section-content-middle elementor-section-boxed elementor-section-height-default elementor-section-height-default\" data-id=\"6b6fa794\" data-element_type=\"section\" data-e-type=\"section\" data-settings=\"{&quot;stretch_section&quot;:&quot;section-stretched&quot;,&quot;background_background&quot;:&quot;classic&quot;,&quot;animation&quot;:&quot;none&quot;}\">\n\t\t\t\t\t\t\t<div class=\"elementor-background-overlay\"><\/div>\n\t\t\t\t\t\t\t<div class=\"elementor-container elementor-column-gap-default\">\n\t\t\t\t\t<div class=\"elementor-column elementor-col-100 elementor-top-column elementor-element elementor-element-4e4eb37\" data-id=\"4e4eb37\" data-element_type=\"column\" data-e-type=\"column\">\n\t\t\t<div class=\"elementor-widget-wrap elementor-element-populated\">\n\t\t\t\t\t\t<div class=\"elementor-element elementor-element-817a210 elementor-widget elementor-widget-qi_addons_for_elementor_animated_text\" data-id=\"817a210\" data-element_type=\"widget\" data-e-type=\"widget\" data-widget_type=\"qi_addons_for_elementor_animated_text.default\">\n\t\t\t\t<div class=\"elementor-widget-container\">\n\t\t\t\t\t<div class=\"qodef-shortcode qodef-m qodef-qi-animated-text qodef--animated-by-word qodef--alignment-center qodef-qi--has-appear qodef--appear-from-right\" >\n\t\t<h1 class=\"qodef-m-title\">\n\t\t<span class=\"qodef-e-word\">Le<\/span> <span class=\"qodef-e-word\">Village<\/span> <span class=\"qodef-e-word\">de<\/span> <span class=\"qodef-e-word\">Fours<\/span> <span class=\"qodef-e-word\">2015<\/span>\t<\/h1>\n<\/div>\n\t\t\t\t<\/div>\n\t\t\t\t<\/div>\n\t\t\t\t<div class=\"elementor-element elementor-element-48bdd69 elementor-widget elementor-widget-qi_addons_for_elementor_animated_text\" data-id=\"48bdd69\" data-element_type=\"widget\" data-e-type=\"widget\" data-widget_type=\"qi_addons_for_elementor_animated_text.default\">\n\t\t\t\t<div class=\"elementor-widget-container\">\n\t\t\t\t\t<div class=\"qodef-shortcode qodef-m qodef-qi-animated-text qodef--animated-by-word qodef--alignment-center qodef-qi--has-appear qodef--appear-from-right\" >\n\t\t<h1 class=\"qodef-m-title\">\n\t\t<span class=\"qodef-e-word\">Comment<\/span> <span class=\"qodef-e-word\">Arriver<\/span>\t<\/h1>\n<\/div>\n\t\t\t\t<\/div>\n\t\t\t\t<\/div>\n\t\t\t\t<div class=\"elementor-element elementor-element-46d7861 elementor-widget elementor-widget-spacer\" data-id=\"46d7861\" data-element_type=\"widget\" data-e-type=\"widget\" data-widget_type=\"spacer.default\">\n\t\t\t\t<div class=\"elementor-widget-container\">\n\t\t\t\t\t\t\t<div class=\"elementor-spacer\">\n\t\t\t<div class=\"elementor-spacer-inner\"><\/div>\n\t\t<\/div>\n\t\t\t\t\t\t<\/div>\n\t\t\t\t<\/div>\n\t\t\t\t<div class=\"elementor-element elementor-element-ddebfdb elementor-widget__width-initial elementor-widget elementor-widget-google_maps\" data-id=\"ddebfdb\" data-element_type=\"widget\" data-e-type=\"widget\" data-widget_type=\"google_maps.default\">\n\t\t\t\t<div class=\"elementor-widget-container\">\n\t\t\t\t\t\t\t<div class=\"elementor-custom-embed\">\n\t\t\t<iframe loading=\"lazy\"\n\t\t\t\t\tsrc=\"https:\/\/maps.google.com\/maps?q=Le%20Village%20de%20Fours%2C%20Fos%201%20Rh%C3%AAmes-Notre-Dame%20AO&#038;t=m&#038;z=16&#038;output=embed&#038;iwloc=near\"\n\t\t\t\t\ttitle=\"Le Village de Fours, Fos 1 Rh\u00eames-Notre-Dame AO\"\n\t\t\t\t\taria-label=\"Le Village de Fours, Fos 1 Rh\u00eames-Notre-Dame AO\"\n\t\t\t><\/iframe>\n\t\t<\/div>\n\t\t\t\t\t\t<\/div>\n\t\t\t\t<\/div>\n\t\t\t\t<div class=\"elementor-element elementor-element-6435030 elementor-widget elementor-widget-spacer\" data-id=\"6435030\" data-element_type=\"widget\" data-e-type=\"widget\" data-widget_type=\"spacer.default\">\n\t\t\t\t<div class=\"elementor-widget-container\">\n\t\t\t\t\t\t\t<div class=\"elementor-spacer\">\n\t\t\t<div class=\"elementor-spacer-inner\"><\/div>\n\t\t<\/div>\n\t\t\t\t\t\t<\/div>\n\t\t\t\t<\/div>\n\t\t\t\t<div class=\"elementor-element elementor-element-fc8f96c elementor-widget elementor-widget-heading\" data-id=\"fc8f96c\" data-element_type=\"widget\" data-e-type=\"widget\" data-widget_type=\"heading.default\">\n\t\t\t\t<div class=\"elementor-widget-container\">\n\t\t\t\t\t<p class=\"elementor-heading-title elementor-size-default\"><b>Depuis Thumel<\/b><\/p>\t\t\t\t<\/div>\n\t\t\t\t<\/div>\n\t\t\t\t<div class=\"elementor-element elementor-element-9f899c2 elementor-widget elementor-widget-heading\" data-id=\"9f899c2\" data-element_type=\"widget\" data-e-type=\"widget\" data-widget_type=\"heading.default\">\n\t\t\t\t<div class=\"elementor-widget-container\">\n\t\t\t\t\t<h2 class=\"elementor-heading-title elementor-size-default\">Itin\u00e9raire violet - Route adapt\u00e9e aux v\u00e9hicules autoris\u00e9s et aux VTT<\/h2>\t\t\t\t<\/div>\n\t\t\t\t<\/div>\n\t\t\t\t<div class=\"elementor-element elementor-element-d0f5b72 elementor-widget elementor-widget-heading\" data-id=\"d0f5b72\" data-element_type=\"widget\" data-e-type=\"widget\" data-widget_type=\"heading.default\">\n\t\t\t\t<div class=\"elementor-widget-container\">\n\t\t\t\t\t<h2 class=\"elementor-heading-title elementor-size-default\">Itin\u00e9raire vert - Sentier estival d'environ 30 minutes<\/h2>\t\t\t\t<\/div>\n\t\t\t\t<\/div>\n\t\t\t\t<div class=\"elementor-element elementor-element-49ce76f elementor-widget elementor-widget-image\" data-id=\"49ce76f\" data-element_type=\"widget\" data-e-type=\"widget\" data-widget_type=\"image.default\">\n\t\t\t\t<div class=\"elementor-widget-container\">\n\t\t\t\t\t\t\t\t\t\t\t\t\t\t\t<img fetchpriority=\"high\" decoding=\"async\" width=\"1308\" height=\"601\" src=\"https:\/\/lesrefuges.it\/wp-content\/uploads\/2024\/08\/21A10614-2441-4C69-BDD4-43A9D526197A_1_105_c.jpeg\" class=\"attachment-full size-full wp-image-20878\" alt=\"\" srcset=\"https:\/\/lesrefuges.it\/wp-content\/uploads\/2024\/08\/21A10614-2441-4C69-BDD4-43A9D526197A_1_105_c.jpeg 1308w, https:\/\/lesrefuges.it\/wp-content\/uploads\/2024\/08\/21A10614-2441-4C69-BDD4-43A9D526197A_1_105_c-300x138.jpeg 300w, https:\/\/lesrefuges.it\/wp-content\/uploads\/2024\/08\/21A10614-2441-4C69-BDD4-43A9D526197A_1_105_c-1024x471.jpeg 1024w, https:\/\/lesrefuges.it\/wp-content\/uploads\/2024\/08\/21A10614-2441-4C69-BDD4-43A9D526197A_1_105_c-768x353.jpeg 768w\" sizes=\"(max-width: 1308px) 100vw, 1308px\" \/>\t\t\t\t\t\t\t\t\t\t\t\t\t\t\t<\/div>\n\t\t\t\t<\/div>\n\t\t\t\t\t<\/div>\n\t\t<\/div>\n\t\t\t\t\t<\/div>\n\t\t<\/section>\n\t\t\t\t<\/div>\n\t\t","protected":false},"excerpt":{"rendered":"<p>Le Village de Fours 2015 Comment Arriver Depuis Thumel Itin\u00e9raire violet &#8211; Route adapt\u00e9e aux v\u00e9hicules autoris\u00e9s et aux VTT Itin\u00e9raire vert &#8211; Sentier estival d&#8217;environ 30 minutes<\/p>\n","protected":false},"author":3,"featured_media":18087,"parent":0,"menu_order":0,"comment_status":"closed","ping_status":"closed","template":"","meta":{"footnotes":""},"class_list":["post-22537","page","type-page","status-publish","has-post-thumbnail","hentry"],"yoast_head":"<!-- This site is optimized with the Yoast SEO plugin v27.5 - https:\/\/yoast.com\/product\/yoast-seo-wordpress\/ -->\n<title>Le Village de Fours - comment y arriver - Benvenuti nel mondo dei Les Refuges<\/title>\n<meta name=\"description\" content=\"Au c\u0153ur de la Vall\u00e9e d&#039;Aoste se trouve le pittoresque &quot;Le village de Fours&quot;. Accessible uniquement par une route priv\u00e9e non goudronn\u00e9e, ce village \u00e9tait autrefois un creuset de vie et d&#039;activit\u00e9, avec sa petite \u00e9glise, son moulin et son four. Le studio dispose d&#039;un canap\u00e9-lit et d&#039;un lit double, d&#039;un po\u00eale \u00e0 granul\u00e9s, d&#039;une t\u00e9l\u00e9vision et d&#039;un patio \u00e9quip\u00e9 de chaises longues, de chaises et d&#039;une table basse. Un lieu pour se plonger dans la paix et la s\u00e9r\u00e9nit\u00e9 de la nature environnante. Il est pr\u00e9vu une contribution de 6 euros par nuit pour chaque animal domestique.\" \/>\n<meta name=\"robots\" content=\"index, follow, max-snippet:-1, max-image-preview:large, max-video-preview:-1\" \/>\n<link rel=\"canonical\" href=\"https:\/\/lesrefuges.it\/le-village-de-fours-come-arrivare\/\" \/>\n<meta property=\"og:locale\" content=\"fr_FR\" \/>\n<meta property=\"og:type\" content=\"article\" \/>\n<meta property=\"og:title\" content=\"Le Village de Fours - comment y arriver - Benvenuti nel mondo dei Les Refuges\" \/>\n<meta property=\"og:description\" content=\"Au c\u0153ur de la Vall\u00e9e d&#039;Aoste se trouve le pittoresque &quot;Le village de Fours&quot;. Accessible uniquement par une route priv\u00e9e non goudronn\u00e9e, ce village \u00e9tait autrefois un creuset de vie et d&#039;activit\u00e9, avec sa petite \u00e9glise, son moulin et son four. Le studio dispose d&#039;un canap\u00e9-lit et d&#039;un lit double, d&#039;un po\u00eale \u00e0 granul\u00e9s, d&#039;une t\u00e9l\u00e9vision et d&#039;un patio \u00e9quip\u00e9 de chaises longues, de chaises et d&#039;une table basse. Un lieu pour se plonger dans la paix et la s\u00e9r\u00e9nit\u00e9 de la nature environnante. Il est pr\u00e9vu une contribution de 6 euros par nuit pour chaque animal domestique.\" \/>\n<meta property=\"og:url\" content=\"https:\/\/lesrefuges.it\/le-village-de-fours-come-arrivare\/\" \/>\n<meta property=\"og:site_name\" content=\"Benvenuti nel mondo dei Les Refuges\" \/>\n<meta property=\"article:publisher\" content=\"https:\/\/www.facebook.com\/Lesrefuges\" \/>\n<meta property=\"article:modified_time\" content=\"2024-09-09T19:07:05+00:00\" \/>\n<meta property=\"og:image\" content=\"https:\/\/lesrefuges.it\/wp-content\/uploads\/2024\/04\/F644E5FB-1CC5-41B3-A3A6-962C2794C096_1_105_c.jpeg\" \/>\n\t<meta property=\"og:image:width\" content=\"768\" \/>\n\t<meta property=\"og:image:height\" content=\"1024\" \/>\n\t<meta property=\"og:image:type\" content=\"image\/jpeg\" \/>\n<meta name=\"twitter:card\" content=\"summary_large_image\" \/>\n<meta name=\"twitter:label1\" content=\"Est. reading time\" \/>\n\t<meta name=\"twitter:data1\" content=\"1 minute\" \/>\n<script type=\"application\/ld+json\" class=\"yoast-schema-graph\">{\"@context\":\"https:\\\/\\\/schema.org\",\"@graph\":[{\"@type\":\"WebPage\",\"@id\":\"https:\\\/\\\/lesrefuges.it\\\/le-village-de-fours-come-arrivare\\\/\",\"url\":\"https:\\\/\\\/lesrefuges.it\\\/le-village-de-fours-come-arrivare\\\/\",\"name\":\"Le Village de Fours - comment y arriver - Benvenuti nel mondo dei Les Refuges\",\"isPartOf\":{\"@id\":\"https:\\\/\\\/lesrefuges.it\\\/#website\"},\"primaryImageOfPage\":{\"@id\":\"https:\\\/\\\/lesrefuges.it\\\/le-village-de-fours-come-arrivare\\\/#primaryimage\"},\"image\":{\"@id\":\"https:\\\/\\\/lesrefuges.it\\\/le-village-de-fours-come-arrivare\\\/#primaryimage\"},\"thumbnailUrl\":\"https:\\\/\\\/lesrefuges.it\\\/wp-content\\\/uploads\\\/2024\\\/04\\\/F644E5FB-1CC5-41B3-A3A6-962C2794C096_1_105_c.jpeg\",\"datePublished\":\"2024-08-17T13:35:04+00:00\",\"dateModified\":\"2024-09-09T19:07:05+00:00\",\"description\":\"Au c\u0153ur de la Vall\u00e9e d'Aoste se trouve le pittoresque \\\"Le village de Fours\\\". Accessible uniquement par une route priv\u00e9e non goudronn\u00e9e, ce village \u00e9tait autrefois un creuset de vie et d'activit\u00e9, avec sa petite \u00e9glise, son moulin et son four. Le studio dispose d'un canap\u00e9-lit et d'un lit double, d'un po\u00eale \u00e0 granul\u00e9s, d'une t\u00e9l\u00e9vision et d'un patio \u00e9quip\u00e9 de chaises longues, de chaises et d'une table basse. Un lieu pour se plonger dans la paix et la s\u00e9r\u00e9nit\u00e9 de la nature environnante. Il est pr\u00e9vu une contribution de 6 euros par nuit pour chaque animal domestique.\",\"breadcrumb\":{\"@id\":\"https:\\\/\\\/lesrefuges.it\\\/le-village-de-fours-come-arrivare\\\/#breadcrumb\"},\"inLanguage\":\"fr-FR\",\"potentialAction\":[{\"@type\":\"ReadAction\",\"target\":[\"https:\\\/\\\/lesrefuges.it\\\/le-village-de-fours-come-arrivare\\\/\"]}]},{\"@type\":\"ImageObject\",\"inLanguage\":\"fr-FR\",\"@id\":\"https:\\\/\\\/lesrefuges.it\\\/le-village-de-fours-come-arrivare\\\/#primaryimage\",\"url\":\"https:\\\/\\\/lesrefuges.it\\\/wp-content\\\/uploads\\\/2024\\\/04\\\/F644E5FB-1CC5-41B3-A3A6-962C2794C096_1_105_c.jpeg\",\"contentUrl\":\"https:\\\/\\\/lesrefuges.it\\\/wp-content\\\/uploads\\\/2024\\\/04\\\/F644E5FB-1CC5-41B3-A3A6-962C2794C096_1_105_c.jpeg\",\"width\":768,\"height\":1024},{\"@type\":\"BreadcrumbList\",\"@id\":\"https:\\\/\\\/lesrefuges.it\\\/le-village-de-fours-come-arrivare\\\/#breadcrumb\",\"itemListElement\":[{\"@type\":\"ListItem\",\"position\":1,\"name\":\"Home\",\"item\":\"https:\\\/\\\/lesrefuges.it\\\/\"},{\"@type\":\"ListItem\",\"position\":2,\"name\":\"Le Village de Fours &#8211; comment y arriver\"}]},{\"@type\":\"WebSite\",\"@id\":\"https:\\\/\\\/lesrefuges.it\\\/#website\",\"url\":\"https:\\\/\\\/lesrefuges.it\\\/\",\"name\":\"Benvenuti nel mondo dei Les Refuges\",\"description\":\"Destinazioni eccezionali\",\"publisher\":{\"@id\":\"https:\\\/\\\/lesrefuges.it\\\/#organization\"},\"potentialAction\":[{\"@type\":\"SearchAction\",\"target\":{\"@type\":\"EntryPoint\",\"urlTemplate\":\"https:\\\/\\\/lesrefuges.it\\\/?s={search_term_string}\"},\"query-input\":{\"@type\":\"PropertyValueSpecification\",\"valueRequired\":true,\"valueName\":\"search_term_string\"}}],\"inLanguage\":\"fr-FR\"},{\"@type\":\"Organization\",\"@id\":\"https:\\\/\\\/lesrefuges.it\\\/#organization\",\"name\":\"Les Refuges\",\"url\":\"https:\\\/\\\/lesrefuges.it\\\/\",\"logo\":{\"@type\":\"ImageObject\",\"inLanguage\":\"fr-FR\",\"@id\":\"https:\\\/\\\/lesrefuges.it\\\/#\\\/schema\\\/logo\\\/image\\\/\",\"url\":\"https:\\\/\\\/lesrefuges.it\\\/wp-content\\\/uploads\\\/2023\\\/10\\\/rhemes-appartamenti-camere.png\",\"contentUrl\":\"https:\\\/\\\/lesrefuges.it\\\/wp-content\\\/uploads\\\/2023\\\/10\\\/rhemes-appartamenti-camere.png\",\"width\":150,\"height\":107,\"caption\":\"Les Refuges\"},\"image\":{\"@id\":\"https:\\\/\\\/lesrefuges.it\\\/#\\\/schema\\\/logo\\\/image\\\/\"},\"sameAs\":[\"https:\\\/\\\/www.facebook.com\\\/Lesrefuges\"]}]}<\/script>\n<!-- \/ Yoast SEO plugin. -->","yoast_head_json":{"title":"Le Village de Fours - comment y arriver - Benvenuti nel mondo dei Les Refuges","description":"Au c\u0153ur de la Vall\u00e9e d'Aoste se trouve le pittoresque \"Le village de Fours\". Accessible uniquement par une route priv\u00e9e non goudronn\u00e9e, ce village \u00e9tait autrefois un creuset de vie et d'activit\u00e9, avec sa petite \u00e9glise, son moulin et son four. Le studio dispose d'un canap\u00e9-lit et d'un lit double, d'un po\u00eale \u00e0 granul\u00e9s, d'une t\u00e9l\u00e9vision et d'un patio \u00e9quip\u00e9 de chaises longues, de chaises et d'une table basse. Un lieu pour se plonger dans la paix et la s\u00e9r\u00e9nit\u00e9 de la nature environnante. Il est pr\u00e9vu une contribution de 6 euros par nuit pour chaque animal domestique.","robots":{"index":"index","follow":"follow","max-snippet":"max-snippet:-1","max-image-preview":"max-image-preview:large","max-video-preview":"max-video-preview:-1"},"canonical":"https:\/\/lesrefuges.it\/le-village-de-fours-come-arrivare\/","og_locale":"fr_FR","og_type":"article","og_title":"Le Village de Fours - comment y arriver - Benvenuti nel mondo dei Les Refuges","og_description":"Au c\u0153ur de la Vall\u00e9e d'Aoste se trouve le pittoresque \"Le village de Fours\". Accessible uniquement par une route priv\u00e9e non goudronn\u00e9e, ce village \u00e9tait autrefois un creuset de vie et d'activit\u00e9, avec sa petite \u00e9glise, son moulin et son four. Le studio dispose d'un canap\u00e9-lit et d'un lit double, d'un po\u00eale \u00e0 granul\u00e9s, d'une t\u00e9l\u00e9vision et d'un patio \u00e9quip\u00e9 de chaises longues, de chaises et d'une table basse. Un lieu pour se plonger dans la paix et la s\u00e9r\u00e9nit\u00e9 de la nature environnante. Il est pr\u00e9vu une contribution de 6 euros par nuit pour chaque animal domestique.","og_url":"https:\/\/lesrefuges.it\/le-village-de-fours-come-arrivare\/","og_site_name":"Benvenuti nel mondo dei Les Refuges","article_publisher":"https:\/\/www.facebook.com\/Lesrefuges","article_modified_time":"2024-09-09T19:07:05+00:00","og_image":[{"width":768,"height":1024,"url":"https:\/\/lesrefuges.it\/wp-content\/uploads\/2024\/04\/F644E5FB-1CC5-41B3-A3A6-962C2794C096_1_105_c.jpeg","type":"image\/jpeg"}],"twitter_card":"summary_large_image","twitter_misc":{"Est. reading time":"1 minute"},"schema":{"@context":"https:\/\/schema.org","@graph":[{"@type":"WebPage","@id":"https:\/\/lesrefuges.it\/le-village-de-fours-come-arrivare\/","url":"https:\/\/lesrefuges.it\/le-village-de-fours-come-arrivare\/","name":"Le Village de Fours - comment y arriver - Benvenuti nel mondo dei Les Refuges","isPartOf":{"@id":"https:\/\/lesrefuges.it\/#website"},"primaryImageOfPage":{"@id":"https:\/\/lesrefuges.it\/le-village-de-fours-come-arrivare\/#primaryimage"},"image":{"@id":"https:\/\/lesrefuges.it\/le-village-de-fours-come-arrivare\/#primaryimage"},"thumbnailUrl":"https:\/\/lesrefuges.it\/wp-content\/uploads\/2024\/04\/F644E5FB-1CC5-41B3-A3A6-962C2794C096_1_105_c.jpeg","datePublished":"2024-08-17T13:35:04+00:00","dateModified":"2024-09-09T19:07:05+00:00","description":"Au c\u0153ur de la Vall\u00e9e d'Aoste se trouve le pittoresque \"Le village de Fours\". Accessible uniquement par une route priv\u00e9e non goudronn\u00e9e, ce village \u00e9tait autrefois un creuset de vie et d'activit\u00e9, avec sa petite \u00e9glise, son moulin et son four. Le studio dispose d'un canap\u00e9-lit et d'un lit double, d'un po\u00eale \u00e0 granul\u00e9s, d'une t\u00e9l\u00e9vision et d'un patio \u00e9quip\u00e9 de chaises longues, de chaises et d'une table basse. Un lieu pour se plonger dans la paix et la s\u00e9r\u00e9nit\u00e9 de la nature environnante. Il est pr\u00e9vu une contribution de 6 euros par nuit pour chaque animal domestique.","breadcrumb":{"@id":"https:\/\/lesrefuges.it\/le-village-de-fours-come-arrivare\/#breadcrumb"},"inLanguage":"fr-FR","potentialAction":[{"@type":"ReadAction","target":["https:\/\/lesrefuges.it\/le-village-de-fours-come-arrivare\/"]}]},{"@type":"ImageObject","inLanguage":"fr-FR","@id":"https:\/\/lesrefuges.it\/le-village-de-fours-come-arrivare\/#primaryimage","url":"https:\/\/lesrefuges.it\/wp-content\/uploads\/2024\/04\/F644E5FB-1CC5-41B3-A3A6-962C2794C096_1_105_c.jpeg","contentUrl":"https:\/\/lesrefuges.it\/wp-content\/uploads\/2024\/04\/F644E5FB-1CC5-41B3-A3A6-962C2794C096_1_105_c.jpeg","width":768,"height":1024},{"@type":"BreadcrumbList","@id":"https:\/\/lesrefuges.it\/le-village-de-fours-come-arrivare\/#breadcrumb","itemListElement":[{"@type":"ListItem","position":1,"name":"Home","item":"https:\/\/lesrefuges.it\/"},{"@type":"ListItem","position":2,"name":"Le Village de Fours &#8211; comment y arriver"}]},{"@type":"WebSite","@id":"https:\/\/lesrefuges.it\/#website","url":"https:\/\/lesrefuges.it\/","name":"Benvenuti nel mondo dei Les Refuges","description":"Destinazioni eccezionali","publisher":{"@id":"https:\/\/lesrefuges.it\/#organization"},"potentialAction":[{"@type":"SearchAction","target":{"@type":"EntryPoint","urlTemplate":"https:\/\/lesrefuges.it\/?s={search_term_string}"},"query-input":{"@type":"PropertyValueSpecification","valueRequired":true,"valueName":"search_term_string"}}],"inLanguage":"fr-FR"},{"@type":"Organization","@id":"https:\/\/lesrefuges.it\/#organization","name":"Les Refuges","url":"https:\/\/lesrefuges.it\/","logo":{"@type":"ImageObject","inLanguage":"fr-FR","@id":"https:\/\/lesrefuges.it\/#\/schema\/logo\/image\/","url":"https:\/\/lesrefuges.it\/wp-content\/uploads\/2023\/10\/rhemes-appartamenti-camere.png","contentUrl":"https:\/\/lesrefuges.it\/wp-content\/uploads\/2023\/10\/rhemes-appartamenti-camere.png","width":150,"height":107,"caption":"Les Refuges"},"image":{"@id":"https:\/\/lesrefuges.it\/#\/schema\/logo\/image\/"},"sameAs":["https:\/\/www.facebook.com\/Lesrefuges"]}]}},"_links":{"self":[{"href":"https:\/\/lesrefuges.it\/fr\/wp-json\/wp\/v2\/pages\/22537","targetHints":{"allow":["GET"]}}],"collection":[{"href":"https:\/\/lesrefuges.it\/fr\/wp-json\/wp\/v2\/pages"}],"about":[{"href":"https:\/\/lesrefuges.it\/fr\/wp-json\/wp\/v2\/types\/page"}],"author":[{"embeddable":true,"href":"https:\/\/lesrefuges.it\/fr\/wp-json\/wp\/v2\/users\/3"}],"replies":[{"embeddable":true,"href":"https:\/\/lesrefuges.it\/fr\/wp-json\/wp\/v2\/comments?post=22537"}],"version-history":[{"count":4,"href":"https:\/\/lesrefuges.it\/fr\/wp-json\/wp\/v2\/pages\/22537\/revisions"}],"predecessor-version":[{"id":23274,"href":"https:\/\/lesrefuges.it\/fr\/wp-json\/wp\/v2\/pages\/22537\/revisions\/23274"}],"wp:featuredmedia":[{"embeddable":true,"href":"https:\/\/lesrefuges.it\/fr\/wp-json\/wp\/v2\/media\/18087"}],"wp:attachment":[{"href":"https:\/\/lesrefuges.it\/fr\/wp-json\/wp\/v2\/media?parent=22537"}],"curies":[{"name":"wp","href":"https:\/\/api.w.org\/{rel}","templated":true}]}}