{"id":22523,"date":"2024-08-16T14:59:03","date_gmt":"2024-08-16T12:59:03","guid":{"rendered":"https:\/\/lesrefuges.it\/le-refuge-de-fond-comment-y-arriver\/"},"modified":"2024-08-27T16:22:50","modified_gmt":"2024-08-27T14:22:50","slug":"le-refuge-de-fond-comment-y-arriver","status":"publish","type":"page","link":"https:\/\/lesrefuges.it\/fr\/le-refuge-de-fond-comment-y-arriver\/","title":{"rendered":"Le refuge de Fond &#8211; Comment y Arriver"},"content":{"rendered":"\t\t<div data-elementor-type=\"wp-page\" data-elementor-id=\"22523\" class=\"elementor elementor-22523 elementor-21064\">\n\t\t\t\t\t\t<section class=\"elementor-section elementor-top-section elementor-element elementor-element-6b6fa794 elementor-section-stretched elementor-section-content-middle elementor-section-boxed elementor-section-height-default elementor-section-height-default\" data-id=\"6b6fa794\" data-element_type=\"section\" data-e-type=\"section\" data-settings=\"{&quot;stretch_section&quot;:&quot;section-stretched&quot;,&quot;background_background&quot;:&quot;classic&quot;}\">\n\t\t\t\t\t\t\t<div class=\"elementor-background-overlay\"><\/div>\n\t\t\t\t\t\t\t<div class=\"elementor-container elementor-column-gap-default\">\n\t\t\t\t\t<div class=\"elementor-column elementor-col-100 elementor-top-column elementor-element elementor-element-4e4eb37\" data-id=\"4e4eb37\" data-element_type=\"column\" data-e-type=\"column\">\n\t\t\t<div class=\"elementor-widget-wrap elementor-element-populated\">\n\t\t\t\t\t\t<div class=\"elementor-element elementor-element-817a210 elementor-widget elementor-widget-qi_addons_for_elementor_animated_text\" data-id=\"817a210\" data-element_type=\"widget\" data-e-type=\"widget\" data-widget_type=\"qi_addons_for_elementor_animated_text.default\">\n\t\t\t\t<div class=\"elementor-widget-container\">\n\t\t\t\t\t<div class=\"qodef-shortcode qodef-m qodef-qi-animated-text qodef--animated-by-word qodef--alignment-center qodef-qi--has-appear qodef--appear-from-right\" >\n\t\t<h1 class=\"qodef-m-title\">\n\t\t<span class=\"qodef-e-word\">Le<\/span> <span class=\"qodef-e-word\">Refuge<\/span> <span class=\"qodef-e-word\">de<\/span> <span class=\"qodef-e-word\">Fond<\/span> <span class=\"qodef-e-word\">2324<\/span>\t<\/h1>\n<\/div>\n\t\t\t\t<\/div>\n\t\t\t\t<\/div>\n\t\t\t\t<div class=\"elementor-element elementor-element-827bbb8 elementor-widget elementor-widget-qi_addons_for_elementor_animated_text\" data-id=\"827bbb8\" data-element_type=\"widget\" data-e-type=\"widget\" data-widget_type=\"qi_addons_for_elementor_animated_text.default\">\n\t\t\t\t<div class=\"elementor-widget-container\">\n\t\t\t\t\t<div class=\"qodef-shortcode qodef-m qodef-qi-animated-text qodef--animated-by-word qodef--alignment-center qodef-qi--has-appear qodef--appear-from-right\" >\n\t\t<h1 class=\"qodef-m-title\">\n\t\t<span class=\"qodef-e-word\">Comment<\/span> <span class=\"qodef-e-word\">Arriver<\/span>\t<\/h1>\n<\/div>\n\t\t\t\t<\/div>\n\t\t\t\t<\/div>\n\t\t\t\t<div class=\"elementor-element elementor-element-7913ea1 elementor-widget elementor-widget-spacer\" data-id=\"7913ea1\" data-element_type=\"widget\" data-e-type=\"widget\" data-widget_type=\"spacer.default\">\n\t\t\t\t<div class=\"elementor-widget-container\">\n\t\t\t\t\t\t\t<div class=\"elementor-spacer\">\n\t\t\t<div class=\"elementor-spacer-inner\"><\/div>\n\t\t<\/div>\n\t\t\t\t\t\t<\/div>\n\t\t\t\t<\/div>\n\t\t\t\t<section class=\"elementor-section elementor-inner-section elementor-element elementor-element-886f370 elementor-section-full_width elementor-section-height-default elementor-section-height-default\" data-id=\"886f370\" data-element_type=\"section\" data-e-type=\"section\" data-settings=\"{&quot;background_background&quot;:&quot;classic&quot;}\">\n\t\t\t\t\t\t<div class=\"elementor-container elementor-column-gap-default\">\n\t\t\t\t\t<div class=\"elementor-column elementor-col-100 elementor-inner-column elementor-element elementor-element-a410895\" data-id=\"a410895\" data-element_type=\"column\" data-e-type=\"column\">\n\t\t\t<div class=\"elementor-widget-wrap elementor-element-populated\">\n\t\t\t\t\t\t<div class=\"elementor-element elementor-element-740a00b elementor-widget__width-initial elementor-widget elementor-widget-qi_addons_for_elementor_animated_text\" data-id=\"740a00b\" data-element_type=\"widget\" data-e-type=\"widget\" data-widget_type=\"qi_addons_for_elementor_animated_text.default\">\n\t\t\t\t<div class=\"elementor-widget-container\">\n\t\t\t\t\t<div class=\"qodef-shortcode qodef-m qodef-qi-animated-text qodef--alignment-center qodef-qi--has-appear qodef--appear-from-bottom\" >\n\t\t<h2 class=\"qodef-m-title\">\n\t\tLe Refuge de Fond 2324 sur Google Maps :\t<\/h2>\n<\/div>\n\t\t\t\t<\/div>\n\t\t\t\t<\/div>\n\t\t\t\t<div class=\"elementor-element elementor-element-1c59ad9 elementor-widget elementor-widget-spacer\" data-id=\"1c59ad9\" data-element_type=\"widget\" data-e-type=\"widget\" data-widget_type=\"spacer.default\">\n\t\t\t\t<div class=\"elementor-widget-container\">\n\t\t\t\t\t\t\t<div class=\"elementor-spacer\">\n\t\t\t<div class=\"elementor-spacer-inner\"><\/div>\n\t\t<\/div>\n\t\t\t\t\t\t<\/div>\n\t\t\t\t<\/div>\n\t\t\t\t<div class=\"elementor-element elementor-element-add6c98 elementor-widget elementor-widget-google_maps\" data-id=\"add6c98\" data-element_type=\"widget\" data-e-type=\"widget\" data-widget_type=\"google_maps.default\">\n\t\t\t\t<div class=\"elementor-widget-container\">\n\t\t\t\t\t\t\t<div class=\"elementor-custom-embed\">\n\t\t\t<iframe loading=\"lazy\"\n\t\t\t\t\tsrc=\"https:\/\/maps.google.com\/maps?q=Lo%20refuge%20dey%20Fond&#038;t=m&#038;z=10&#038;output=embed&#038;iwloc=near\"\n\t\t\t\t\ttitle=\"Lo refuge dey Fond\"\n\t\t\t\t\taria-label=\"Lo refuge dey Fond\"\n\t\t\t><\/iframe>\n\t\t<\/div>\n\t\t\t\t\t\t<\/div>\n\t\t\t\t<\/div>\n\t\t\t\t<div class=\"elementor-element elementor-element-5841a12 elementor-widget elementor-widget-spacer\" data-id=\"5841a12\" data-element_type=\"widget\" data-e-type=\"widget\" data-widget_type=\"spacer.default\">\n\t\t\t\t<div class=\"elementor-widget-container\">\n\t\t\t\t\t\t\t<div class=\"elementor-spacer\">\n\t\t\t<div class=\"elementor-spacer-inner\"><\/div>\n\t\t<\/div>\n\t\t\t\t\t\t<\/div>\n\t\t\t\t<\/div>\n\t\t\t\t<div class=\"elementor-element elementor-element-14afcfb elementor-widget elementor-widget-heading\" data-id=\"14afcfb\" data-element_type=\"widget\" data-e-type=\"widget\" data-widget_type=\"heading.default\">\n\t\t\t\t<div class=\"elementor-widget-container\">\n\t\t\t\t\t<p class=\"elementor-heading-title elementor-size-default\"><b>Depuis la France<\/b> <b>:<\/b> <br><br>A pied, franchir le Col du Fond (2827 m) ou le Col du Nivolet (2531 m), ou en voiture, traverser le Tunnel du Mont Blanc, continuer sur l'autoroute A5 jusqu'\u00e0 la sortie Aoste Ouest, suivre la SS26 en direction de Villeneuve, puis prendre la SR23 et continuer jusqu'\u00e0 la fromagerie dans la frazione Thumel. Poursuivre ensuite \u00e0 pied ou \u00e0 skis, pendant environ 4 kilom\u00e8tres avec un d\u00e9nivel\u00e9 de 445 m\u00e8tres, le long du sentier num\u00e9ro 13.  <br><br>\n<b>Depuis la Suisse<\/b> <b>:<\/b> <br><br>En voiture, passer le Grand Saint-Bernard, descendre dans la vall\u00e9e jusqu'\u00e0 Aoste, prendre l'autoroute A5 jusqu'\u00e0 la sortie Aoste Ouest, puis suivre la SS26 et ensuite la SR23 jusqu'\u00e0 la fromagerie dans la frazione Thumel. Poursuivre ensuite \u00e0 pied ou \u00e0 skis, pendant environ 4 kilom\u00e8tres avec un d\u00e9nivel\u00e9 de 445 m\u00e8tres, le long du sentier num\u00e9ro 13. <br><br>\n<b>Depuis l'Italie <\/b><b>:<\/b> <br><br>\u00c0 pied, franchir le Col Bassac Der\u00e9 (3082 m), le Col Rosset (3023 m) ou le Col de la Tsanteleina (3154 m), ou en voiture, prendre l'autoroute A5 en direction d'Aoste, sortir \u00e0 Aoste Ouest, suivre la SS26 jusqu'\u00e0 Villeneuve, puis prendre la SR23 et continuer jusqu'\u00e0 la fromagerie dans la frazione Thumel. Poursuivre ensuite \u00e0 pied ou \u00e0 skis, pendant environ 4 kilom\u00e8tres avec un d\u00e9nivel\u00e9 de 445 m\u00e8tres, le long du sentier num\u00e9ro 13.  <\/p>\t\t\t\t<\/div>\n\t\t\t\t<\/div>\n\t\t\t\t<div class=\"elementor-element elementor-element-97894ab elementor-widget elementor-widget-heading\" data-id=\"97894ab\" data-element_type=\"widget\" data-e-type=\"widget\" data-widget_type=\"heading.default\">\n\t\t\t\t<div class=\"elementor-widget-container\">\n\t\t\t\t\t<p class=\"elementor-heading-title elementor-size-default\"><b>Dal Thumel<\/b> <b>:<\/b> <\/p>\t\t\t\t<\/div>\n\t\t\t\t<\/div>\n\t\t\t\t<div class=\"elementor-element elementor-element-3f037a0 elementor-widget elementor-widget-heading\" data-id=\"3f037a0\" data-element_type=\"widget\" data-e-type=\"widget\" data-widget_type=\"heading.default\">\n\t\t\t\t<div class=\"elementor-widget-container\">\n\t\t\t\t\t<h2 class=\"elementor-heading-title elementor-size-default\">Itin\u00e9raire violet - Route adapt\u00e9e aux v\u00e9hicules autoris\u00e9s et aux VTT<\/h2>\t\t\t\t<\/div>\n\t\t\t\t<\/div>\n\t\t\t\t<div class=\"elementor-element elementor-element-bd5bf9a elementor-widget elementor-widget-heading\" data-id=\"bd5bf9a\" data-element_type=\"widget\" data-e-type=\"widget\" data-widget_type=\"heading.default\">\n\t\t\t\t<div class=\"elementor-widget-container\">\n\t\t\t\t\t<h2 class=\"elementor-heading-title elementor-size-default\">Itin\u00e9raire vert - Chemin p\u00e9destre estival d'environ 1 heure 30<\/h2>\t\t\t\t<\/div>\n\t\t\t\t<\/div>\n\t\t\t\t<div class=\"elementor-element elementor-element-94f6e02 elementor-widget elementor-widget-heading\" data-id=\"94f6e02\" data-element_type=\"widget\" data-e-type=\"widget\" data-widget_type=\"heading.default\">\n\t\t\t\t<div class=\"elementor-widget-container\">\n\t\t\t\t\t<h2 class=\"elementor-heading-title elementor-size-default\">Itin\u00e9raire orange - Parcours hivernal et printanier d'environ 1 heure 30<\/h2>\t\t\t\t<\/div>\n\t\t\t\t<\/div>\n\t\t\t\t<div class=\"elementor-element elementor-element-e661308 elementor-widget-mobile__width-initial elementor-widget elementor-widget-image\" data-id=\"e661308\" data-element_type=\"widget\" data-e-type=\"widget\" data-widget_type=\"image.default\">\n\t\t\t\t<div class=\"elementor-widget-container\">\n\t\t\t\t\t\t\t\t\t\t\t\t\t\t\t\t<a href=\"https:\/\/lesrefuges.it\/wp-content\/uploads\/2024\/02\/B1B18F51-1E7B-4A7A-9DAD-B68A43569171-1.jpeg\" data-elementor-open-lightbox=\"yes\" data-elementor-lightbox-title=\"B1B18F51-1E7B-4A7A-9DAD-B68A43569171\" data-e-action-hash=\"#elementor-action%3Aaction%3Dlightbox%26settings%3DeyJpZCI6MTUwMDIsInVybCI6Imh0dHBzOlwvXC9sZXNyZWZ1Z2VzLml0XC93cC1jb250ZW50XC91cGxvYWRzXC8yMDI0XC8wMlwvQjFCMThGNTEtMUU3Qi00QTdBLTlEQUQtQjY4QTQzNTY5MTcxLTEuanBlZyJ9\">\n\t\t\t\t\t\t\t<img fetchpriority=\"high\" decoding=\"async\" width=\"1573\" height=\"400\" src=\"https:\/\/lesrefuges.it\/wp-content\/uploads\/2024\/02\/B1B18F51-1E7B-4A7A-9DAD-B68A43569171-1.jpeg\" class=\"attachment-full size-full wp-image-15002\" alt=\"\" srcset=\"https:\/\/lesrefuges.it\/wp-content\/uploads\/2024\/02\/B1B18F51-1E7B-4A7A-9DAD-B68A43569171-1.jpeg 1573w, https:\/\/lesrefuges.it\/wp-content\/uploads\/2024\/02\/B1B18F51-1E7B-4A7A-9DAD-B68A43569171-1-300x76.jpeg 300w, https:\/\/lesrefuges.it\/wp-content\/uploads\/2024\/02\/B1B18F51-1E7B-4A7A-9DAD-B68A43569171-1-1024x260.jpeg 1024w, https:\/\/lesrefuges.it\/wp-content\/uploads\/2024\/02\/B1B18F51-1E7B-4A7A-9DAD-B68A43569171-1-768x195.jpeg 768w, https:\/\/lesrefuges.it\/wp-content\/uploads\/2024\/02\/B1B18F51-1E7B-4A7A-9DAD-B68A43569171-1-1536x391.jpeg 1536w\" sizes=\"(max-width: 1573px) 100vw, 1573px\" \/>\t\t\t\t\t\t\t\t<\/a>\n\t\t\t\t\t\t\t\t\t\t\t\t\t\t\t<\/div>\n\t\t\t\t<\/div>\n\t\t\t\t\t<\/div>\n\t\t<\/div>\n\t\t\t\t\t<\/div>\n\t\t<\/section>\n\t\t\t\t\t<\/div>\n\t\t<\/div>\n\t\t\t\t\t<\/div>\n\t\t<\/section>\n\t\t\t\t<\/div>\n\t\t","protected":false},"excerpt":{"rendered":"<p>Le Refuge de Fond 2324 Comment Arriver Le Refuge de Fond 2324 sur Google Maps : Depuis la France : A pied, franchir le Col du Fond (2827 m) ou le Col du Nivolet (2531 m), ou en voiture, traverser le Tunnel du Mont Blanc, continuer sur l&#8217;autoroute A5 jusqu&#8217;\u00e0 la sortie Aoste Ouest, suivre [&hellip;]<\/p>\n","protected":false},"author":3,"featured_media":9217,"parent":0,"menu_order":0,"comment_status":"closed","ping_status":"closed","template":"","meta":{"footnotes":""},"class_list":["post-22523","page","type-page","status-publish","has-post-thumbnail","hentry"],"yoast_head":"<!-- This site is optimized with the Yoast SEO plugin v27.5 - https:\/\/yoast.com\/product\/yoast-seo-wordpress\/ -->\n<title>Le refuge de Fond - Comment y Arriver - Benvenuti nel mondo dei Les Refuges<\/title>\n<meta name=\"description\" content=\".\" \/>\n<meta name=\"robots\" content=\"index, follow, max-snippet:-1, max-image-preview:large, max-video-preview:-1\" \/>\n<link rel=\"canonical\" href=\"https:\/\/lesrefuges.it\/le-refuge-de-fond-come-arrivare\/\" \/>\n<meta property=\"og:locale\" content=\"fr_FR\" \/>\n<meta property=\"og:type\" content=\"article\" \/>\n<meta property=\"og:title\" content=\"Le refuge de Fond - Comment y Arriver - Benvenuti nel mondo dei Les Refuges\" \/>\n<meta property=\"og:description\" content=\".\" \/>\n<meta property=\"og:url\" content=\"https:\/\/lesrefuges.it\/le-refuge-de-fond-come-arrivare\/\" \/>\n<meta property=\"og:site_name\" content=\"Benvenuti nel mondo dei Les Refuges\" \/>\n<meta property=\"article:publisher\" content=\"https:\/\/www.facebook.com\/Lesrefuges\" \/>\n<meta property=\"article:modified_time\" content=\"2024-08-27T14:22:50+00:00\" \/>\n<meta property=\"og:image\" content=\"https:\/\/lesrefuges.it\/wp-content\/uploads\/2023\/11\/8986D043-72AC-46A9-886B-091E653CE2AA_1_105_c.jpeg\" \/>\n\t<meta property=\"og:image:width\" content=\"1182\" \/>\n\t<meta property=\"og:image:height\" content=\"665\" \/>\n\t<meta property=\"og:image:type\" content=\"image\/jpeg\" \/>\n<meta name=\"twitter:card\" content=\"summary_large_image\" \/>\n<meta name=\"twitter:label1\" content=\"Est. reading time\" \/>\n\t<meta name=\"twitter:data1\" content=\"1 minute\" \/>\n<script type=\"application\/ld+json\" class=\"yoast-schema-graph\">{\"@context\":\"https:\\\/\\\/schema.org\",\"@graph\":[{\"@type\":\"WebPage\",\"@id\":\"https:\\\/\\\/lesrefuges.it\\\/le-refuge-de-fond-come-arrivare\\\/\",\"url\":\"https:\\\/\\\/lesrefuges.it\\\/le-refuge-de-fond-come-arrivare\\\/\",\"name\":\"Le refuge de Fond - Comment y Arriver - Benvenuti nel mondo dei Les Refuges\",\"isPartOf\":{\"@id\":\"https:\\\/\\\/lesrefuges.it\\\/#website\"},\"primaryImageOfPage\":{\"@id\":\"https:\\\/\\\/lesrefuges.it\\\/le-refuge-de-fond-come-arrivare\\\/#primaryimage\"},\"image\":{\"@id\":\"https:\\\/\\\/lesrefuges.it\\\/le-refuge-de-fond-come-arrivare\\\/#primaryimage\"},\"thumbnailUrl\":\"https:\\\/\\\/lesrefuges.it\\\/wp-content\\\/uploads\\\/2023\\\/11\\\/8986D043-72AC-46A9-886B-091E653CE2AA_1_105_c.jpeg\",\"datePublished\":\"2024-08-16T12:59:03+00:00\",\"dateModified\":\"2024-08-27T14:22:50+00:00\",\"description\":\".\",\"breadcrumb\":{\"@id\":\"https:\\\/\\\/lesrefuges.it\\\/le-refuge-de-fond-come-arrivare\\\/#breadcrumb\"},\"inLanguage\":\"fr-FR\",\"potentialAction\":[{\"@type\":\"ReadAction\",\"target\":[\"https:\\\/\\\/lesrefuges.it\\\/le-refuge-de-fond-come-arrivare\\\/\"]}]},{\"@type\":\"ImageObject\",\"inLanguage\":\"fr-FR\",\"@id\":\"https:\\\/\\\/lesrefuges.it\\\/le-refuge-de-fond-come-arrivare\\\/#primaryimage\",\"url\":\"https:\\\/\\\/lesrefuges.it\\\/wp-content\\\/uploads\\\/2023\\\/11\\\/8986D043-72AC-46A9-886B-091E653CE2AA_1_105_c.jpeg\",\"contentUrl\":\"https:\\\/\\\/lesrefuges.it\\\/wp-content\\\/uploads\\\/2023\\\/11\\\/8986D043-72AC-46A9-886B-091E653CE2AA_1_105_c.jpeg\",\"width\":1182,\"height\":665,\"caption\":\"Vento e neve\"},{\"@type\":\"BreadcrumbList\",\"@id\":\"https:\\\/\\\/lesrefuges.it\\\/le-refuge-de-fond-come-arrivare\\\/#breadcrumb\",\"itemListElement\":[{\"@type\":\"ListItem\",\"position\":1,\"name\":\"Home\",\"item\":\"https:\\\/\\\/lesrefuges.it\\\/\"},{\"@type\":\"ListItem\",\"position\":2,\"name\":\"Le refuge de Fond &#8211; Comment y Arriver\"}]},{\"@type\":\"WebSite\",\"@id\":\"https:\\\/\\\/lesrefuges.it\\\/#website\",\"url\":\"https:\\\/\\\/lesrefuges.it\\\/\",\"name\":\"Benvenuti nel mondo dei Les Refuges\",\"description\":\"Destinazioni eccezionali\",\"publisher\":{\"@id\":\"https:\\\/\\\/lesrefuges.it\\\/#organization\"},\"potentialAction\":[{\"@type\":\"SearchAction\",\"target\":{\"@type\":\"EntryPoint\",\"urlTemplate\":\"https:\\\/\\\/lesrefuges.it\\\/?s={search_term_string}\"},\"query-input\":{\"@type\":\"PropertyValueSpecification\",\"valueRequired\":true,\"valueName\":\"search_term_string\"}}],\"inLanguage\":\"fr-FR\"},{\"@type\":\"Organization\",\"@id\":\"https:\\\/\\\/lesrefuges.it\\\/#organization\",\"name\":\"Les Refuges\",\"url\":\"https:\\\/\\\/lesrefuges.it\\\/\",\"logo\":{\"@type\":\"ImageObject\",\"inLanguage\":\"fr-FR\",\"@id\":\"https:\\\/\\\/lesrefuges.it\\\/#\\\/schema\\\/logo\\\/image\\\/\",\"url\":\"https:\\\/\\\/lesrefuges.it\\\/wp-content\\\/uploads\\\/2023\\\/10\\\/rhemes-appartamenti-camere.png\",\"contentUrl\":\"https:\\\/\\\/lesrefuges.it\\\/wp-content\\\/uploads\\\/2023\\\/10\\\/rhemes-appartamenti-camere.png\",\"width\":150,\"height\":107,\"caption\":\"Les Refuges\"},\"image\":{\"@id\":\"https:\\\/\\\/lesrefuges.it\\\/#\\\/schema\\\/logo\\\/image\\\/\"},\"sameAs\":[\"https:\\\/\\\/www.facebook.com\\\/Lesrefuges\"]}]}<\/script>\n<!-- \/ Yoast SEO plugin. -->","yoast_head_json":{"title":"Le refuge de Fond - Comment y Arriver - Benvenuti nel mondo dei Les Refuges","description":".","robots":{"index":"index","follow":"follow","max-snippet":"max-snippet:-1","max-image-preview":"max-image-preview:large","max-video-preview":"max-video-preview:-1"},"canonical":"https:\/\/lesrefuges.it\/le-refuge-de-fond-come-arrivare\/","og_locale":"fr_FR","og_type":"article","og_title":"Le refuge de Fond - Comment y Arriver - Benvenuti nel mondo dei Les Refuges","og_description":".","og_url":"https:\/\/lesrefuges.it\/le-refuge-de-fond-come-arrivare\/","og_site_name":"Benvenuti nel mondo dei Les Refuges","article_publisher":"https:\/\/www.facebook.com\/Lesrefuges","article_modified_time":"2024-08-27T14:22:50+00:00","og_image":[{"width":1182,"height":665,"url":"https:\/\/lesrefuges.it\/wp-content\/uploads\/2023\/11\/8986D043-72AC-46A9-886B-091E653CE2AA_1_105_c.jpeg","type":"image\/jpeg"}],"twitter_card":"summary_large_image","twitter_misc":{"Est. reading time":"1 minute"},"schema":{"@context":"https:\/\/schema.org","@graph":[{"@type":"WebPage","@id":"https:\/\/lesrefuges.it\/le-refuge-de-fond-come-arrivare\/","url":"https:\/\/lesrefuges.it\/le-refuge-de-fond-come-arrivare\/","name":"Le refuge de Fond - Comment y Arriver - Benvenuti nel mondo dei Les Refuges","isPartOf":{"@id":"https:\/\/lesrefuges.it\/#website"},"primaryImageOfPage":{"@id":"https:\/\/lesrefuges.it\/le-refuge-de-fond-come-arrivare\/#primaryimage"},"image":{"@id":"https:\/\/lesrefuges.it\/le-refuge-de-fond-come-arrivare\/#primaryimage"},"thumbnailUrl":"https:\/\/lesrefuges.it\/wp-content\/uploads\/2023\/11\/8986D043-72AC-46A9-886B-091E653CE2AA_1_105_c.jpeg","datePublished":"2024-08-16T12:59:03+00:00","dateModified":"2024-08-27T14:22:50+00:00","description":".","breadcrumb":{"@id":"https:\/\/lesrefuges.it\/le-refuge-de-fond-come-arrivare\/#breadcrumb"},"inLanguage":"fr-FR","potentialAction":[{"@type":"ReadAction","target":["https:\/\/lesrefuges.it\/le-refuge-de-fond-come-arrivare\/"]}]},{"@type":"ImageObject","inLanguage":"fr-FR","@id":"https:\/\/lesrefuges.it\/le-refuge-de-fond-come-arrivare\/#primaryimage","url":"https:\/\/lesrefuges.it\/wp-content\/uploads\/2023\/11\/8986D043-72AC-46A9-886B-091E653CE2AA_1_105_c.jpeg","contentUrl":"https:\/\/lesrefuges.it\/wp-content\/uploads\/2023\/11\/8986D043-72AC-46A9-886B-091E653CE2AA_1_105_c.jpeg","width":1182,"height":665,"caption":"Vento e neve"},{"@type":"BreadcrumbList","@id":"https:\/\/lesrefuges.it\/le-refuge-de-fond-come-arrivare\/#breadcrumb","itemListElement":[{"@type":"ListItem","position":1,"name":"Home","item":"https:\/\/lesrefuges.it\/"},{"@type":"ListItem","position":2,"name":"Le refuge de Fond &#8211; Comment y Arriver"}]},{"@type":"WebSite","@id":"https:\/\/lesrefuges.it\/#website","url":"https:\/\/lesrefuges.it\/","name":"Benvenuti nel mondo dei Les Refuges","description":"Destinazioni eccezionali","publisher":{"@id":"https:\/\/lesrefuges.it\/#organization"},"potentialAction":[{"@type":"SearchAction","target":{"@type":"EntryPoint","urlTemplate":"https:\/\/lesrefuges.it\/?s={search_term_string}"},"query-input":{"@type":"PropertyValueSpecification","valueRequired":true,"valueName":"search_term_string"}}],"inLanguage":"fr-FR"},{"@type":"Organization","@id":"https:\/\/lesrefuges.it\/#organization","name":"Les Refuges","url":"https:\/\/lesrefuges.it\/","logo":{"@type":"ImageObject","inLanguage":"fr-FR","@id":"https:\/\/lesrefuges.it\/#\/schema\/logo\/image\/","url":"https:\/\/lesrefuges.it\/wp-content\/uploads\/2023\/10\/rhemes-appartamenti-camere.png","contentUrl":"https:\/\/lesrefuges.it\/wp-content\/uploads\/2023\/10\/rhemes-appartamenti-camere.png","width":150,"height":107,"caption":"Les Refuges"},"image":{"@id":"https:\/\/lesrefuges.it\/#\/schema\/logo\/image\/"},"sameAs":["https:\/\/www.facebook.com\/Lesrefuges"]}]}},"_links":{"self":[{"href":"https:\/\/lesrefuges.it\/fr\/wp-json\/wp\/v2\/pages\/22523","targetHints":{"allow":["GET"]}}],"collection":[{"href":"https:\/\/lesrefuges.it\/fr\/wp-json\/wp\/v2\/pages"}],"about":[{"href":"https:\/\/lesrefuges.it\/fr\/wp-json\/wp\/v2\/types\/page"}],"author":[{"embeddable":true,"href":"https:\/\/lesrefuges.it\/fr\/wp-json\/wp\/v2\/users\/3"}],"replies":[{"embeddable":true,"href":"https:\/\/lesrefuges.it\/fr\/wp-json\/wp\/v2\/comments?post=22523"}],"version-history":[{"count":1,"href":"https:\/\/lesrefuges.it\/fr\/wp-json\/wp\/v2\/pages\/22523\/revisions"}],"predecessor-version":[{"id":22524,"href":"https:\/\/lesrefuges.it\/fr\/wp-json\/wp\/v2\/pages\/22523\/revisions\/22524"}],"wp:featuredmedia":[{"embeddable":true,"href":"https:\/\/lesrefuges.it\/fr\/wp-json\/wp\/v2\/media\/9217"}],"wp:attachment":[{"href":"https:\/\/lesrefuges.it\/fr\/wp-json\/wp\/v2\/media?parent=22523"}],"curies":[{"name":"wp","href":"https:\/\/api.w.org\/{rel}","templated":true}]}}