{"id":22463,"date":"2024-07-21T15:17:08","date_gmt":"2024-07-21T13:17:08","guid":{"rendered":"https:\/\/lesrefuges.it\/home-rhemes-notre-dame-appartements\/"},"modified":"2025-01-04T20:06:36","modified_gmt":"2025-01-04T19:06:36","slug":"home-rhemes-notre-dame-appartements","status":"publish","type":"page","link":"https:\/\/lesrefuges.it\/fr\/home-rhemes-notre-dame-appartements\/","title":{"rendered":"Home Rhemes Notre Dame Appartements"},"content":{"rendered":"\t\t<div data-elementor-type=\"wp-page\" data-elementor-id=\"22463\" class=\"elementor elementor-22463 elementor-19828\">\n\t\t\t\t\t\t<section class=\"elementor-section elementor-top-section elementor-element elementor-element-6829cfa elementor-section-stretched elementor-section-full_width elementor-section-content-bottom elementor-section-height-default elementor-section-height-default\" data-id=\"6829cfa\" data-element_type=\"section\" data-e-type=\"section\" data-settings=\"{&quot;stretch_section&quot;:&quot;section-stretched&quot;,&quot;background_background&quot;:&quot;classic&quot;}\">\n\t\t\t\t\t\t\t<div class=\"elementor-background-overlay\"><\/div>\n\t\t\t\t\t\t\t<div class=\"elementor-container elementor-column-gap-default\">\n\t\t\t\t\t<div class=\"elementor-column elementor-col-25 elementor-top-column elementor-element elementor-element-72ec879\" data-id=\"72ec879\" data-element_type=\"column\" data-e-type=\"column\" data-settings=\"{&quot;background_background&quot;:&quot;classic&quot;}\">\n\t\t\t<div class=\"elementor-widget-wrap elementor-element-populated\">\n\t\t\t\t\t<div class=\"elementor-background-overlay\"><\/div>\n\t\t\t\t\t\t<div class=\"elementor-element elementor-element-4fe562c elementor-widget elementor-widget-spacer\" data-id=\"4fe562c\" data-element_type=\"widget\" data-e-type=\"widget\" data-widget_type=\"spacer.default\">\n\t\t\t\t<div class=\"elementor-widget-container\">\n\t\t\t\t\t\t\t<div class=\"elementor-spacer\">\n\t\t\t<div class=\"elementor-spacer-inner\"><\/div>\n\t\t<\/div>\n\t\t\t\t\t\t<\/div>\n\t\t\t\t<\/div>\n\t\t\t\t<div class=\"elementor-element elementor-element-fabc8da elementor-widget elementor-widget-heading\" data-id=\"fabc8da\" data-element_type=\"widget\" data-e-type=\"widget\" data-widget_type=\"heading.default\">\n\t\t\t\t<div class=\"elementor-widget-container\">\n\t\t\t\t\t<h5 class=\"elementor-heading-title elementor-size-default\"><a href=\"https:\/\/lesrefuges.it\/fr\/chef-lieu-appartements\/\">Appartements<\/a><\/h5>\t\t\t\t<\/div>\n\t\t\t\t<\/div>\n\t\t\t\t<div class=\"elementor-element elementor-element-f5a2d8a elementor-widget elementor-widget-text-editor\" data-id=\"f5a2d8a\" data-element_type=\"widget\" data-e-type=\"widget\" data-widget_type=\"text-editor.default\">\n\t\t\t\t<div class=\"elementor-widget-container\">\n\t\t\t\t\t\t\t\t\t<h4><span style=\"color: #ffffff;\"><a style=\"color: #ffffff; font-family: Cinzel;\" href=\"https:\/\/lesrefuges.it\/fr\/chef-lieu-appartements\/\" data-cmp-ab=\"2\"><b>Chef-Lieu<\/b><\/a><\/span><\/h4>\n<h5><span style=\"color: #ffffff;\"><strong><a style=\"font-family: Cinzel; color: #ffffff;\" href=\"\/rhemes\/appartamenti-rhemes\/\">1725<\/a><\/strong><\/span><\/h5>\n\t\t\t\t\t\t\t\t<\/div>\n\t\t\t\t<\/div>\n\t\t\t\t<div class=\"elementor-element elementor-element-949a919 elementor-widget elementor-widget-spacer\" data-id=\"949a919\" data-element_type=\"widget\" data-e-type=\"widget\" data-widget_type=\"spacer.default\">\n\t\t\t\t<div class=\"elementor-widget-container\">\n\t\t\t\t\t\t\t<div class=\"elementor-spacer\">\n\t\t\t<div class=\"elementor-spacer-inner\"><\/div>\n\t\t<\/div>\n\t\t\t\t\t\t<\/div>\n\t\t\t\t<\/div>\n\t\t\t\t<div class=\"elementor-element elementor-element-de357da elementor-align-center elementor-icon-list--layout-traditional elementor-list-item-link-full_width elementor-widget elementor-widget-icon-list\" data-id=\"de357da\" data-element_type=\"widget\" data-e-type=\"widget\" data-widget_type=\"icon-list.default\">\n\t\t\t\t<div class=\"elementor-widget-container\">\n\t\t\t\t\t\t\t<ul class=\"elementor-icon-list-items\">\n\t\t\t\t\t\t\t<li class=\"elementor-icon-list-item\">\n\t\t\t\t\t\t\t\t\t\t\t<a href=\"https:\/\/maps.app.goo.gl\/YGZJok1CUSLd5saTA\" target=\"_blank\">\n\n\t\t\t\t\t\t\t\t\t\t\t\t<span class=\"elementor-icon-list-icon\">\n\t\t\t\t\t\t\t<i aria-hidden=\"true\" class=\"fas fa-location-arrow\"><\/i>\t\t\t\t\t\t<\/span>\n\t\t\t\t\t\t\t\t\t\t<span class=\"elementor-icon-list-text\">Village Bruil<\/span>\n\t\t\t\t\t\t\t\t\t\t\t<\/a>\n\t\t\t\t\t\t\t\t\t<\/li>\n\t\t\t\t\t\t<\/ul>\n\t\t\t\t\t\t<\/div>\n\t\t\t\t<\/div>\n\t\t\t\t\t<\/div>\n\t\t<\/div>\n\t\t\t\t<div class=\"elementor-column elementor-col-25 elementor-top-column elementor-element elementor-element-3211655\" data-id=\"3211655\" data-element_type=\"column\" data-e-type=\"column\" data-settings=\"{&quot;background_background&quot;:&quot;classic&quot;}\">\n\t\t\t<div class=\"elementor-widget-wrap elementor-element-populated\">\n\t\t\t\t\t<div class=\"elementor-background-overlay\"><\/div>\n\t\t\t\t\t\t<div class=\"elementor-element elementor-element-fb57743 elementor-widget elementor-widget-heading\" data-id=\"fb57743\" data-element_type=\"widget\" data-e-type=\"widget\" data-widget_type=\"heading.default\">\n\t\t\t\t<div class=\"elementor-widget-container\">\n\t\t\t\t\t<h5 class=\"elementor-heading-title elementor-size-default\"><a href=\"https:\/\/lesrefuges.it\/fr\/bouque-georgeoline-appartements\/\">Appartements<\/a><\/h5>\t\t\t\t<\/div>\n\t\t\t\t<\/div>\n\t\t\t\t<div class=\"elementor-element elementor-element-ab902f0 elementor-widget elementor-widget-text-editor\" data-id=\"ab902f0\" data-element_type=\"widget\" data-e-type=\"widget\" data-widget_type=\"text-editor.default\">\n\t\t\t\t<div class=\"elementor-widget-container\">\n\t\t\t\t\t\t\t\t\t<h5><span style=\"color: #ffffff;\"><strong><a style=\"font-family: Cinzel; color: #ffffff;\" href=\"https:\/\/lesrefuges.it\/fr\/bouque-georgeoline-appartements\/\">Bouque Georgeoline<br \/><\/a><\/strong><\/span><span style=\"color: #ffffff;\"><strong><a style=\"font-family: Cinzel; color: #ffffff;\" href=\"\/rhemes\/appartamenti-rhemes\/\">1795<\/a><\/strong><\/span><\/h5>\n\t\t\t\t\t\t\t\t<\/div>\n\t\t\t\t<\/div>\n\t\t\t\t<div class=\"elementor-element elementor-element-34de259 elementor-widget elementor-widget-spacer\" data-id=\"34de259\" data-element_type=\"widget\" data-e-type=\"widget\" data-widget_type=\"spacer.default\">\n\t\t\t\t<div class=\"elementor-widget-container\">\n\t\t\t\t\t\t\t<div class=\"elementor-spacer\">\n\t\t\t<div class=\"elementor-spacer-inner\"><\/div>\n\t\t<\/div>\n\t\t\t\t\t\t<\/div>\n\t\t\t\t<\/div>\n\t\t\t\t<div class=\"elementor-element elementor-element-2e11c6f elementor-align-center elementor-icon-list--layout-traditional elementor-list-item-link-full_width elementor-widget elementor-widget-icon-list\" data-id=\"2e11c6f\" data-element_type=\"widget\" data-e-type=\"widget\" data-widget_type=\"icon-list.default\">\n\t\t\t\t<div class=\"elementor-widget-container\">\n\t\t\t\t\t\t\t<ul class=\"elementor-icon-list-items\">\n\t\t\t\t\t\t\t<li class=\"elementor-icon-list-item\">\n\t\t\t\t\t\t\t\t\t\t\t<a href=\"https:\/\/www.google.com\/maps\/place\/Appartamenti+Bouque+Georgeoline\/@45.5589574,7.1122246,17z\/data=!3m1!4b1!4m6!3m5!1s0x47891b5d69c1e861:0x75e1ad5bfba11b9d!8m2!3d45.5589574!4d7.1147995!16s%2Fg%2F11v18bkhz9?entry=ttu\" target=\"_blank\">\n\n\t\t\t\t\t\t\t\t\t\t\t\t<span class=\"elementor-icon-list-icon\">\n\t\t\t\t\t\t\t<i aria-hidden=\"true\" class=\"fas fa-location-arrow\"><\/i>\t\t\t\t\t\t<\/span>\n\t\t\t\t\t\t\t\t\t\t<span class=\"elementor-icon-list-text\">Village Chaudanne<\/span>\n\t\t\t\t\t\t\t\t\t\t\t<\/a>\n\t\t\t\t\t\t\t\t\t<\/li>\n\t\t\t\t\t\t<\/ul>\n\t\t\t\t\t\t<\/div>\n\t\t\t\t<\/div>\n\t\t\t\t\t<\/div>\n\t\t<\/div>\n\t\t\t\t<div class=\"elementor-column elementor-col-25 elementor-top-column elementor-element elementor-element-8ce90c4\" data-id=\"8ce90c4\" data-element_type=\"column\" data-e-type=\"column\" data-settings=\"{&quot;background_background&quot;:&quot;classic&quot;}\">\n\t\t\t<div class=\"elementor-widget-wrap elementor-element-populated\">\n\t\t\t\t\t<div class=\"elementor-background-overlay\"><\/div>\n\t\t\t\t\t\t<div class=\"elementor-element elementor-element-da18da8 elementor-widget elementor-widget-heading\" data-id=\"da18da8\" data-element_type=\"widget\" data-e-type=\"widget\" data-widget_type=\"heading.default\">\n\t\t\t\t<div class=\"elementor-widget-container\">\n\t\t\t\t\t<h5 class=\"elementor-heading-title elementor-size-default\"><a href=\"https:\/\/lesrefuges.it\/fr\/le-jardin-des-anglais-appartements\/\">Appartements<\/a><\/h5>\t\t\t\t<\/div>\n\t\t\t\t<\/div>\n\t\t\t\t<div class=\"elementor-element elementor-element-354bb5f elementor-widget elementor-widget-text-editor\" data-id=\"354bb5f\" data-element_type=\"widget\" data-e-type=\"widget\" data-widget_type=\"text-editor.default\">\n\t\t\t\t<div class=\"elementor-widget-container\">\n\t\t\t\t\t\t\t\t\t<h5><span style=\"color: #ffffff;\"><strong><a style=\"color: #ffffff; font-family: Cinzel;\" href=\"https:\/\/lesrefuges.it\/fr\/le-jardin-des-anglais-appartements\/\" data-cmp-ab=\"2\">Le jardin des anglais<br \/><\/a><\/strong><\/span><span style=\"color: #ffffff;\"><strong><a style=\"color: #ffffff; font-family: Cinzel;\" href=\"https:\/\/lesrefuges.it\/fr\/le-jardin-des-anglais-appartements\/\" data-cmp-ab=\"2\">1815<\/a><\/strong><\/span><\/h5>\n\t\t\t\t\t\t\t\t<\/div>\n\t\t\t\t<\/div>\n\t\t\t\t<div class=\"elementor-element elementor-element-ad9895e elementor-widget elementor-widget-spacer\" data-id=\"ad9895e\" data-element_type=\"widget\" data-e-type=\"widget\" data-widget_type=\"spacer.default\">\n\t\t\t\t<div class=\"elementor-widget-container\">\n\t\t\t\t\t\t\t<div class=\"elementor-spacer\">\n\t\t\t<div class=\"elementor-spacer-inner\"><\/div>\n\t\t<\/div>\n\t\t\t\t\t\t<\/div>\n\t\t\t\t<\/div>\n\t\t\t\t<div class=\"elementor-element elementor-element-56d5897 elementor-align-center elementor-icon-list--layout-traditional elementor-list-item-link-full_width elementor-widget elementor-widget-icon-list\" data-id=\"56d5897\" data-element_type=\"widget\" data-e-type=\"widget\" data-widget_type=\"icon-list.default\">\n\t\t\t\t<div class=\"elementor-widget-container\">\n\t\t\t\t\t\t\t<ul class=\"elementor-icon-list-items\">\n\t\t\t\t\t\t\t<li class=\"elementor-icon-list-item\">\n\t\t\t\t\t\t\t\t\t\t\t<a href=\"https:\/\/www.google.com\/maps\/place\/Le+jardin+des+Anglais+1815\/@45.5578962,7.1083149,17z\/data=!3m1!4b1!4m6!3m5!1s0x47891bc08eff5c35:0x41669f1af4edb849!8m2!3d45.5578962!4d7.1108898!16s%2Fg%2F11vbrzm_32?entry=ttu\" target=\"_blank\">\n\n\t\t\t\t\t\t\t\t\t\t\t\t<span class=\"elementor-icon-list-icon\">\n\t\t\t\t\t\t\t<i aria-hidden=\"true\" class=\"fas fa-location-arrow\"><\/i>\t\t\t\t\t\t<\/span>\n\t\t\t\t\t\t\t\t\t\t<span class=\"elementor-icon-list-text\">Village Pellaud<\/span>\n\t\t\t\t\t\t\t\t\t\t\t<\/a>\n\t\t\t\t\t\t\t\t\t<\/li>\n\t\t\t\t\t\t<\/ul>\n\t\t\t\t\t\t<\/div>\n\t\t\t\t<\/div>\n\t\t\t\t\t<\/div>\n\t\t<\/div>\n\t\t\t\t<div class=\"elementor-column elementor-col-25 elementor-top-column elementor-element elementor-element-04be801\" data-id=\"04be801\" data-element_type=\"column\" data-e-type=\"column\" data-settings=\"{&quot;background_background&quot;:&quot;classic&quot;}\">\n\t\t\t<div class=\"elementor-widget-wrap elementor-element-populated\">\n\t\t\t\t\t<div class=\"elementor-background-overlay\"><\/div>\n\t\t\t\t\t\t<div class=\"elementor-element elementor-element-d8e04c7 elementor-widget elementor-widget-heading\" data-id=\"d8e04c7\" data-element_type=\"widget\" data-e-type=\"widget\" data-widget_type=\"heading.default\">\n\t\t\t\t<div class=\"elementor-widget-container\">\n\t\t\t\t\t<h5 class=\"elementor-heading-title elementor-size-default\"><a href=\"https:\/\/lesrefuges.it\/fr\/le-village-de-fours-appartement\/\">Appartement<\/a><\/h5>\t\t\t\t<\/div>\n\t\t\t\t<\/div>\n\t\t\t\t<div class=\"elementor-element elementor-element-7fe17c8 elementor-widget elementor-widget-text-editor\" data-id=\"7fe17c8\" data-element_type=\"widget\" data-e-type=\"widget\" data-widget_type=\"text-editor.default\">\n\t\t\t\t<div class=\"elementor-widget-container\">\n\t\t\t\t\t\t\t\t\t<h5><span style=\"color: #ffffff;\"><strong><a style=\"color: #ffffff; font-family: Cinzel;\" href=\"https:\/\/lesrefuges.it\/fr\/le-village-de-fours-appartement\/\">Le Village de Fours <br \/><\/a><\/strong><\/span><span style=\"color: #ffffff;\"><strong><a style=\"color: #ffffff; font-family: Cinzel;\" href=\"https:\/\/lesrefuges.it\/fr\/transports-hivernaux-r-n-d\/\">2015 <\/a><\/strong><\/span> <\/h5>\n\t\t\t\t\t\t\t\t<\/div>\n\t\t\t\t<\/div>\n\t\t\t\t<div class=\"elementor-element elementor-element-ae5c163 elementor-widget elementor-widget-spacer\" data-id=\"ae5c163\" data-element_type=\"widget\" data-e-type=\"widget\" data-widget_type=\"spacer.default\">\n\t\t\t\t<div class=\"elementor-widget-container\">\n\t\t\t\t\t\t\t<div class=\"elementor-spacer\">\n\t\t\t<div class=\"elementor-spacer-inner\"><\/div>\n\t\t<\/div>\n\t\t\t\t\t\t<\/div>\n\t\t\t\t<\/div>\n\t\t\t\t<div class=\"elementor-element elementor-element-bacec43 elementor-align-center elementor-icon-list--layout-traditional elementor-list-item-link-full_width elementor-widget elementor-widget-icon-list\" data-id=\"bacec43\" data-element_type=\"widget\" data-e-type=\"widget\" data-widget_type=\"icon-list.default\">\n\t\t\t\t<div class=\"elementor-widget-container\">\n\t\t\t\t\t\t\t<ul class=\"elementor-icon-list-items\">\n\t\t\t\t\t\t\t<li class=\"elementor-icon-list-item\">\n\t\t\t\t\t\t\t\t\t\t\t<a href=\"https:\/\/maps.app.goo.gl\/ND1EZZ4hPEuCxkRq5\" target=\"_blank\">\n\n\t\t\t\t\t\t\t\t\t\t\t\t<span class=\"elementor-icon-list-icon\">\n\t\t\t\t\t\t\t<i aria-hidden=\"true\" class=\"fas fa-location-arrow\"><\/i>\t\t\t\t\t\t<\/span>\n\t\t\t\t\t\t\t\t\t\t<span class=\"elementor-icon-list-text\">Vilage de Fos<\/span>\n\t\t\t\t\t\t\t\t\t\t\t<\/a>\n\t\t\t\t\t\t\t\t\t<\/li>\n\t\t\t\t\t\t<\/ul>\n\t\t\t\t\t\t<\/div>\n\t\t\t\t<\/div>\n\t\t\t\t\t<\/div>\n\t\t<\/div>\n\t\t\t\t\t<\/div>\n\t\t<\/section>\n\t\t\t\t<\/div>\n\t\t","protected":false},"excerpt":{"rendered":"<p>Appartements Chef-Lieu 1725 Village Bruil Appartements Bouque Georgeoline1795 Village Chaudanne Appartements Le jardin des anglais1815 Village Pellaud Appartement Le Village de Fours 2015 Vilage de Fos<\/p>\n","protected":false},"author":3,"featured_media":19024,"parent":0,"menu_order":0,"comment_status":"closed","ping_status":"closed","template":"","meta":{"footnotes":""},"class_list":["post-22463","page","type-page","status-publish","has-post-thumbnail","hentry"],"yoast_head":"<!-- This site is optimized with the Yoast SEO plugin v27.5 - https:\/\/yoast.com\/product\/yoast-seo-wordpress\/ -->\n<title>Home Rhemes Notre Dame Appartements - Benvenuti nel mondo dei Les Refuges<\/title>\n<meta name=\"description\" content=\"Appartements de vacances pour couples et familles \u00e0 Rh\u00eames-Notre-Dame, dans les Alpes de la Vall\u00e9e d&#039;Aoste, o\u00f9 les animaux sont accept\u00e9s.\" \/>\n<meta name=\"robots\" content=\"index, follow, max-snippet:-1, max-image-preview:large, max-video-preview:-1\" \/>\n<link rel=\"canonical\" href=\"https:\/\/lesrefuges.it\/home-rhemes-appartamenti\/\" \/>\n<meta property=\"og:locale\" content=\"fr_FR\" \/>\n<meta property=\"og:type\" content=\"article\" \/>\n<meta property=\"og:title\" content=\"Home Rhemes Notre Dame Appartements - Benvenuti nel mondo dei Les Refuges\" \/>\n<meta property=\"og:description\" content=\"Appartements de vacances pour couples et familles \u00e0 Rh\u00eames-Notre-Dame, dans les Alpes de la Vall\u00e9e d&#039;Aoste, o\u00f9 les animaux sont accept\u00e9s.\" \/>\n<meta property=\"og:url\" content=\"https:\/\/lesrefuges.it\/home-rhemes-appartamenti\/\" \/>\n<meta property=\"og:site_name\" content=\"Benvenuti nel mondo dei Les Refuges\" \/>\n<meta property=\"article:publisher\" content=\"https:\/\/www.facebook.com\/Lesrefuges\" \/>\n<meta property=\"article:modified_time\" content=\"2025-01-04T19:06:36+00:00\" \/>\n<meta property=\"og:image\" content=\"https:\/\/lesrefuges.it\/wp-content\/uploads\/2024\/06\/733E916F-DE34-4115-8758-0CD66344CB45_1_105_c.jpeg\" \/>\n\t<meta property=\"og:image:width\" content=\"999\" \/>\n\t<meta property=\"og:image:height\" content=\"786\" \/>\n\t<meta property=\"og:image:type\" content=\"image\/jpeg\" \/>\n<meta name=\"twitter:card\" content=\"summary_large_image\" \/>\n<script type=\"application\/ld+json\" class=\"yoast-schema-graph\">{\"@context\":\"https:\\\/\\\/schema.org\",\"@graph\":[{\"@type\":\"WebPage\",\"@id\":\"https:\\\/\\\/lesrefuges.it\\\/home-rhemes-appartamenti\\\/\",\"url\":\"https:\\\/\\\/lesrefuges.it\\\/home-rhemes-appartamenti\\\/\",\"name\":\"Home Rhemes Notre Dame Appartements - Benvenuti nel mondo dei Les Refuges\",\"isPartOf\":{\"@id\":\"https:\\\/\\\/lesrefuges.it\\\/#website\"},\"primaryImageOfPage\":{\"@id\":\"https:\\\/\\\/lesrefuges.it\\\/home-rhemes-appartamenti\\\/#primaryimage\"},\"image\":{\"@id\":\"https:\\\/\\\/lesrefuges.it\\\/home-rhemes-appartamenti\\\/#primaryimage\"},\"thumbnailUrl\":\"https:\\\/\\\/lesrefuges.it\\\/wp-content\\\/uploads\\\/2024\\\/06\\\/733E916F-DE34-4115-8758-0CD66344CB45_1_105_c.jpeg\",\"datePublished\":\"2024-07-21T13:17:08+00:00\",\"dateModified\":\"2025-01-04T19:06:36+00:00\",\"description\":\"Appartements de vacances pour couples et familles \u00e0 Rh\u00eames-Notre-Dame, dans les Alpes de la Vall\u00e9e d'Aoste, o\u00f9 les animaux sont accept\u00e9s.\",\"breadcrumb\":{\"@id\":\"https:\\\/\\\/lesrefuges.it\\\/home-rhemes-appartamenti\\\/#breadcrumb\"},\"inLanguage\":\"fr-FR\",\"potentialAction\":[{\"@type\":\"ReadAction\",\"target\":[\"https:\\\/\\\/lesrefuges.it\\\/home-rhemes-appartamenti\\\/\"]}]},{\"@type\":\"ImageObject\",\"inLanguage\":\"fr-FR\",\"@id\":\"https:\\\/\\\/lesrefuges.it\\\/home-rhemes-appartamenti\\\/#primaryimage\",\"url\":\"https:\\\/\\\/lesrefuges.it\\\/wp-content\\\/uploads\\\/2024\\\/06\\\/733E916F-DE34-4115-8758-0CD66344CB45_1_105_c.jpeg\",\"contentUrl\":\"https:\\\/\\\/lesrefuges.it\\\/wp-content\\\/uploads\\\/2024\\\/06\\\/733E916F-DE34-4115-8758-0CD66344CB45_1_105_c.jpeg\",\"width\":999,\"height\":786},{\"@type\":\"BreadcrumbList\",\"@id\":\"https:\\\/\\\/lesrefuges.it\\\/home-rhemes-appartamenti\\\/#breadcrumb\",\"itemListElement\":[{\"@type\":\"ListItem\",\"position\":1,\"name\":\"Home\",\"item\":\"https:\\\/\\\/lesrefuges.it\\\/\"},{\"@type\":\"ListItem\",\"position\":2,\"name\":\"Home Rhemes Notre Dame Appartements\"}]},{\"@type\":\"WebSite\",\"@id\":\"https:\\\/\\\/lesrefuges.it\\\/#website\",\"url\":\"https:\\\/\\\/lesrefuges.it\\\/\",\"name\":\"Benvenuti nel mondo dei Les Refuges\",\"description\":\"Destinazioni eccezionali\",\"publisher\":{\"@id\":\"https:\\\/\\\/lesrefuges.it\\\/#organization\"},\"potentialAction\":[{\"@type\":\"SearchAction\",\"target\":{\"@type\":\"EntryPoint\",\"urlTemplate\":\"https:\\\/\\\/lesrefuges.it\\\/?s={search_term_string}\"},\"query-input\":{\"@type\":\"PropertyValueSpecification\",\"valueRequired\":true,\"valueName\":\"search_term_string\"}}],\"inLanguage\":\"fr-FR\"},{\"@type\":\"Organization\",\"@id\":\"https:\\\/\\\/lesrefuges.it\\\/#organization\",\"name\":\"Les Refuges\",\"url\":\"https:\\\/\\\/lesrefuges.it\\\/\",\"logo\":{\"@type\":\"ImageObject\",\"inLanguage\":\"fr-FR\",\"@id\":\"https:\\\/\\\/lesrefuges.it\\\/#\\\/schema\\\/logo\\\/image\\\/\",\"url\":\"https:\\\/\\\/lesrefuges.it\\\/wp-content\\\/uploads\\\/2023\\\/10\\\/rhemes-appartamenti-camere.png\",\"contentUrl\":\"https:\\\/\\\/lesrefuges.it\\\/wp-content\\\/uploads\\\/2023\\\/10\\\/rhemes-appartamenti-camere.png\",\"width\":150,\"height\":107,\"caption\":\"Les Refuges\"},\"image\":{\"@id\":\"https:\\\/\\\/lesrefuges.it\\\/#\\\/schema\\\/logo\\\/image\\\/\"},\"sameAs\":[\"https:\\\/\\\/www.facebook.com\\\/Lesrefuges\"]}]}<\/script>\n<!-- \/ Yoast SEO plugin. -->","yoast_head_json":{"title":"Home Rhemes Notre Dame Appartements - Benvenuti nel mondo dei Les Refuges","description":"Appartements de vacances pour couples et familles \u00e0 Rh\u00eames-Notre-Dame, dans les Alpes de la Vall\u00e9e d'Aoste, o\u00f9 les animaux sont accept\u00e9s.","robots":{"index":"index","follow":"follow","max-snippet":"max-snippet:-1","max-image-preview":"max-image-preview:large","max-video-preview":"max-video-preview:-1"},"canonical":"https:\/\/lesrefuges.it\/home-rhemes-appartamenti\/","og_locale":"fr_FR","og_type":"article","og_title":"Home Rhemes Notre Dame Appartements - Benvenuti nel mondo dei Les Refuges","og_description":"Appartements de vacances pour couples et familles \u00e0 Rh\u00eames-Notre-Dame, dans les Alpes de la Vall\u00e9e d'Aoste, o\u00f9 les animaux sont accept\u00e9s.","og_url":"https:\/\/lesrefuges.it\/home-rhemes-appartamenti\/","og_site_name":"Benvenuti nel mondo dei Les Refuges","article_publisher":"https:\/\/www.facebook.com\/Lesrefuges","article_modified_time":"2025-01-04T19:06:36+00:00","og_image":[{"width":999,"height":786,"url":"https:\/\/lesrefuges.it\/wp-content\/uploads\/2024\/06\/733E916F-DE34-4115-8758-0CD66344CB45_1_105_c.jpeg","type":"image\/jpeg"}],"twitter_card":"summary_large_image","schema":{"@context":"https:\/\/schema.org","@graph":[{"@type":"WebPage","@id":"https:\/\/lesrefuges.it\/home-rhemes-appartamenti\/","url":"https:\/\/lesrefuges.it\/home-rhemes-appartamenti\/","name":"Home Rhemes Notre Dame Appartements - Benvenuti nel mondo dei Les Refuges","isPartOf":{"@id":"https:\/\/lesrefuges.it\/#website"},"primaryImageOfPage":{"@id":"https:\/\/lesrefuges.it\/home-rhemes-appartamenti\/#primaryimage"},"image":{"@id":"https:\/\/lesrefuges.it\/home-rhemes-appartamenti\/#primaryimage"},"thumbnailUrl":"https:\/\/lesrefuges.it\/wp-content\/uploads\/2024\/06\/733E916F-DE34-4115-8758-0CD66344CB45_1_105_c.jpeg","datePublished":"2024-07-21T13:17:08+00:00","dateModified":"2025-01-04T19:06:36+00:00","description":"Appartements de vacances pour couples et familles \u00e0 Rh\u00eames-Notre-Dame, dans les Alpes de la Vall\u00e9e d'Aoste, o\u00f9 les animaux sont accept\u00e9s.","breadcrumb":{"@id":"https:\/\/lesrefuges.it\/home-rhemes-appartamenti\/#breadcrumb"},"inLanguage":"fr-FR","potentialAction":[{"@type":"ReadAction","target":["https:\/\/lesrefuges.it\/home-rhemes-appartamenti\/"]}]},{"@type":"ImageObject","inLanguage":"fr-FR","@id":"https:\/\/lesrefuges.it\/home-rhemes-appartamenti\/#primaryimage","url":"https:\/\/lesrefuges.it\/wp-content\/uploads\/2024\/06\/733E916F-DE34-4115-8758-0CD66344CB45_1_105_c.jpeg","contentUrl":"https:\/\/lesrefuges.it\/wp-content\/uploads\/2024\/06\/733E916F-DE34-4115-8758-0CD66344CB45_1_105_c.jpeg","width":999,"height":786},{"@type":"BreadcrumbList","@id":"https:\/\/lesrefuges.it\/home-rhemes-appartamenti\/#breadcrumb","itemListElement":[{"@type":"ListItem","position":1,"name":"Home","item":"https:\/\/lesrefuges.it\/"},{"@type":"ListItem","position":2,"name":"Home Rhemes Notre Dame Appartements"}]},{"@type":"WebSite","@id":"https:\/\/lesrefuges.it\/#website","url":"https:\/\/lesrefuges.it\/","name":"Benvenuti nel mondo dei Les Refuges","description":"Destinazioni eccezionali","publisher":{"@id":"https:\/\/lesrefuges.it\/#organization"},"potentialAction":[{"@type":"SearchAction","target":{"@type":"EntryPoint","urlTemplate":"https:\/\/lesrefuges.it\/?s={search_term_string}"},"query-input":{"@type":"PropertyValueSpecification","valueRequired":true,"valueName":"search_term_string"}}],"inLanguage":"fr-FR"},{"@type":"Organization","@id":"https:\/\/lesrefuges.it\/#organization","name":"Les Refuges","url":"https:\/\/lesrefuges.it\/","logo":{"@type":"ImageObject","inLanguage":"fr-FR","@id":"https:\/\/lesrefuges.it\/#\/schema\/logo\/image\/","url":"https:\/\/lesrefuges.it\/wp-content\/uploads\/2023\/10\/rhemes-appartamenti-camere.png","contentUrl":"https:\/\/lesrefuges.it\/wp-content\/uploads\/2023\/10\/rhemes-appartamenti-camere.png","width":150,"height":107,"caption":"Les Refuges"},"image":{"@id":"https:\/\/lesrefuges.it\/#\/schema\/logo\/image\/"},"sameAs":["https:\/\/www.facebook.com\/Lesrefuges"]}]}},"_links":{"self":[{"href":"https:\/\/lesrefuges.it\/fr\/wp-json\/wp\/v2\/pages\/22463","targetHints":{"allow":["GET"]}}],"collection":[{"href":"https:\/\/lesrefuges.it\/fr\/wp-json\/wp\/v2\/pages"}],"about":[{"href":"https:\/\/lesrefuges.it\/fr\/wp-json\/wp\/v2\/types\/page"}],"author":[{"embeddable":true,"href":"https:\/\/lesrefuges.it\/fr\/wp-json\/wp\/v2\/users\/3"}],"replies":[{"embeddable":true,"href":"https:\/\/lesrefuges.it\/fr\/wp-json\/wp\/v2\/comments?post=22463"}],"version-history":[{"count":3,"href":"https:\/\/lesrefuges.it\/fr\/wp-json\/wp\/v2\/pages\/22463\/revisions"}],"predecessor-version":[{"id":23986,"href":"https:\/\/lesrefuges.it\/fr\/wp-json\/wp\/v2\/pages\/22463\/revisions\/23986"}],"wp:featuredmedia":[{"embeddable":true,"href":"https:\/\/lesrefuges.it\/fr\/wp-json\/wp\/v2\/media\/19024"}],"wp:attachment":[{"href":"https:\/\/lesrefuges.it\/fr\/wp-json\/wp\/v2\/media?parent=22463"}],"curies":[{"name":"wp","href":"https:\/\/api.w.org\/{rel}","templated":true}]}}