{"id":22397,"date":"2024-08-17T12:59:49","date_gmt":"2024-08-17T10:59:49","guid":{"rendered":"https:\/\/lesrefuges.it\/bouque-georgeoline-comment-arriver\/"},"modified":"2024-09-09T10:52:27","modified_gmt":"2024-09-09T08:52:27","slug":"bouque-georgeoline-comment-arriver","status":"publish","type":"page","link":"https:\/\/lesrefuges.it\/fr\/bouque-georgeoline-comment-arriver\/","title":{"rendered":"Bouque Georgeoline &#8211; Comment Arriver"},"content":{"rendered":"\t\t<div data-elementor-type=\"wp-page\" data-elementor-id=\"22397\" class=\"elementor elementor-22397 elementor-21246\">\n\t\t\t\t\t\t<section class=\"elementor-section elementor-top-section elementor-element elementor-element-6b6fa794 elementor-section-stretched elementor-section-content-middle elementor-section-boxed elementor-section-height-default elementor-section-height-default\" data-id=\"6b6fa794\" data-element_type=\"section\" data-e-type=\"section\" data-settings=\"{&quot;stretch_section&quot;:&quot;section-stretched&quot;,&quot;background_background&quot;:&quot;classic&quot;,&quot;animation&quot;:&quot;none&quot;}\">\n\t\t\t\t\t\t\t<div class=\"elementor-background-overlay\"><\/div>\n\t\t\t\t\t\t\t<div class=\"elementor-container elementor-column-gap-default\">\n\t\t\t\t\t<div class=\"elementor-column elementor-col-100 elementor-top-column elementor-element elementor-element-4e4eb37\" data-id=\"4e4eb37\" data-element_type=\"column\" data-e-type=\"column\">\n\t\t\t<div class=\"elementor-widget-wrap elementor-element-populated\">\n\t\t\t\t\t\t<div class=\"elementor-element elementor-element-ac12f50 elementor-widget elementor-widget-spacer\" data-id=\"ac12f50\" data-element_type=\"widget\" data-e-type=\"widget\" data-widget_type=\"spacer.default\">\n\t\t\t\t<div class=\"elementor-widget-container\">\n\t\t\t\t\t\t\t<div class=\"elementor-spacer\">\n\t\t\t<div class=\"elementor-spacer-inner\"><\/div>\n\t\t<\/div>\n\t\t\t\t\t\t<\/div>\n\t\t\t\t<\/div>\n\t\t\t\t<div class=\"elementor-element elementor-element-817a210 elementor-widget elementor-widget-qi_addons_for_elementor_animated_text\" data-id=\"817a210\" data-element_type=\"widget\" data-e-type=\"widget\" data-widget_type=\"qi_addons_for_elementor_animated_text.default\">\n\t\t\t\t<div class=\"elementor-widget-container\">\n\t\t\t\t\t<div class=\"qodef-shortcode qodef-m qodef-qi-animated-text qodef--animated-by-word qodef--alignment-center qodef-qi--has-appear qodef--appear-from-right\" >\n\t\t<h1 class=\"qodef-m-title\">\n\t\t<span class=\"qodef-e-word\">Bouque<\/span> <span class=\"qodef-e-word\">Georgeoline<\/span> <span class=\"qodef-e-word\">1795<\/span>\t<\/h1>\n<\/div>\n\t\t\t\t<\/div>\n\t\t\t\t<\/div>\n\t\t\t\t<div class=\"elementor-element elementor-element-acd3e6d elementor-widget elementor-widget-qi_addons_for_elementor_animated_text\" data-id=\"acd3e6d\" data-element_type=\"widget\" data-e-type=\"widget\" data-widget_type=\"qi_addons_for_elementor_animated_text.default\">\n\t\t\t\t<div class=\"elementor-widget-container\">\n\t\t\t\t\t<div class=\"qodef-shortcode qodef-m qodef-qi-animated-text qodef--animated-by-word qodef--alignment-center qodef-qi--has-appear qodef--appear-from-right\" >\n\t\t<h1 class=\"qodef-m-title\">\n\t\t<span class=\"qodef-e-word\">Comment<\/span> <span class=\"qodef-e-word\">Arriver<\/span>\t<\/h1>\n<\/div>\n\t\t\t\t<\/div>\n\t\t\t\t<\/div>\n\t\t\t\t<div class=\"elementor-element elementor-element-8821b45 elementor-widget elementor-widget-spacer\" data-id=\"8821b45\" data-element_type=\"widget\" data-e-type=\"widget\" data-widget_type=\"spacer.default\">\n\t\t\t\t<div class=\"elementor-widget-container\">\n\t\t\t\t\t\t\t<div class=\"elementor-spacer\">\n\t\t\t<div class=\"elementor-spacer-inner\"><\/div>\n\t\t<\/div>\n\t\t\t\t\t\t<\/div>\n\t\t\t\t<\/div>\n\t\t\t\t<div class=\"elementor-element elementor-element-6175703 elementor-widget__width-initial elementor-widget elementor-widget-google_maps\" data-id=\"6175703\" data-element_type=\"widget\" data-e-type=\"widget\" data-widget_type=\"google_maps.default\">\n\t\t\t\t<div class=\"elementor-widget-container\">\n\t\t\t\t\t\t\t<div class=\"elementor-custom-embed\">\n\t\t\t<iframe loading=\"lazy\"\n\t\t\t\t\tsrc=\"https:\/\/maps.google.com\/maps?q=Bouque%20Georgeoline%2011010%20Chaudanne%20AO&#038;t=m&#038;z=16&#038;output=embed&#038;iwloc=near\"\n\t\t\t\t\ttitle=\"Bouque Georgeoline 11010 Chaudanne AO\"\n\t\t\t\t\taria-label=\"Bouque Georgeoline 11010 Chaudanne AO\"\n\t\t\t><\/iframe>\n\t\t<\/div>\n\t\t\t\t\t\t<\/div>\n\t\t\t\t<\/div>\n\t\t\t\t<div class=\"elementor-element elementor-element-ac43d9e elementor-widget elementor-widget-spacer\" data-id=\"ac43d9e\" data-element_type=\"widget\" data-e-type=\"widget\" data-widget_type=\"spacer.default\">\n\t\t\t\t<div class=\"elementor-widget-container\">\n\t\t\t\t\t\t\t<div class=\"elementor-spacer\">\n\t\t\t<div class=\"elementor-spacer-inner\"><\/div>\n\t\t<\/div>\n\t\t\t\t\t\t<\/div>\n\t\t\t\t<\/div>\n\t\t\t\t<div class=\"elementor-element elementor-element-35e81db elementor-widget elementor-widget-heading\" data-id=\"35e81db\" data-element_type=\"widget\" data-e-type=\"widget\" data-widget_type=\"heading.default\">\n\t\t\t\t<div class=\"elementor-widget-container\">\n\t\t\t\t\t<p class=\"elementor-heading-title elementor-size-default\">1. Garez-vous dans le parking municipal gratuit (PARKING)<br><br>\n2. Prenez vos bagages et revenez \u00e0 pied jusqu'\u00e0 atteindre, sur votre gauche, le croisement avec l'indication \"Villaggio Chaudanne\". Suivez la route en mont\u00e9e vers le village jusqu'\u00e0 arriver \u00e0 la place avec la fontaine. Depuis la place, descendez l'\u00e9troite ruelle \u00e0 droite entre les deux maisons, en suivant les indications pour le \"Lago Pellaud\"<br><br>\n3. Continuez tout droit jusqu'\u00e0 atteindre les appartements (BOUQUE GEORGEOLINE)\n\n<\/p>\t\t\t\t<\/div>\n\t\t\t\t<\/div>\n\t\t\t\t<div class=\"elementor-element elementor-element-9ed2c20 elementor-widget elementor-widget-image\" data-id=\"9ed2c20\" data-element_type=\"widget\" data-e-type=\"widget\" data-widget_type=\"image.default\">\n\t\t\t\t<div class=\"elementor-widget-container\">\n\t\t\t\t\t\t\t\t\t\t\t\t\t\t\t<img fetchpriority=\"high\" decoding=\"async\" width=\"2560\" height=\"1920\" src=\"https:\/\/lesrefuges.it\/wp-content\/uploads\/2024\/09\/IMG_EEEC47F43DF3-1-2-scaled.jpeg\" class=\"attachment-full size-full wp-image-23183\" alt=\"\" srcset=\"https:\/\/lesrefuges.it\/wp-content\/uploads\/2024\/09\/IMG_EEEC47F43DF3-1-2-scaled.jpeg 2560w, https:\/\/lesrefuges.it\/wp-content\/uploads\/2024\/09\/IMG_EEEC47F43DF3-1-2-300x225.jpeg 300w, https:\/\/lesrefuges.it\/wp-content\/uploads\/2024\/09\/IMG_EEEC47F43DF3-1-2-1024x768.jpeg 1024w, https:\/\/lesrefuges.it\/wp-content\/uploads\/2024\/09\/IMG_EEEC47F43DF3-1-2-768x576.jpeg 768w, https:\/\/lesrefuges.it\/wp-content\/uploads\/2024\/09\/IMG_EEEC47F43DF3-1-2-1536x1152.jpeg 1536w, https:\/\/lesrefuges.it\/wp-content\/uploads\/2024\/09\/IMG_EEEC47F43DF3-1-2-2048x1536.jpeg 2048w\" sizes=\"(max-width: 2560px) 100vw, 2560px\" \/>\t\t\t\t\t\t\t\t\t\t\t\t\t\t\t<\/div>\n\t\t\t\t<\/div>\n\t\t\t\t<div class=\"elementor-element elementor-element-85b6955 elementor-widget elementor-widget-image\" data-id=\"85b6955\" data-element_type=\"widget\" data-e-type=\"widget\" data-widget_type=\"image.default\">\n\t\t\t\t<div class=\"elementor-widget-container\">\n\t\t\t\t\t\t\t\t\t\t\t\t\t\t\t<img decoding=\"async\" width=\"2560\" height=\"1920\" src=\"https:\/\/lesrefuges.it\/wp-content\/uploads\/2024\/09\/IMG_F910270F79A4-1-scaled.jpeg\" class=\"attachment-full size-full wp-image-23133\" alt=\"\" srcset=\"https:\/\/lesrefuges.it\/wp-content\/uploads\/2024\/09\/IMG_F910270F79A4-1-scaled.jpeg 2560w, https:\/\/lesrefuges.it\/wp-content\/uploads\/2024\/09\/IMG_F910270F79A4-1-300x225.jpeg 300w, https:\/\/lesrefuges.it\/wp-content\/uploads\/2024\/09\/IMG_F910270F79A4-1-1024x768.jpeg 1024w, https:\/\/lesrefuges.it\/wp-content\/uploads\/2024\/09\/IMG_F910270F79A4-1-768x576.jpeg 768w, https:\/\/lesrefuges.it\/wp-content\/uploads\/2024\/09\/IMG_F910270F79A4-1-1536x1152.jpeg 1536w, https:\/\/lesrefuges.it\/wp-content\/uploads\/2024\/09\/IMG_F910270F79A4-1-2048x1536.jpeg 2048w\" sizes=\"(max-width: 2560px) 100vw, 2560px\" \/>\t\t\t\t\t\t\t\t\t\t\t\t\t\t\t<\/div>\n\t\t\t\t<\/div>\n\t\t\t\t<div class=\"elementor-element elementor-element-8b7ce33 elementor-widget elementor-widget-image\" data-id=\"8b7ce33\" data-element_type=\"widget\" data-e-type=\"widget\" data-widget_type=\"image.default\">\n\t\t\t\t<div class=\"elementor-widget-container\">\n\t\t\t\t\t\t\t\t\t\t\t\t\t\t\t<img decoding=\"async\" width=\"1024\" height=\"768\" src=\"https:\/\/lesrefuges.it\/wp-content\/uploads\/2024\/08\/E37A2C5F-CB83-484E-A05D-D9875F230080_1_105_c.jpeg\" class=\"attachment-full size-full wp-image-20685\" alt=\"\" srcset=\"https:\/\/lesrefuges.it\/wp-content\/uploads\/2024\/08\/E37A2C5F-CB83-484E-A05D-D9875F230080_1_105_c.jpeg 1024w, https:\/\/lesrefuges.it\/wp-content\/uploads\/2024\/08\/E37A2C5F-CB83-484E-A05D-D9875F230080_1_105_c-300x225.jpeg 300w, https:\/\/lesrefuges.it\/wp-content\/uploads\/2024\/08\/E37A2C5F-CB83-484E-A05D-D9875F230080_1_105_c-768x576.jpeg 768w\" sizes=\"(max-width: 1024px) 100vw, 1024px\" \/>\t\t\t\t\t\t\t\t\t\t\t\t\t\t\t<\/div>\n\t\t\t\t<\/div>\n\t\t\t\t<div class=\"elementor-element elementor-element-9c35887 elementor-widget elementor-widget-heading\" data-id=\"9c35887\" data-element_type=\"widget\" data-e-type=\"widget\" data-widget_type=\"heading.default\">\n\t\t\t\t<div class=\"elementor-widget-container\">\n\t\t\t\t\t<p class=\"elementor-heading-title elementor-size-default\">Le sentier qui m\u00e8ne des appartements BOUQUE GEORGEOLINE au LAGO PELLAUD.\n<\/p>\t\t\t\t<\/div>\n\t\t\t\t<\/div>\n\t\t\t\t<div class=\"elementor-element elementor-element-05bab8b elementor-widget elementor-widget-image\" data-id=\"05bab8b\" data-element_type=\"widget\" data-e-type=\"widget\" data-widget_type=\"image.default\">\n\t\t\t\t<div class=\"elementor-widget-container\">\n\t\t\t\t\t\t\t\t\t\t\t\t\t\t\t<img loading=\"lazy\" decoding=\"async\" width=\"1024\" height=\"768\" src=\"https:\/\/lesrefuges.it\/wp-content\/uploads\/2024\/08\/572CA782-B289-4DE2-BB36-E84BAA5368D8_1_105_c.jpeg\" class=\"attachment-full size-full wp-image-20688\" alt=\"\" srcset=\"https:\/\/lesrefuges.it\/wp-content\/uploads\/2024\/08\/572CA782-B289-4DE2-BB36-E84BAA5368D8_1_105_c.jpeg 1024w, https:\/\/lesrefuges.it\/wp-content\/uploads\/2024\/08\/572CA782-B289-4DE2-BB36-E84BAA5368D8_1_105_c-300x225.jpeg 300w, https:\/\/lesrefuges.it\/wp-content\/uploads\/2024\/08\/572CA782-B289-4DE2-BB36-E84BAA5368D8_1_105_c-768x576.jpeg 768w\" sizes=\"(max-width: 1024px) 100vw, 1024px\" \/>\t\t\t\t\t\t\t\t\t\t\t\t\t\t\t<\/div>\n\t\t\t\t<\/div>\n\t\t\t\t<div class=\"elementor-element elementor-element-126650a elementor-widget elementor-widget-spacer\" data-id=\"126650a\" data-element_type=\"widget\" data-e-type=\"widget\" data-widget_type=\"spacer.default\">\n\t\t\t\t<div class=\"elementor-widget-container\">\n\t\t\t\t\t\t\t<div class=\"elementor-spacer\">\n\t\t\t<div class=\"elementor-spacer-inner\"><\/div>\n\t\t<\/div>\n\t\t\t\t\t\t<\/div>\n\t\t\t\t<\/div>\n\t\t\t\t<div class=\"elementor-element elementor-element-d4e1506 elementor-widget elementor-widget-spacer\" data-id=\"d4e1506\" data-element_type=\"widget\" data-e-type=\"widget\" data-widget_type=\"spacer.default\">\n\t\t\t\t<div class=\"elementor-widget-container\">\n\t\t\t\t\t\t\t<div class=\"elementor-spacer\">\n\t\t\t<div class=\"elementor-spacer-inner\"><\/div>\n\t\t<\/div>\n\t\t\t\t\t\t<\/div>\n\t\t\t\t<\/div>\n\t\t\t\t\t<\/div>\n\t\t<\/div>\n\t\t\t\t\t<\/div>\n\t\t<\/section>\n\t\t\t\t<\/div>\n\t\t","protected":false},"excerpt":{"rendered":"<p>Bouque Georgeoline 1795 Comment Arriver 1. Garez-vous dans le parking municipal gratuit (PARKING) 2. Prenez vos bagages et revenez \u00e0 pied jusqu&#8217;\u00e0 atteindre, sur votre gauche, le croisement avec l&#8217;indication &#8220;Villaggio Chaudanne&#8221;. Suivez la route en mont\u00e9e vers le village jusqu&#8217;\u00e0 arriver \u00e0 la place avec la fontaine. Depuis la place, descendez l&#8217;\u00e9troite ruelle \u00e0 [&hellip;]<\/p>\n","protected":false},"author":3,"featured_media":0,"parent":0,"menu_order":0,"comment_status":"closed","ping_status":"closed","template":"","meta":{"footnotes":""},"class_list":["post-22397","page","type-page","status-publish","hentry"],"yoast_head":"<!-- This site is optimized with the Yoast SEO plugin v27.3 - https:\/\/yoast.com\/product\/yoast-seo-wordpress\/ -->\n<title>Bouque Georgeoline - Comment Arriver - Benvenuti nel mondo dei Les Refuges<\/title>\n<meta name=\"robots\" content=\"index, follow, max-snippet:-1, max-image-preview:large, max-video-preview:-1\" \/>\n<link rel=\"canonical\" href=\"https:\/\/lesrefuges.it\/fr\/bouque-georgeoline-comment-arriver\/\" \/>\n<meta property=\"og:locale\" content=\"fr_FR\" \/>\n<meta property=\"og:type\" content=\"article\" \/>\n<meta property=\"og:title\" content=\"Bouque Georgeoline - Comment Arriver - Benvenuti nel mondo dei Les Refuges\" \/>\n<meta property=\"og:description\" content=\"Bouque Georgeoline 1795 Comment Arriver 1. Garez-vous dans le parking municipal gratuit (PARKING) 2. Prenez vos bagages et revenez \u00e0 pied jusqu&#8217;\u00e0 atteindre, sur votre gauche, le croisement avec l&#8217;indication &#8220;Villaggio Chaudanne&#8221;. Suivez la route en mont\u00e9e vers le village jusqu&#8217;\u00e0 arriver \u00e0 la place avec la fontaine. Depuis la place, descendez l&#8217;\u00e9troite ruelle \u00e0 [&hellip;]\" \/>\n<meta property=\"og:url\" content=\"https:\/\/lesrefuges.it\/fr\/bouque-georgeoline-comment-arriver\/\" \/>\n<meta property=\"og:site_name\" content=\"Benvenuti nel mondo dei Les Refuges\" \/>\n<meta property=\"article:publisher\" content=\"https:\/\/www.facebook.com\/Lesrefuges\" \/>\n<meta property=\"article:modified_time\" content=\"2024-09-09T08:52:27+00:00\" \/>\n<meta property=\"og:image\" content=\"https:\/\/lesrefuges.it\/wp-content\/uploads\/2024\/09\/IMG_EEEC47F43DF3-1-2-scaled.jpeg\" \/>\n<meta name=\"twitter:card\" content=\"summary_large_image\" \/>\n<meta name=\"twitter:label1\" content=\"Est. reading time\" \/>\n\t<meta name=\"twitter:data1\" content=\"2 minutes\" \/>\n<script type=\"application\/ld+json\" class=\"yoast-schema-graph\">{\"@context\":\"https:\\\/\\\/schema.org\",\"@graph\":[{\"@type\":\"WebPage\",\"@id\":\"https:\\\/\\\/lesrefuges.it\\\/fr\\\/bouque-georgeoline-comment-arriver\\\/\",\"url\":\"https:\\\/\\\/lesrefuges.it\\\/fr\\\/bouque-georgeoline-comment-arriver\\\/\",\"name\":\"Bouque Georgeoline - Comment Arriver - Benvenuti nel mondo dei Les Refuges\",\"isPartOf\":{\"@id\":\"https:\\\/\\\/lesrefuges.it\\\/#website\"},\"primaryImageOfPage\":{\"@id\":\"https:\\\/\\\/lesrefuges.it\\\/fr\\\/bouque-georgeoline-comment-arriver\\\/#primaryimage\"},\"image\":{\"@id\":\"https:\\\/\\\/lesrefuges.it\\\/fr\\\/bouque-georgeoline-comment-arriver\\\/#primaryimage\"},\"thumbnailUrl\":\"https:\\\/\\\/lesrefuges.it\\\/wp-content\\\/uploads\\\/2024\\\/09\\\/IMG_EEEC47F43DF3-1-2-scaled.jpeg\",\"datePublished\":\"2024-08-17T10:59:49+00:00\",\"dateModified\":\"2024-09-09T08:52:27+00:00\",\"breadcrumb\":{\"@id\":\"https:\\\/\\\/lesrefuges.it\\\/fr\\\/bouque-georgeoline-comment-arriver\\\/#breadcrumb\"},\"inLanguage\":\"fr-FR\",\"potentialAction\":[{\"@type\":\"ReadAction\",\"target\":[\"https:\\\/\\\/lesrefuges.it\\\/fr\\\/bouque-georgeoline-comment-arriver\\\/\"]}]},{\"@type\":\"ImageObject\",\"inLanguage\":\"fr-FR\",\"@id\":\"https:\\\/\\\/lesrefuges.it\\\/fr\\\/bouque-georgeoline-comment-arriver\\\/#primaryimage\",\"url\":\"https:\\\/\\\/lesrefuges.it\\\/wp-content\\\/uploads\\\/2024\\\/09\\\/IMG_EEEC47F43DF3-1-2-scaled.jpeg\",\"contentUrl\":\"https:\\\/\\\/lesrefuges.it\\\/wp-content\\\/uploads\\\/2024\\\/09\\\/IMG_EEEC47F43DF3-1-2-scaled.jpeg\"},{\"@type\":\"BreadcrumbList\",\"@id\":\"https:\\\/\\\/lesrefuges.it\\\/fr\\\/bouque-georgeoline-comment-arriver\\\/#breadcrumb\",\"itemListElement\":[{\"@type\":\"ListItem\",\"position\":1,\"name\":\"Home\",\"item\":\"https:\\\/\\\/lesrefuges.it\\\/\"},{\"@type\":\"ListItem\",\"position\":2,\"name\":\"Bouque Georgeoline &#8211; Comment Arriver\"}]},{\"@type\":\"WebSite\",\"@id\":\"https:\\\/\\\/lesrefuges.it\\\/#website\",\"url\":\"https:\\\/\\\/lesrefuges.it\\\/\",\"name\":\"Benvenuti nel mondo dei Les Refuges\",\"description\":\"Destinazioni eccezionali\",\"publisher\":{\"@id\":\"https:\\\/\\\/lesrefuges.it\\\/#organization\"},\"potentialAction\":[{\"@type\":\"SearchAction\",\"target\":{\"@type\":\"EntryPoint\",\"urlTemplate\":\"https:\\\/\\\/lesrefuges.it\\\/?s={search_term_string}\"},\"query-input\":{\"@type\":\"PropertyValueSpecification\",\"valueRequired\":true,\"valueName\":\"search_term_string\"}}],\"inLanguage\":\"fr-FR\"},{\"@type\":\"Organization\",\"@id\":\"https:\\\/\\\/lesrefuges.it\\\/#organization\",\"name\":\"Les Refuges\",\"url\":\"https:\\\/\\\/lesrefuges.it\\\/\",\"logo\":{\"@type\":\"ImageObject\",\"inLanguage\":\"fr-FR\",\"@id\":\"https:\\\/\\\/lesrefuges.it\\\/#\\\/schema\\\/logo\\\/image\\\/\",\"url\":\"https:\\\/\\\/lesrefuges.it\\\/wp-content\\\/uploads\\\/2023\\\/10\\\/rhemes-appartamenti-camere.png\",\"contentUrl\":\"https:\\\/\\\/lesrefuges.it\\\/wp-content\\\/uploads\\\/2023\\\/10\\\/rhemes-appartamenti-camere.png\",\"width\":150,\"height\":107,\"caption\":\"Les Refuges\"},\"image\":{\"@id\":\"https:\\\/\\\/lesrefuges.it\\\/#\\\/schema\\\/logo\\\/image\\\/\"},\"sameAs\":[\"https:\\\/\\\/www.facebook.com\\\/Lesrefuges\"]}]}<\/script>\n<!-- \/ Yoast SEO plugin. -->","yoast_head_json":{"title":"Bouque Georgeoline - Comment Arriver - Benvenuti nel mondo dei Les Refuges","robots":{"index":"index","follow":"follow","max-snippet":"max-snippet:-1","max-image-preview":"max-image-preview:large","max-video-preview":"max-video-preview:-1"},"canonical":"https:\/\/lesrefuges.it\/fr\/bouque-georgeoline-comment-arriver\/","og_locale":"fr_FR","og_type":"article","og_title":"Bouque Georgeoline - Comment Arriver - Benvenuti nel mondo dei Les Refuges","og_description":"Bouque Georgeoline 1795 Comment Arriver 1. Garez-vous dans le parking municipal gratuit (PARKING) 2. Prenez vos bagages et revenez \u00e0 pied jusqu&#8217;\u00e0 atteindre, sur votre gauche, le croisement avec l&#8217;indication &#8220;Villaggio Chaudanne&#8221;. Suivez la route en mont\u00e9e vers le village jusqu&#8217;\u00e0 arriver \u00e0 la place avec la fontaine. Depuis la place, descendez l&#8217;\u00e9troite ruelle \u00e0 [&hellip;]","og_url":"https:\/\/lesrefuges.it\/fr\/bouque-georgeoline-comment-arriver\/","og_site_name":"Benvenuti nel mondo dei Les Refuges","article_publisher":"https:\/\/www.facebook.com\/Lesrefuges","article_modified_time":"2024-09-09T08:52:27+00:00","og_image":[{"url":"https:\/\/lesrefuges.it\/wp-content\/uploads\/2024\/09\/IMG_EEEC47F43DF3-1-2-scaled.jpeg","type":"","width":"","height":""}],"twitter_card":"summary_large_image","twitter_misc":{"Est. reading time":"2 minutes"},"schema":{"@context":"https:\/\/schema.org","@graph":[{"@type":"WebPage","@id":"https:\/\/lesrefuges.it\/fr\/bouque-georgeoline-comment-arriver\/","url":"https:\/\/lesrefuges.it\/fr\/bouque-georgeoline-comment-arriver\/","name":"Bouque Georgeoline - Comment Arriver - Benvenuti nel mondo dei Les Refuges","isPartOf":{"@id":"https:\/\/lesrefuges.it\/#website"},"primaryImageOfPage":{"@id":"https:\/\/lesrefuges.it\/fr\/bouque-georgeoline-comment-arriver\/#primaryimage"},"image":{"@id":"https:\/\/lesrefuges.it\/fr\/bouque-georgeoline-comment-arriver\/#primaryimage"},"thumbnailUrl":"https:\/\/lesrefuges.it\/wp-content\/uploads\/2024\/09\/IMG_EEEC47F43DF3-1-2-scaled.jpeg","datePublished":"2024-08-17T10:59:49+00:00","dateModified":"2024-09-09T08:52:27+00:00","breadcrumb":{"@id":"https:\/\/lesrefuges.it\/fr\/bouque-georgeoline-comment-arriver\/#breadcrumb"},"inLanguage":"fr-FR","potentialAction":[{"@type":"ReadAction","target":["https:\/\/lesrefuges.it\/fr\/bouque-georgeoline-comment-arriver\/"]}]},{"@type":"ImageObject","inLanguage":"fr-FR","@id":"https:\/\/lesrefuges.it\/fr\/bouque-georgeoline-comment-arriver\/#primaryimage","url":"https:\/\/lesrefuges.it\/wp-content\/uploads\/2024\/09\/IMG_EEEC47F43DF3-1-2-scaled.jpeg","contentUrl":"https:\/\/lesrefuges.it\/wp-content\/uploads\/2024\/09\/IMG_EEEC47F43DF3-1-2-scaled.jpeg"},{"@type":"BreadcrumbList","@id":"https:\/\/lesrefuges.it\/fr\/bouque-georgeoline-comment-arriver\/#breadcrumb","itemListElement":[{"@type":"ListItem","position":1,"name":"Home","item":"https:\/\/lesrefuges.it\/"},{"@type":"ListItem","position":2,"name":"Bouque Georgeoline &#8211; Comment Arriver"}]},{"@type":"WebSite","@id":"https:\/\/lesrefuges.it\/#website","url":"https:\/\/lesrefuges.it\/","name":"Benvenuti nel mondo dei Les Refuges","description":"Destinazioni eccezionali","publisher":{"@id":"https:\/\/lesrefuges.it\/#organization"},"potentialAction":[{"@type":"SearchAction","target":{"@type":"EntryPoint","urlTemplate":"https:\/\/lesrefuges.it\/?s={search_term_string}"},"query-input":{"@type":"PropertyValueSpecification","valueRequired":true,"valueName":"search_term_string"}}],"inLanguage":"fr-FR"},{"@type":"Organization","@id":"https:\/\/lesrefuges.it\/#organization","name":"Les Refuges","url":"https:\/\/lesrefuges.it\/","logo":{"@type":"ImageObject","inLanguage":"fr-FR","@id":"https:\/\/lesrefuges.it\/#\/schema\/logo\/image\/","url":"https:\/\/lesrefuges.it\/wp-content\/uploads\/2023\/10\/rhemes-appartamenti-camere.png","contentUrl":"https:\/\/lesrefuges.it\/wp-content\/uploads\/2023\/10\/rhemes-appartamenti-camere.png","width":150,"height":107,"caption":"Les Refuges"},"image":{"@id":"https:\/\/lesrefuges.it\/#\/schema\/logo\/image\/"},"sameAs":["https:\/\/www.facebook.com\/Lesrefuges"]}]}},"_links":{"self":[{"href":"https:\/\/lesrefuges.it\/fr\/wp-json\/wp\/v2\/pages\/22397","targetHints":{"allow":["GET"]}}],"collection":[{"href":"https:\/\/lesrefuges.it\/fr\/wp-json\/wp\/v2\/pages"}],"about":[{"href":"https:\/\/lesrefuges.it\/fr\/wp-json\/wp\/v2\/types\/page"}],"author":[{"embeddable":true,"href":"https:\/\/lesrefuges.it\/fr\/wp-json\/wp\/v2\/users\/3"}],"replies":[{"embeddable":true,"href":"https:\/\/lesrefuges.it\/fr\/wp-json\/wp\/v2\/comments?post=22397"}],"version-history":[{"count":14,"href":"https:\/\/lesrefuges.it\/fr\/wp-json\/wp\/v2\/pages\/22397\/revisions"}],"predecessor-version":[{"id":23193,"href":"https:\/\/lesrefuges.it\/fr\/wp-json\/wp\/v2\/pages\/22397\/revisions\/23193"}],"wp:attachment":[{"href":"https:\/\/lesrefuges.it\/fr\/wp-json\/wp\/v2\/media?parent=22397"}],"curies":[{"name":"wp","href":"https:\/\/api.w.org\/{rel}","templated":true}]}}