{"id":22341,"date":"2021-05-10T10:22:59","date_gmt":"2021-05-10T08:22:59","guid":{"rendered":"https:\/\/lesrefuges.it\/vallee-de-rhemes-notre-dame\/"},"modified":"2024-09-23T14:09:03","modified_gmt":"2024-09-23T12:09:03","slug":"vallee-de-rhemes-notre-dame","status":"publish","type":"page","link":"https:\/\/lesrefuges.it\/fr\/vallee-de-rhemes-notre-dame\/","title":{"rendered":"Vall\u00e9e de Rh\u00eames-Notre-Dame"},"content":{"rendered":"\t\t<div data-elementor-type=\"wp-page\" data-elementor-id=\"22341\" class=\"elementor elementor-22341 elementor-1730\">\n\t\t\t\t\t\t<section class=\"elementor-section elementor-top-section elementor-element elementor-element-f17dc2f elementor-section-stretched elementor-section-full_width elementor-section-height-default elementor-section-height-default\" data-id=\"f17dc2f\" data-element_type=\"section\" data-e-type=\"section\" data-settings=\"{&quot;stretch_section&quot;:&quot;section-stretched&quot;,&quot;background_background&quot;:&quot;classic&quot;}\">\n\t\t\t\t\t\t\t<div class=\"elementor-background-overlay\"><\/div>\n\t\t\t\t\t\t\t<div class=\"elementor-container elementor-column-gap-default\">\n\t\t\t\t\t<div class=\"elementor-column elementor-col-100 elementor-top-column elementor-element elementor-element-b8611ab\" data-id=\"b8611ab\" data-element_type=\"column\" data-e-type=\"column\" data-settings=\"{&quot;background_background&quot;:&quot;classic&quot;}\">\n\t\t\t<div class=\"elementor-widget-wrap elementor-element-populated\">\n\t\t\t\t\t\t<div class=\"elementor-element elementor-element-2f0e475 elementor-widget elementor-widget-spacer\" data-id=\"2f0e475\" data-element_type=\"widget\" data-e-type=\"widget\" data-widget_type=\"spacer.default\">\n\t\t\t\t<div class=\"elementor-widget-container\">\n\t\t\t\t\t\t\t<div class=\"elementor-spacer\">\n\t\t\t<div class=\"elementor-spacer-inner\"><\/div>\n\t\t<\/div>\n\t\t\t\t\t\t<\/div>\n\t\t\t\t<\/div>\n\t\t\t\t<div class=\"elementor-element elementor-element-09c5011 elementor-widget__width-initial elementor-widget elementor-widget-qi_addons_for_elementor_animated_text\" data-id=\"09c5011\" data-element_type=\"widget\" data-e-type=\"widget\" data-widget_type=\"qi_addons_for_elementor_animated_text.default\">\n\t\t\t\t<div class=\"elementor-widget-container\">\n\t\t\t\t\t<div class=\"qodef-shortcode qodef-m qodef-qi-animated-text qodef--animated-by-word qodef--alignment-center qodef-qi--has-appear qodef--appear-from-right\" >\n\t\t<h1 class=\"qodef-m-title\">\n\t\t<span class=\"qodef-e-word\">Vall\u00e9e<\/span> <span class=\"qodef-e-word\">de<\/span> <span class=\"qodef-e-word\">Rh\u00eames-Notre-Dame<\/span>\t<\/h1>\n<\/div>\n\t\t\t\t<\/div>\n\t\t\t\t<\/div>\n\t\t\t\t<div class=\"elementor-element elementor-element-f7c5579 elementor-widget elementor-widget-spacer\" data-id=\"f7c5579\" data-element_type=\"widget\" data-e-type=\"widget\" data-widget_type=\"spacer.default\">\n\t\t\t\t<div class=\"elementor-widget-container\">\n\t\t\t\t\t\t\t<div class=\"elementor-spacer\">\n\t\t\t<div class=\"elementor-spacer-inner\"><\/div>\n\t\t<\/div>\n\t\t\t\t\t\t<\/div>\n\t\t\t\t<\/div>\n\t\t\t\t<div class=\"elementor-element elementor-element-54d687e elementor-widget-mobile__width-inherit elementor-widget elementor-widget-heading\" data-id=\"54d687e\" data-element_type=\"widget\" data-e-type=\"widget\" data-widget_type=\"heading.default\">\n\t\t\t\t<div class=\"elementor-widget-container\">\n\t\t\t\t\t<p class=\"elementor-heading-title elementor-size-medium\">Au c\u0153ur battant des Alpes, Rh\u00eames Notre Dame s'\u00e9l\u00e8ve comme un sanctuaire de paix et de r\u00e9g\u00e9n\u00e9ration. Ici, parmi les sommets vertigineux et les murmures des brises de montagne, le bien-\u00eatre trouve son essence la plus pure, offrant un refuge incomparable pour l'\u00e2me et le corps en qu\u00eate d'un authentique repos.<\/p>\t\t\t\t<\/div>\n\t\t\t\t<\/div>\n\t\t\t\t<div class=\"elementor-element elementor-element-abf9ccd elementor-widget-mobile__width-inherit elementor-widget elementor-widget-heading\" data-id=\"abf9ccd\" data-element_type=\"widget\" data-e-type=\"widget\" data-widget_type=\"heading.default\">\n\t\t\t\t<div class=\"elementor-widget-container\">\n\t\t\t\t\t<p class=\"elementor-heading-title elementor-size-medium\"><b>Activit\u00e9s de Plein Air<\/b><br><br>\n\n\n\n\n<b>Printemps<\/b><br>Entre d\u00e9but mars et mi-mai, cette destination est un paradis pour le ski de randonn\u00e9e, avec des itin\u00e9raires c\u00e9l\u00e8bres ayant pour base \u201cLe Refuge de Fond 2324\u201d, comme le Roc Bassagne, la Punta Calabre, la Grande Rousse, la Galisia, et les cols qui m\u00e8nent au Pi\u00e9mont ou en France, \u00e0 Val d'Is\u00e8re.<br><br>\n\n\n\n\n<b>\u00c9t\u00e9<\/b><br>Ici, pendant la saison estivale, les activit\u00e9s les plus pratiqu\u00e9es sont la randonn\u00e9e et les promenades sur des sentiers bien balis\u00e9s qui partent, par exemple, de nos appartements \"BouqueGeorgeoline 1795\" ou \"Le Jardin des Anglais 1815\", de nos chambres \"La Reverie de Thumel 1869\" ou de notre refuge \"Le Refuge de Fond 2324\". Certaines des excursions les plus int\u00e9ressantes incluent La Traversi\u00e8re, le lac Goletta, le lac Sant'Elena, le Plan des Marmottes et le col dell'Entrelor. Les amateurs d'escalade peuvent d\u00e9fier des parois rocheuses \u00e0 couper le souffle, tandis que la via ferrata di Cosimiro est une exp\u00e9rience \u00e0 vivre pleinement. Pour les passionn\u00e9s de cyclisme, v\u00e9los \u00e9lectriques et musculaires permettent d'explorer la vall\u00e9e avec des parcours simples ou plus exigeants.<br><br>\n\n\n\n\n<b>Automne<\/b><br> En automne, les randonn\u00e9es photographiques offrent l'opportunit\u00e9 de capturer la beaut\u00e9 du paysage avec ses couleurs \u00e0 couper le souffle. La diminution de l'affluence permet \u00e9galement de rep\u00e9rer plus facilement la faune sauvage, qui descend en vall\u00e9e pendant cette saison.<br><br>\n\n\n\n\n<b>HIver<\/b><br>Avec l'arriv\u00e9e de la neige, Rh\u00eames-Notre-Dame, que ce soit sous les \u00e9toiles ou sous le soleil, se transforme en une destination id\u00e9ale pour les randonn\u00e9es en raquettes. Les passionn\u00e9s de ski trouveront des pistes d\u00e9di\u00e9es \u00e0 la descente et au ski de fond, tandis que le snow park offre du plaisir garanti pour toute la famille. Quelle que soit la saison, la Vall\u00e9e de Rh\u00eames Notre Dame est pr\u00eate \u00e0 accueillir les amoureux de la nature et de l'aventure avec une large gamme d'activit\u00e9s en plein air.<br> <br> \n<\/p>\t\t\t\t<\/div>\n\t\t\t\t<\/div>\n\t\t\t\t<div class=\"elementor-element elementor-element-ebf9e60 elementor-widget-mobile__width-inherit elementor-widget elementor-widget-heading\" data-id=\"ebf9e60\" data-element_type=\"widget\" data-e-type=\"widget\" data-widget_type=\"heading.default\">\n\t\t\t\t<div class=\"elementor-widget-container\">\n\t\t\t\t\t<p class=\"elementor-heading-title elementor-size-medium\"><b>Position G\u00e9ographique<\/b>&nbsp;<br> Le comune est situ\u00e9 dans la r\u00e9gion autonome de la Vall\u00e9e d'Aoste, dans le nord-ouest de l'Italie. Ce charmant oasis de biodiversit\u00e9 partage ses fronti\u00e8res avec la France, le Pi\u00e9mont, la Valsavarenche et la Valgrisenche, et est enti\u00e8rement entour\u00e9 par le Parc National du Grand Paradis, une zone prot\u00e9g\u00e9e qui s'\u00e9tend sur plus de 700 kilom\u00e8tres carr\u00e9s, lui assurant une protection sp\u00e9ciale.<br><br><b>Altitude<\/b><br>Rh\u00eames-Notre-Dame est situ\u00e9e \u00e0 une altitude d'environ 1 720 m\u00e8tres au-dessus du niveau de la mer. Le vette circostanti superano i 3.000 metri e il suo simbolo pi\u00f9 emblematico \u00e8 la Granta Parey, alta 3.387 metri.<br><br><b>Popolazione<\/b><br>E' nota per essere il comune meno popolato della Valle d'Aosta, con circa 70 abitanti. Cela contribue \u00e0 pr\u00e9server sa tranquillit\u00e9 et son atmosph\u00e8re authentique.<br><br><b>Nature et Biodiversit\u00e9<\/b><br>La vall\u00e9e est r\u00e9put\u00e9e pour sa riche biodiversit\u00e9. Ici, il est possible d'observer diff\u00e9rentes esp\u00e8ces animales, telles que le chamois, le bouquetin, le gypa\u00e8te barbu, l'aigle, l'hermine, le renard, le li\u00e8vre variable, le loup,&nbsp; la marmotte, le dahu et bien d'autres encore. La flore alpine est tout aussi fascinante, avec des fleurs qui colorent le paysage comme les gentianes, les petites gentianes, les an\u00e9mones, les chardons, les nigritelles, les perce-neige, les edelweiss, les myosotis, et les boutons d'or.<br><br><b>Culture et Histoire<\/b><br>Rh\u00eames-Notre-Dame abrite un riche patrimoine culturel et historique, avec d'anciens villages alpins, des \u00e9glises historiques et des traditions locales qui sont encore c\u00e9l\u00e9br\u00e9es. Cette connexion avec l'histoire et la culture des Alpes rend la visite encore plus fascinante.<br><br><b>Exp\u00e9rience culinaire<\/b><br>Dans notre restaurante &nbsp;\u201cLe Village de Thumel 1879\u201d vous offre la possibilit\u00e9 de vivre un v\u00e9ritable voyage \u00e0 travers les saveurs des Alpes, en savourant des produits locaux, le tout dans une atmosph\u00e8re unique et envo\u00fbtante. Beppe saura vous guider \u00e0 travers les saveurs saisonni\u00e8res, en proposant toujours des plats d\u00e9licieux cuisin\u00e9s avec des produits r\u00e9gionaux, d\u00e9vouement et passion.<br> <br> \n<\/p>\t\t\t\t<\/div>\n\t\t\t\t<\/div>\n\t\t\t\t<div class=\"elementor-element elementor-element-7f81127 elementor-widget elementor-widget-spacer\" data-id=\"7f81127\" data-element_type=\"widget\" data-e-type=\"widget\" data-widget_type=\"spacer.default\">\n\t\t\t\t<div class=\"elementor-widget-container\">\n\t\t\t\t\t\t\t<div class=\"elementor-spacer\">\n\t\t\t<div class=\"elementor-spacer-inner\"><\/div>\n\t\t<\/div>\n\t\t\t\t\t\t<\/div>\n\t\t\t\t<\/div>\n\t\t\t\t<div class=\"elementor-element elementor-element-3b401cc elementor-widget elementor-widget-spacer\" data-id=\"3b401cc\" data-element_type=\"widget\" data-e-type=\"widget\" data-widget_type=\"spacer.default\">\n\t\t\t\t<div class=\"elementor-widget-container\">\n\t\t\t\t\t\t\t<div class=\"elementor-spacer\">\n\t\t\t<div class=\"elementor-spacer-inner\"><\/div>\n\t\t<\/div>\n\t\t\t\t\t\t<\/div>\n\t\t\t\t<\/div>\n\t\t\t\t<div class=\"elementor-element elementor-element-62e8257 elementor-widget elementor-widget-spacer\" data-id=\"62e8257\" data-element_type=\"widget\" data-e-type=\"widget\" data-widget_type=\"spacer.default\">\n\t\t\t\t<div class=\"elementor-widget-container\">\n\t\t\t\t\t\t\t<div class=\"elementor-spacer\">\n\t\t\t<div class=\"elementor-spacer-inner\"><\/div>\n\t\t<\/div>\n\t\t\t\t\t\t<\/div>\n\t\t\t\t<\/div>\n\t\t\t\t\t<\/div>\n\t\t<\/div>\n\t\t\t\t\t<\/div>\n\t\t<\/section>\n\t\t\t\t<\/div>\n\t\t","protected":false},"excerpt":{"rendered":"<p>Vall\u00e9e de Rh\u00eames-Notre-Dame Au c\u0153ur battant des Alpes, Rh\u00eames Notre Dame s&#8217;\u00e9l\u00e8ve comme un sanctuaire de paix et de r\u00e9g\u00e9n\u00e9ration. Ici, parmi les sommets vertigineux et les murmures des brises de montagne, le bien-\u00eatre trouve son essence la plus pure, offrant un refuge incomparable pour l&#8217;\u00e2me et le corps en qu\u00eate d&#8217;un authentique repos. Activit\u00e9s [&hellip;]<\/p>\n","protected":false},"author":2,"featured_media":0,"parent":0,"menu_order":0,"comment_status":"closed","ping_status":"closed","template":"","meta":{"footnotes":""},"class_list":["post-22341","page","type-page","status-publish","hentry"],"yoast_head":"<!-- This site is optimized with the Yoast SEO plugin v27.5 - https:\/\/yoast.com\/product\/yoast-seo-wordpress\/ -->\n<title>Vall\u00e9e de Rh\u00eames-Notre-Dame - Benvenuti nel mondo dei Les Refuges<\/title>\n<meta name=\"robots\" content=\"index, follow, max-snippet:-1, max-image-preview:large, max-video-preview:-1\" \/>\n<link rel=\"canonical\" href=\"https:\/\/lesrefuges.it\/val-di-rhemes\/\" \/>\n<meta property=\"og:locale\" content=\"fr_FR\" \/>\n<meta property=\"og:type\" content=\"article\" \/>\n<meta property=\"og:title\" content=\"Vall\u00e9e de Rh\u00eames-Notre-Dame - Benvenuti nel mondo dei Les Refuges\" \/>\n<meta property=\"og:description\" content=\"Vall\u00e9e de Rh\u00eames-Notre-Dame Au c\u0153ur battant des Alpes, Rh\u00eames Notre Dame s&#8217;\u00e9l\u00e8ve comme un sanctuaire de paix et de r\u00e9g\u00e9n\u00e9ration. Ici, parmi les sommets vertigineux et les murmures des brises de montagne, le bien-\u00eatre trouve son essence la plus pure, offrant un refuge incomparable pour l&#8217;\u00e2me et le corps en qu\u00eate d&#8217;un authentique repos. Activit\u00e9s [&hellip;]\" \/>\n<meta property=\"og:url\" content=\"https:\/\/lesrefuges.it\/val-di-rhemes\/\" \/>\n<meta property=\"og:site_name\" content=\"Benvenuti nel mondo dei Les Refuges\" \/>\n<meta property=\"article:publisher\" content=\"https:\/\/www.facebook.com\/Lesrefuges\" \/>\n<meta property=\"article:modified_time\" content=\"2024-09-23T12:09:03+00:00\" \/>\n<meta name=\"twitter:card\" content=\"summary_large_image\" \/>\n<meta name=\"twitter:label1\" content=\"Est. reading time\" \/>\n\t<meta name=\"twitter:data1\" content=\"4 minutes\" \/>\n<script type=\"application\/ld+json\" class=\"yoast-schema-graph\">{\"@context\":\"https:\\\/\\\/schema.org\",\"@graph\":[{\"@type\":\"WebPage\",\"@id\":\"https:\\\/\\\/lesrefuges.it\\\/val-di-rhemes\\\/\",\"url\":\"https:\\\/\\\/lesrefuges.it\\\/val-di-rhemes\\\/\",\"name\":\"Vall\u00e9e de Rh\u00eames-Notre-Dame - Benvenuti nel mondo dei Les Refuges\",\"isPartOf\":{\"@id\":\"https:\\\/\\\/lesrefuges.it\\\/#website\"},\"datePublished\":\"2021-05-10T08:22:59+00:00\",\"dateModified\":\"2024-09-23T12:09:03+00:00\",\"breadcrumb\":{\"@id\":\"https:\\\/\\\/lesrefuges.it\\\/val-di-rhemes\\\/#breadcrumb\"},\"inLanguage\":\"fr-FR\",\"potentialAction\":[{\"@type\":\"ReadAction\",\"target\":[\"https:\\\/\\\/lesrefuges.it\\\/val-di-rhemes\\\/\"]}]},{\"@type\":\"BreadcrumbList\",\"@id\":\"https:\\\/\\\/lesrefuges.it\\\/val-di-rhemes\\\/#breadcrumb\",\"itemListElement\":[{\"@type\":\"ListItem\",\"position\":1,\"name\":\"Home\",\"item\":\"https:\\\/\\\/lesrefuges.it\\\/\"},{\"@type\":\"ListItem\",\"position\":2,\"name\":\"Vall\u00e9e de Rh\u00eames-Notre-Dame\"}]},{\"@type\":\"WebSite\",\"@id\":\"https:\\\/\\\/lesrefuges.it\\\/#website\",\"url\":\"https:\\\/\\\/lesrefuges.it\\\/\",\"name\":\"Benvenuti nel mondo dei Les Refuges\",\"description\":\"Destinazioni eccezionali\",\"publisher\":{\"@id\":\"https:\\\/\\\/lesrefuges.it\\\/#organization\"},\"potentialAction\":[{\"@type\":\"SearchAction\",\"target\":{\"@type\":\"EntryPoint\",\"urlTemplate\":\"https:\\\/\\\/lesrefuges.it\\\/?s={search_term_string}\"},\"query-input\":{\"@type\":\"PropertyValueSpecification\",\"valueRequired\":true,\"valueName\":\"search_term_string\"}}],\"inLanguage\":\"fr-FR\"},{\"@type\":\"Organization\",\"@id\":\"https:\\\/\\\/lesrefuges.it\\\/#organization\",\"name\":\"Les Refuges\",\"url\":\"https:\\\/\\\/lesrefuges.it\\\/\",\"logo\":{\"@type\":\"ImageObject\",\"inLanguage\":\"fr-FR\",\"@id\":\"https:\\\/\\\/lesrefuges.it\\\/#\\\/schema\\\/logo\\\/image\\\/\",\"url\":\"https:\\\/\\\/lesrefuges.it\\\/wp-content\\\/uploads\\\/2023\\\/10\\\/rhemes-appartamenti-camere.png\",\"contentUrl\":\"https:\\\/\\\/lesrefuges.it\\\/wp-content\\\/uploads\\\/2023\\\/10\\\/rhemes-appartamenti-camere.png\",\"width\":150,\"height\":107,\"caption\":\"Les Refuges\"},\"image\":{\"@id\":\"https:\\\/\\\/lesrefuges.it\\\/#\\\/schema\\\/logo\\\/image\\\/\"},\"sameAs\":[\"https:\\\/\\\/www.facebook.com\\\/Lesrefuges\"]}]}<\/script>\n<!-- \/ Yoast SEO plugin. -->","yoast_head_json":{"title":"Vall\u00e9e de Rh\u00eames-Notre-Dame - Benvenuti nel mondo dei Les Refuges","robots":{"index":"index","follow":"follow","max-snippet":"max-snippet:-1","max-image-preview":"max-image-preview:large","max-video-preview":"max-video-preview:-1"},"canonical":"https:\/\/lesrefuges.it\/val-di-rhemes\/","og_locale":"fr_FR","og_type":"article","og_title":"Vall\u00e9e de Rh\u00eames-Notre-Dame - Benvenuti nel mondo dei Les Refuges","og_description":"Vall\u00e9e de Rh\u00eames-Notre-Dame Au c\u0153ur battant des Alpes, Rh\u00eames Notre Dame s&#8217;\u00e9l\u00e8ve comme un sanctuaire de paix et de r\u00e9g\u00e9n\u00e9ration. Ici, parmi les sommets vertigineux et les murmures des brises de montagne, le bien-\u00eatre trouve son essence la plus pure, offrant un refuge incomparable pour l&#8217;\u00e2me et le corps en qu\u00eate d&#8217;un authentique repos. Activit\u00e9s [&hellip;]","og_url":"https:\/\/lesrefuges.it\/val-di-rhemes\/","og_site_name":"Benvenuti nel mondo dei Les Refuges","article_publisher":"https:\/\/www.facebook.com\/Lesrefuges","article_modified_time":"2024-09-23T12:09:03+00:00","twitter_card":"summary_large_image","twitter_misc":{"Est. reading time":"4 minutes"},"schema":{"@context":"https:\/\/schema.org","@graph":[{"@type":"WebPage","@id":"https:\/\/lesrefuges.it\/val-di-rhemes\/","url":"https:\/\/lesrefuges.it\/val-di-rhemes\/","name":"Vall\u00e9e de Rh\u00eames-Notre-Dame - Benvenuti nel mondo dei Les Refuges","isPartOf":{"@id":"https:\/\/lesrefuges.it\/#website"},"datePublished":"2021-05-10T08:22:59+00:00","dateModified":"2024-09-23T12:09:03+00:00","breadcrumb":{"@id":"https:\/\/lesrefuges.it\/val-di-rhemes\/#breadcrumb"},"inLanguage":"fr-FR","potentialAction":[{"@type":"ReadAction","target":["https:\/\/lesrefuges.it\/val-di-rhemes\/"]}]},{"@type":"BreadcrumbList","@id":"https:\/\/lesrefuges.it\/val-di-rhemes\/#breadcrumb","itemListElement":[{"@type":"ListItem","position":1,"name":"Home","item":"https:\/\/lesrefuges.it\/"},{"@type":"ListItem","position":2,"name":"Vall\u00e9e de Rh\u00eames-Notre-Dame"}]},{"@type":"WebSite","@id":"https:\/\/lesrefuges.it\/#website","url":"https:\/\/lesrefuges.it\/","name":"Benvenuti nel mondo dei Les Refuges","description":"Destinazioni eccezionali","publisher":{"@id":"https:\/\/lesrefuges.it\/#organization"},"potentialAction":[{"@type":"SearchAction","target":{"@type":"EntryPoint","urlTemplate":"https:\/\/lesrefuges.it\/?s={search_term_string}"},"query-input":{"@type":"PropertyValueSpecification","valueRequired":true,"valueName":"search_term_string"}}],"inLanguage":"fr-FR"},{"@type":"Organization","@id":"https:\/\/lesrefuges.it\/#organization","name":"Les Refuges","url":"https:\/\/lesrefuges.it\/","logo":{"@type":"ImageObject","inLanguage":"fr-FR","@id":"https:\/\/lesrefuges.it\/#\/schema\/logo\/image\/","url":"https:\/\/lesrefuges.it\/wp-content\/uploads\/2023\/10\/rhemes-appartamenti-camere.png","contentUrl":"https:\/\/lesrefuges.it\/wp-content\/uploads\/2023\/10\/rhemes-appartamenti-camere.png","width":150,"height":107,"caption":"Les Refuges"},"image":{"@id":"https:\/\/lesrefuges.it\/#\/schema\/logo\/image\/"},"sameAs":["https:\/\/www.facebook.com\/Lesrefuges"]}]}},"_links":{"self":[{"href":"https:\/\/lesrefuges.it\/fr\/wp-json\/wp\/v2\/pages\/22341","targetHints":{"allow":["GET"]}}],"collection":[{"href":"https:\/\/lesrefuges.it\/fr\/wp-json\/wp\/v2\/pages"}],"about":[{"href":"https:\/\/lesrefuges.it\/fr\/wp-json\/wp\/v2\/types\/page"}],"author":[{"embeddable":true,"href":"https:\/\/lesrefuges.it\/fr\/wp-json\/wp\/v2\/users\/2"}],"replies":[{"embeddable":true,"href":"https:\/\/lesrefuges.it\/fr\/wp-json\/wp\/v2\/comments?post=22341"}],"version-history":[{"count":4,"href":"https:\/\/lesrefuges.it\/fr\/wp-json\/wp\/v2\/pages\/22341\/revisions"}],"predecessor-version":[{"id":23603,"href":"https:\/\/lesrefuges.it\/fr\/wp-json\/wp\/v2\/pages\/22341\/revisions\/23603"}],"wp:attachment":[{"href":"https:\/\/lesrefuges.it\/fr\/wp-json\/wp\/v2\/media?parent=22341"}],"curies":[{"name":"wp","href":"https:\/\/api.w.org\/{rel}","templated":true}]}}