{"id":22555,"date":"2024-08-16T19:01:48","date_gmt":"2024-08-16T17:01:48","guid":{"rendered":"https:\/\/lesrefuges.it\/useful-links\/"},"modified":"2024-08-27T16:34:46","modified_gmt":"2024-08-27T14:34:46","slug":"useful-links","status":"publish","type":"page","link":"https:\/\/lesrefuges.it\/en\/useful-links\/","title":{"rendered":"Useful Links"},"content":{"rendered":"\t\t<div data-elementor-type=\"wp-page\" data-elementor-id=\"22555\" class=\"elementor elementor-22555 elementor-21140\">\n\t\t\t\t\t\t<section class=\"elementor-section elementor-top-section elementor-element elementor-element-de6de8f elementor-section-stretched elementor-section-boxed elementor-section-height-default elementor-section-height-default\" data-id=\"de6de8f\" data-element_type=\"section\" data-e-type=\"section\" data-settings=\"{&quot;stretch_section&quot;:&quot;section-stretched&quot;,&quot;background_background&quot;:&quot;gradient&quot;}\">\n\t\t\t\t\t\t<div class=\"elementor-container elementor-column-gap-default\">\n\t\t\t\t\t<div class=\"elementor-column elementor-col-100 elementor-top-column elementor-element elementor-element-8db83f1\" data-id=\"8db83f1\" data-element_type=\"column\" data-e-type=\"column\">\n\t\t\t<div class=\"elementor-widget-wrap elementor-element-populated\">\n\t\t\t\t\t\t<div class=\"elementor-element elementor-element-2c2622f elementor-widget elementor-widget-heading\" data-id=\"2c2622f\" data-element_type=\"widget\" data-e-type=\"widget\" data-widget_type=\"heading.default\">\n\t\t\t\t<div class=\"elementor-widget-container\">\n\t\t\t\t\t<h1 class=\"elementor-heading-title elementor-size-xl\">USEFUL LINKS<\/h1>\t\t\t\t<\/div>\n\t\t\t\t<\/div>\n\t\t\t\t<div class=\"elementor-element elementor-element-ff5a79a elementor-widget elementor-widget-spacer\" data-id=\"ff5a79a\" data-element_type=\"widget\" data-e-type=\"widget\" data-widget_type=\"spacer.default\">\n\t\t\t\t<div class=\"elementor-widget-container\">\n\t\t\t\t\t\t\t<div class=\"elementor-spacer\">\n\t\t\t<div class=\"elementor-spacer-inner\"><\/div>\n\t\t<\/div>\n\t\t\t\t\t\t<\/div>\n\t\t\t\t<\/div>\n\t\t\t\t<div class=\"elementor-element elementor-element-b33c95f elementor-position-left elementor-vertical-align-middle elementor-widget__width-initial elementor-position-left elementor-widget elementor-widget-image-box\" data-id=\"b33c95f\" data-element_type=\"widget\" data-e-type=\"widget\" data-widget_type=\"image-box.default\">\n\t\t\t\t<div class=\"elementor-widget-container\">\n\t\t\t\t\t<div class=\"elementor-image-box-wrapper\"><figure class=\"elementor-image-box-img\"><a href=\"https:\/\/www.peakshunter.com\/it\/\" tabindex=\"-1\"><img fetchpriority=\"high\" decoding=\"async\" width=\"300\" height=\"300\" src=\"https:\/\/lesrefuges.it\/wp-content\/uploads\/2024\/04\/1EC4FCB6-BFF1-4981-A566-3D9298FF7E75-300x300.jpeg\" class=\"attachment-medium size-medium wp-image-16871\" alt=\"\" \/><\/a><\/figure><div class=\"elementor-image-box-content\"><h4 class=\"elementor-image-box-title\"><a href=\"https:\/\/www.peakshunter.com\/it\/\">PEAKS HUNTER<\/a><\/h4><p class=\"elementor-image-box-description\">BOOK YOUR ADVENTURE<\/p><\/div><\/div>\t\t\t\t<\/div>\n\t\t\t\t<\/div>\n\t\t\t\t<div class=\"elementor-element elementor-element-22a082d elementor-position-left elementor-vertical-align-middle elementor-widget__width-initial elementor-position-left elementor-widget elementor-widget-image-box\" data-id=\"22a082d\" data-element_type=\"widget\" data-e-type=\"widget\" data-widget_type=\"image-box.default\">\n\t\t\t\t<div class=\"elementor-widget-container\">\n\t\t\t\t\t<div class=\"elementor-image-box-wrapper\"><figure class=\"elementor-image-box-img\"><a href=\"https:\/\/alpine-world.com\/mountainguides\/it\" tabindex=\"-1\"><img decoding=\"async\" width=\"300\" height=\"300\" src=\"https:\/\/lesrefuges.it\/wp-content\/uploads\/2024\/04\/85374579-82F3-4FC4-A2E1-FFA731803E58-300x300.png\" class=\"attachment-medium size-medium wp-image-16874\" alt=\"\" \/><\/a><\/figure><div class=\"elementor-image-box-content\"><h4 class=\"elementor-image-box-title\"><a href=\"https:\/\/alpine-world.com\/mountainguides\/it\">ALPINE WORLD<\/a><\/h4><p class=\"elementor-image-box-description\">BOOK YOUR ADVENTURE<\/p><\/div><\/div>\t\t\t\t<\/div>\n\t\t\t\t<\/div>\n\t\t\t\t<div class=\"elementor-element elementor-element-bee6c05 elementor-position-left elementor-vertical-align-middle elementor-widget__width-initial elementor-position-left elementor-widget elementor-widget-image-box\" data-id=\"bee6c05\" data-element_type=\"widget\" data-e-type=\"widget\" data-widget_type=\"image-box.default\">\n\t\t\t\t<div class=\"elementor-widget-container\">\n\t\t\t\t\t<div class=\"elementor-image-box-wrapper\"><figure class=\"elementor-image-box-img\"><a href=\"https:\/\/www.lepetchoulindo.it\/\" tabindex=\"-1\"><img decoding=\"async\" width=\"300\" height=\"300\" src=\"https:\/\/lesrefuges.it\/wp-content\/uploads\/2024\/01\/B78071E3-04F3-477C-8E92-3AFA7880BE0A-e1713089854826-300x300.jpeg\" class=\"attachment-medium size-medium wp-image-10672\" alt=\"\" srcset=\"https:\/\/lesrefuges.it\/wp-content\/uploads\/2024\/01\/B78071E3-04F3-477C-8E92-3AFA7880BE0A-e1713089854826-300x300.jpeg 300w, https:\/\/lesrefuges.it\/wp-content\/uploads\/2024\/01\/B78071E3-04F3-477C-8E92-3AFA7880BE0A-e1713089854826-150x150.jpeg 150w, https:\/\/lesrefuges.it\/wp-content\/uploads\/2024\/01\/B78071E3-04F3-477C-8E92-3AFA7880BE0A-e1713089854826-650x650.jpeg 650w, https:\/\/lesrefuges.it\/wp-content\/uploads\/2024\/01\/B78071E3-04F3-477C-8E92-3AFA7880BE0A-e1713089854826.jpeg 696w\" sizes=\"(max-width: 300px) 100vw, 300px\" \/><\/a><\/figure><div class=\"elementor-image-box-content\"><h4 class=\"elementor-image-box-title\"><a href=\"https:\/\/www.lepetchoulindo.it\/\">LO PETCHOU LINDO<\/a><\/h4><p class=\"elementor-image-box-description\">RENTAL EQUIPMENT<\/p><\/div><\/div>\t\t\t\t<\/div>\n\t\t\t\t<\/div>\n\t\t\t\t<div class=\"elementor-element elementor-element-b321205 elementor-position-left elementor-vertical-align-middle elementor-widget__width-initial elementor-position-left elementor-widget elementor-widget-image-box\" data-id=\"b321205\" data-element_type=\"widget\" data-e-type=\"widget\" data-widget_type=\"image-box.default\">\n\t\t\t\t<div class=\"elementor-widget-container\">\n\t\t\t\t\t<div class=\"elementor-image-box-wrapper\"><figure class=\"elementor-image-box-img\"><a href=\"https:\/\/www.guidealtamontagna.com\/\" tabindex=\"-1\"><img loading=\"lazy\" decoding=\"async\" width=\"300\" height=\"281\" src=\"https:\/\/lesrefuges.it\/wp-content\/uploads\/2024\/01\/84808F74-B874-4329-ACCB-76B1896E5C8A_4_5005_c-300x281.jpeg\" class=\"attachment-medium size-medium wp-image-10696\" alt=\"\" \/><\/a><\/figure><div class=\"elementor-image-box-content\"><h4 class=\"elementor-image-box-title\"><a href=\"https:\/\/www.guidealtamontagna.com\/\">VALDOSTAN MOUNTAIN GUIDES UNION<\/a><\/h4><p class=\"elementor-image-box-description\">HIGH MOUNTAIN GUIDES<\/p><\/div><\/div>\t\t\t\t<\/div>\n\t\t\t\t<\/div>\n\t\t\t\t<div class=\"elementor-element elementor-element-396fc26 elementor-position-left elementor-vertical-align-middle elementor-widget__width-initial elementor-widget elementor-widget-image-box\" data-id=\"396fc26\" data-element_type=\"widget\" data-e-type=\"widget\" data-widget_type=\"image-box.default\">\n\t\t\t\t<div class=\"elementor-widget-container\">\n\t\t\t\t\t<div class=\"elementor-image-box-wrapper\"><figure class=\"elementor-image-box-img\"><a href=\"https:\/\/www.comune.rhemes-notre-dame.ao.it\/\" tabindex=\"-1\"><img loading=\"lazy\" decoding=\"async\" width=\"198\" height=\"194\" src=\"https:\/\/lesrefuges.it\/wp-content\/uploads\/2024\/04\/79535915-C76E-4100-97A0-55E2BD83757C_4_5005_c.jpeg\" class=\"attachment-medium size-medium wp-image-16206\" alt=\"\" \/><\/a><\/figure><div class=\"elementor-image-box-content\"><h4 class=\"elementor-image-box-title\"><a href=\"https:\/\/www.comune.rhemes-notre-dame.ao.it\/\">RH\u00caMES NOTRE DAME MUNICIPALITY<\/a><\/h4><p class=\"elementor-image-box-description\">MOUNTAIN COMMUNITY <\/p><\/div><\/div>\t\t\t\t<\/div>\n\t\t\t\t<\/div>\n\t\t\t\t<div class=\"elementor-element elementor-element-caf1508 elementor-position-left elementor-vertical-align-middle elementor-widget__width-initial elementor-widget elementor-widget-image-box\" data-id=\"caf1508\" data-element_type=\"widget\" data-e-type=\"widget\" data-widget_type=\"image-box.default\">\n\t\t\t\t<div class=\"elementor-widget-container\">\n\t\t\t\t\t<div class=\"elementor-image-box-wrapper\"><figure class=\"elementor-image-box-img\"><a href=\"https:\/\/www.pngp.it\/visita-il-parco\/escursioni-con-le-guide\" tabindex=\"-1\"><img loading=\"lazy\" decoding=\"async\" width=\"300\" height=\"300\" src=\"https:\/\/lesrefuges.it\/wp-content\/uploads\/2024\/01\/A299D7EF-F7EB-40D7-BEDA-EA2C562C69EA-300x300.jpeg\" class=\"attachment-medium size-medium wp-image-10646\" alt=\"\" srcset=\"https:\/\/lesrefuges.it\/wp-content\/uploads\/2024\/01\/A299D7EF-F7EB-40D7-BEDA-EA2C562C69EA-300x300.jpeg 300w, https:\/\/lesrefuges.it\/wp-content\/uploads\/2024\/01\/A299D7EF-F7EB-40D7-BEDA-EA2C562C69EA-150x150.jpeg 150w, https:\/\/lesrefuges.it\/wp-content\/uploads\/2024\/01\/A299D7EF-F7EB-40D7-BEDA-EA2C562C69EA.jpeg 461w\" sizes=\"(max-width: 300px) 100vw, 300px\" \/><\/a><\/figure><div class=\"elementor-image-box-content\"><h4 class=\"elementor-image-box-title\"><a href=\"https:\/\/www.pngp.it\/visita-il-parco\/escursioni-con-le-guide\"> GRAN PARADISO NATIONAL PARK<\/a><\/h4><p class=\"elementor-image-box-description\">THE PARK GUIDES <\/p><\/div><\/div>\t\t\t\t<\/div>\n\t\t\t\t<\/div>\n\t\t\t\t<div class=\"elementor-element elementor-element-5169d74 elementor-position-left elementor-vertical-align-middle elementor-widget__width-initial elementor-widget elementor-widget-image-box\" data-id=\"5169d74\" data-element_type=\"widget\" data-e-type=\"widget\" data-widget_type=\"image-box.default\">\n\t\t\t\t<div class=\"elementor-widget-container\">\n\t\t\t\t\t<div class=\"elementor-image-box-wrapper\"><figure class=\"elementor-image-box-img\"><a href=\"https:\/\/scuolascivaldirhemes.com\/\" tabindex=\"-1\"><img loading=\"lazy\" decoding=\"async\" width=\"300\" height=\"277\" src=\"https:\/\/lesrefuges.it\/wp-content\/uploads\/2024\/01\/A64CAFD1-E287-4DBC-A04A-EF4524905AB5-300x277.jpeg\" class=\"attachment-medium size-medium wp-image-10669\" alt=\"\" srcset=\"https:\/\/lesrefuges.it\/wp-content\/uploads\/2024\/01\/A64CAFD1-E287-4DBC-A04A-EF4524905AB5-300x277.jpeg 300w, https:\/\/lesrefuges.it\/wp-content\/uploads\/2024\/01\/A64CAFD1-E287-4DBC-A04A-EF4524905AB5.jpeg 427w\" sizes=\"(max-width: 300px) 100vw, 300px\" \/><\/a><\/figure><div class=\"elementor-image-box-content\"><h4 class=\"elementor-image-box-title\"><a href=\"https:\/\/scuolascivaldirhemes.com\/\">SKI SCHOOL<\/a><\/h4><p class=\"elementor-image-box-description\">RH\u00caMES VALLEY<\/p><\/div><\/div>\t\t\t\t<\/div>\n\t\t\t\t<\/div>\n\t\t\t\t<div class=\"elementor-element elementor-element-93bc3c1 elementor-position-left elementor-vertical-align-middle elementor-widget__width-initial elementor-widget elementor-widget-image-box\" data-id=\"93bc3c1\" data-element_type=\"widget\" data-e-type=\"widget\" data-widget_type=\"image-box.default\">\n\t\t\t\t<div class=\"elementor-widget-container\">\n\t\t\t\t\t<div class=\"elementor-image-box-wrapper\"><figure class=\"elementor-image-box-img\"><a href=\"https:\/\/rhemesvacanze.it\/\" tabindex=\"-1\"><img loading=\"lazy\" decoding=\"async\" width=\"244\" height=\"300\" src=\"https:\/\/lesrefuges.it\/wp-content\/uploads\/2024\/02\/Logo_rhemes_impianti_sito-244x300.png\" class=\"attachment-medium size-medium wp-image-14780\" alt=\"\" srcset=\"https:\/\/lesrefuges.it\/wp-content\/uploads\/2024\/02\/Logo_rhemes_impianti_sito-244x300.png 244w, https:\/\/lesrefuges.it\/wp-content\/uploads\/2024\/02\/Logo_rhemes_impianti_sito-650x802.png 650w, https:\/\/lesrefuges.it\/wp-content\/uploads\/2024\/02\/Logo_rhemes_impianti_sito.png 653w\" sizes=\"(max-width: 244px) 100vw, 244px\" \/><\/a><\/figure><div class=\"elementor-image-box-content\"><h4 class=\"elementor-image-box-title\"><a href=\"https:\/\/rhemesvacanze.it\/\">LIFTS<\/a><\/h4><p class=\"elementor-image-box-description\">RH\u00caMES FACILITIES<\/p><\/div><\/div>\t\t\t\t<\/div>\n\t\t\t\t<\/div>\n\t\t\t\t<div class=\"elementor-element elementor-element-51d2812 elementor-position-left elementor-vertical-align-middle elementor-widget__width-initial elementor-widget elementor-widget-image-box\" data-id=\"51d2812\" data-element_type=\"widget\" data-e-type=\"widget\" data-widget_type=\"image-box.default\">\n\t\t\t\t<div class=\"elementor-widget-container\">\n\t\t\t\t\t<div class=\"elementor-image-box-wrapper\"><figure class=\"elementor-image-box-img\"><a href=\"https:\/\/www.gulliver.it\/\" tabindex=\"-1\"><img loading=\"lazy\" decoding=\"async\" width=\"300\" height=\"271\" src=\"https:\/\/lesrefuges.it\/wp-content\/uploads\/2024\/01\/9776352D-C428-4EFA-BC40-F59A18911DF0_4_5005_c-300x271.jpeg\" class=\"attachment-medium size-medium wp-image-10900\" alt=\"\" srcset=\"https:\/\/lesrefuges.it\/wp-content\/uploads\/2024\/01\/9776352D-C428-4EFA-BC40-F59A18911DF0_4_5005_c-300x271.jpeg 300w, https:\/\/lesrefuges.it\/wp-content\/uploads\/2024\/01\/9776352D-C428-4EFA-BC40-F59A18911DF0_4_5005_c.jpeg 396w\" sizes=\"(max-width: 300px) 100vw, 300px\" \/><\/a><\/figure><div class=\"elementor-image-box-content\"><h4 class=\"elementor-image-box-title\"><a href=\"https:\/\/www.gulliver.it\/\">GULLIVER<\/a><\/h4><p class=\"elementor-image-box-description\">OUTDOOR GUIDE <\/p><\/div><\/div>\t\t\t\t<\/div>\n\t\t\t\t<\/div>\n\t\t\t\t<div class=\"elementor-element elementor-element-e9b8f45 elementor-position-left elementor-vertical-align-middle elementor-widget__width-initial elementor-widget elementor-widget-image-box\" data-id=\"e9b8f45\" data-element_type=\"widget\" data-e-type=\"widget\" data-widget_type=\"image-box.default\">\n\t\t\t\t<div class=\"elementor-widget-container\">\n\t\t\t\t\t<div class=\"elementor-image-box-wrapper\"><figure class=\"elementor-image-box-img\"><a href=\"https:\/\/www.hibou-prodottivaldostani.it\/\" tabindex=\"-1\"><img loading=\"lazy\" decoding=\"async\" width=\"300\" height=\"294\" src=\"https:\/\/lesrefuges.it\/wp-content\/uploads\/2024\/02\/366182CD-42B9-4DFE-A381-BC37A8964E81-300x294.jpeg\" class=\"attachment-medium size-medium wp-image-13472\" alt=\"\" srcset=\"https:\/\/lesrefuges.it\/wp-content\/uploads\/2024\/02\/366182CD-42B9-4DFE-A381-BC37A8964E81-300x294.jpeg 300w, https:\/\/lesrefuges.it\/wp-content\/uploads\/2024\/02\/366182CD-42B9-4DFE-A381-BC37A8964E81.jpeg 436w\" sizes=\"(max-width: 300px) 100vw, 300px\" \/><\/a><\/figure><div class=\"elementor-image-box-content\"><h4 class=\"elementor-image-box-title\"><a href=\"https:\/\/www.hibou-prodottivaldostani.it\/\">HIBOU<\/a><\/h4><p class=\"elementor-image-box-description\">VALDOSTAN PRODUCTS MARKET<\/p><\/div><\/div>\t\t\t\t<\/div>\n\t\t\t\t<\/div>\n\t\t\t\t\t<\/div>\n\t\t<\/div>\n\t\t\t\t\t<\/div>\n\t\t<\/section>\n\t\t\t\t<\/div>\n\t\t","protected":false},"excerpt":{"rendered":"<p>USEFUL LINKS PEAKS HUNTER BOOK YOUR ADVENTURE ALPINE WORLD BOOK YOUR ADVENTURE LO PETCHOU LINDO RENTAL EQUIPMENT VALDOSTAN MOUNTAIN GUIDES UNION HIGH MOUNTAIN GUIDES RH\u00caMES NOTRE DAME MUNICIPALITY MOUNTAIN COMMUNITY GRAN PARADISO NATIONAL PARK THE PARK GUIDES SKI SCHOOL RH\u00caMES VALLEY LIFTS RH\u00caMES FACILITIES GULLIVER OUTDOOR GUIDE HIBOU VALDOSTAN PRODUCTS MARKET<\/p>\n","protected":false},"author":3,"featured_media":0,"parent":0,"menu_order":0,"comment_status":"closed","ping_status":"closed","template":"","meta":{"footnotes":""},"class_list":["post-22555","page","type-page","status-publish","hentry"],"yoast_head":"<!-- This site is optimized with the Yoast SEO plugin v27.5 - https:\/\/yoast.com\/product\/yoast-seo-wordpress\/ -->\n<title>Useful Links - Benvenuti nel mondo dei Les Refuges<\/title>\n<meta name=\"robots\" content=\"index, follow, max-snippet:-1, max-image-preview:large, max-video-preview:-1\" \/>\n<link rel=\"canonical\" href=\"https:\/\/lesrefuges.it\/link-utili\/\" \/>\n<meta property=\"og:locale\" content=\"en_US\" \/>\n<meta property=\"og:type\" content=\"article\" \/>\n<meta property=\"og:title\" content=\"Useful Links - Benvenuti nel mondo dei Les Refuges\" \/>\n<meta property=\"og:description\" content=\"USEFUL LINKS PEAKS HUNTER BOOK YOUR ADVENTURE ALPINE WORLD BOOK YOUR ADVENTURE LO PETCHOU LINDO RENTAL EQUIPMENT VALDOSTAN MOUNTAIN GUIDES UNION HIGH MOUNTAIN GUIDES RH\u00caMES NOTRE DAME MUNICIPALITY MOUNTAIN COMMUNITY GRAN PARADISO NATIONAL PARK THE PARK GUIDES SKI SCHOOL RH\u00caMES VALLEY LIFTS RH\u00caMES FACILITIES GULLIVER OUTDOOR GUIDE HIBOU VALDOSTAN PRODUCTS MARKET\" \/>\n<meta property=\"og:url\" content=\"https:\/\/lesrefuges.it\/link-utili\/\" \/>\n<meta property=\"og:site_name\" content=\"Benvenuti nel mondo dei Les Refuges\" \/>\n<meta property=\"article:publisher\" content=\"https:\/\/www.facebook.com\/Lesrefuges\" \/>\n<meta property=\"article:modified_time\" content=\"2024-08-27T14:34:46+00:00\" \/>\n<meta property=\"og:image\" content=\"https:\/\/lesrefuges.it\/wp-content\/uploads\/2024\/04\/1EC4FCB6-BFF1-4981-A566-3D9298FF7E75-300x300.jpeg\" \/>\n<meta name=\"twitter:card\" content=\"summary_large_image\" \/>\n<script type=\"application\/ld+json\" class=\"yoast-schema-graph\">{\"@context\":\"https:\\\/\\\/schema.org\",\"@graph\":[{\"@type\":\"WebPage\",\"@id\":\"https:\\\/\\\/lesrefuges.it\\\/link-utili\\\/\",\"url\":\"https:\\\/\\\/lesrefuges.it\\\/link-utili\\\/\",\"name\":\"Useful Links - Benvenuti nel mondo dei Les Refuges\",\"isPartOf\":{\"@id\":\"https:\\\/\\\/lesrefuges.it\\\/#website\"},\"primaryImageOfPage\":{\"@id\":\"https:\\\/\\\/lesrefuges.it\\\/link-utili\\\/#primaryimage\"},\"image\":{\"@id\":\"https:\\\/\\\/lesrefuges.it\\\/link-utili\\\/#primaryimage\"},\"thumbnailUrl\":\"https:\\\/\\\/lesrefuges.it\\\/wp-content\\\/uploads\\\/2024\\\/04\\\/1EC4FCB6-BFF1-4981-A566-3D9298FF7E75-300x300.jpeg\",\"datePublished\":\"2024-08-16T17:01:48+00:00\",\"dateModified\":\"2024-08-27T14:34:46+00:00\",\"breadcrumb\":{\"@id\":\"https:\\\/\\\/lesrefuges.it\\\/link-utili\\\/#breadcrumb\"},\"inLanguage\":\"en-US\",\"potentialAction\":[{\"@type\":\"ReadAction\",\"target\":[\"https:\\\/\\\/lesrefuges.it\\\/link-utili\\\/\"]}]},{\"@type\":\"ImageObject\",\"inLanguage\":\"en-US\",\"@id\":\"https:\\\/\\\/lesrefuges.it\\\/link-utili\\\/#primaryimage\",\"url\":\"https:\\\/\\\/lesrefuges.it\\\/wp-content\\\/uploads\\\/2024\\\/04\\\/1EC4FCB6-BFF1-4981-A566-3D9298FF7E75-300x300.jpeg\",\"contentUrl\":\"https:\\\/\\\/lesrefuges.it\\\/wp-content\\\/uploads\\\/2024\\\/04\\\/1EC4FCB6-BFF1-4981-A566-3D9298FF7E75-300x300.jpeg\"},{\"@type\":\"BreadcrumbList\",\"@id\":\"https:\\\/\\\/lesrefuges.it\\\/link-utili\\\/#breadcrumb\",\"itemListElement\":[{\"@type\":\"ListItem\",\"position\":1,\"name\":\"Home\",\"item\":\"https:\\\/\\\/lesrefuges.it\\\/\"},{\"@type\":\"ListItem\",\"position\":2,\"name\":\"Useful Links\"}]},{\"@type\":\"WebSite\",\"@id\":\"https:\\\/\\\/lesrefuges.it\\\/#website\",\"url\":\"https:\\\/\\\/lesrefuges.it\\\/\",\"name\":\"Benvenuti nel mondo dei Les Refuges\",\"description\":\"Destinazioni eccezionali\",\"publisher\":{\"@id\":\"https:\\\/\\\/lesrefuges.it\\\/#organization\"},\"potentialAction\":[{\"@type\":\"SearchAction\",\"target\":{\"@type\":\"EntryPoint\",\"urlTemplate\":\"https:\\\/\\\/lesrefuges.it\\\/?s={search_term_string}\"},\"query-input\":{\"@type\":\"PropertyValueSpecification\",\"valueRequired\":true,\"valueName\":\"search_term_string\"}}],\"inLanguage\":\"en-US\"},{\"@type\":\"Organization\",\"@id\":\"https:\\\/\\\/lesrefuges.it\\\/#organization\",\"name\":\"Les Refuges\",\"url\":\"https:\\\/\\\/lesrefuges.it\\\/\",\"logo\":{\"@type\":\"ImageObject\",\"inLanguage\":\"en-US\",\"@id\":\"https:\\\/\\\/lesrefuges.it\\\/#\\\/schema\\\/logo\\\/image\\\/\",\"url\":\"https:\\\/\\\/lesrefuges.it\\\/wp-content\\\/uploads\\\/2023\\\/10\\\/rhemes-appartamenti-camere.png\",\"contentUrl\":\"https:\\\/\\\/lesrefuges.it\\\/wp-content\\\/uploads\\\/2023\\\/10\\\/rhemes-appartamenti-camere.png\",\"width\":150,\"height\":107,\"caption\":\"Les Refuges\"},\"image\":{\"@id\":\"https:\\\/\\\/lesrefuges.it\\\/#\\\/schema\\\/logo\\\/image\\\/\"},\"sameAs\":[\"https:\\\/\\\/www.facebook.com\\\/Lesrefuges\"]}]}<\/script>\n<!-- \/ Yoast SEO plugin. -->","yoast_head_json":{"title":"Useful Links - Benvenuti nel mondo dei Les Refuges","robots":{"index":"index","follow":"follow","max-snippet":"max-snippet:-1","max-image-preview":"max-image-preview:large","max-video-preview":"max-video-preview:-1"},"canonical":"https:\/\/lesrefuges.it\/link-utili\/","og_locale":"en_US","og_type":"article","og_title":"Useful Links - Benvenuti nel mondo dei Les Refuges","og_description":"USEFUL LINKS PEAKS HUNTER BOOK YOUR ADVENTURE ALPINE WORLD BOOK YOUR ADVENTURE LO PETCHOU LINDO RENTAL EQUIPMENT VALDOSTAN MOUNTAIN GUIDES UNION HIGH MOUNTAIN GUIDES RH\u00caMES NOTRE DAME MUNICIPALITY MOUNTAIN COMMUNITY GRAN PARADISO NATIONAL PARK THE PARK GUIDES SKI SCHOOL RH\u00caMES VALLEY LIFTS RH\u00caMES FACILITIES GULLIVER OUTDOOR GUIDE HIBOU VALDOSTAN PRODUCTS MARKET","og_url":"https:\/\/lesrefuges.it\/link-utili\/","og_site_name":"Benvenuti nel mondo dei Les Refuges","article_publisher":"https:\/\/www.facebook.com\/Lesrefuges","article_modified_time":"2024-08-27T14:34:46+00:00","og_image":[{"url":"https:\/\/lesrefuges.it\/wp-content\/uploads\/2024\/04\/1EC4FCB6-BFF1-4981-A566-3D9298FF7E75-300x300.jpeg","type":"","width":"","height":""}],"twitter_card":"summary_large_image","schema":{"@context":"https:\/\/schema.org","@graph":[{"@type":"WebPage","@id":"https:\/\/lesrefuges.it\/link-utili\/","url":"https:\/\/lesrefuges.it\/link-utili\/","name":"Useful Links - Benvenuti nel mondo dei Les Refuges","isPartOf":{"@id":"https:\/\/lesrefuges.it\/#website"},"primaryImageOfPage":{"@id":"https:\/\/lesrefuges.it\/link-utili\/#primaryimage"},"image":{"@id":"https:\/\/lesrefuges.it\/link-utili\/#primaryimage"},"thumbnailUrl":"https:\/\/lesrefuges.it\/wp-content\/uploads\/2024\/04\/1EC4FCB6-BFF1-4981-A566-3D9298FF7E75-300x300.jpeg","datePublished":"2024-08-16T17:01:48+00:00","dateModified":"2024-08-27T14:34:46+00:00","breadcrumb":{"@id":"https:\/\/lesrefuges.it\/link-utili\/#breadcrumb"},"inLanguage":"en-US","potentialAction":[{"@type":"ReadAction","target":["https:\/\/lesrefuges.it\/link-utili\/"]}]},{"@type":"ImageObject","inLanguage":"en-US","@id":"https:\/\/lesrefuges.it\/link-utili\/#primaryimage","url":"https:\/\/lesrefuges.it\/wp-content\/uploads\/2024\/04\/1EC4FCB6-BFF1-4981-A566-3D9298FF7E75-300x300.jpeg","contentUrl":"https:\/\/lesrefuges.it\/wp-content\/uploads\/2024\/04\/1EC4FCB6-BFF1-4981-A566-3D9298FF7E75-300x300.jpeg"},{"@type":"BreadcrumbList","@id":"https:\/\/lesrefuges.it\/link-utili\/#breadcrumb","itemListElement":[{"@type":"ListItem","position":1,"name":"Home","item":"https:\/\/lesrefuges.it\/"},{"@type":"ListItem","position":2,"name":"Useful Links"}]},{"@type":"WebSite","@id":"https:\/\/lesrefuges.it\/#website","url":"https:\/\/lesrefuges.it\/","name":"Benvenuti nel mondo dei Les Refuges","description":"Destinazioni eccezionali","publisher":{"@id":"https:\/\/lesrefuges.it\/#organization"},"potentialAction":[{"@type":"SearchAction","target":{"@type":"EntryPoint","urlTemplate":"https:\/\/lesrefuges.it\/?s={search_term_string}"},"query-input":{"@type":"PropertyValueSpecification","valueRequired":true,"valueName":"search_term_string"}}],"inLanguage":"en-US"},{"@type":"Organization","@id":"https:\/\/lesrefuges.it\/#organization","name":"Les Refuges","url":"https:\/\/lesrefuges.it\/","logo":{"@type":"ImageObject","inLanguage":"en-US","@id":"https:\/\/lesrefuges.it\/#\/schema\/logo\/image\/","url":"https:\/\/lesrefuges.it\/wp-content\/uploads\/2023\/10\/rhemes-appartamenti-camere.png","contentUrl":"https:\/\/lesrefuges.it\/wp-content\/uploads\/2023\/10\/rhemes-appartamenti-camere.png","width":150,"height":107,"caption":"Les Refuges"},"image":{"@id":"https:\/\/lesrefuges.it\/#\/schema\/logo\/image\/"},"sameAs":["https:\/\/www.facebook.com\/Lesrefuges"]}]}},"_links":{"self":[{"href":"https:\/\/lesrefuges.it\/en\/wp-json\/wp\/v2\/pages\/22555","targetHints":{"allow":["GET"]}}],"collection":[{"href":"https:\/\/lesrefuges.it\/en\/wp-json\/wp\/v2\/pages"}],"about":[{"href":"https:\/\/lesrefuges.it\/en\/wp-json\/wp\/v2\/types\/page"}],"author":[{"embeddable":true,"href":"https:\/\/lesrefuges.it\/en\/wp-json\/wp\/v2\/users\/3"}],"replies":[{"embeddable":true,"href":"https:\/\/lesrefuges.it\/en\/wp-json\/wp\/v2\/comments?post=22555"}],"version-history":[{"count":1,"href":"https:\/\/lesrefuges.it\/en\/wp-json\/wp\/v2\/pages\/22555\/revisions"}],"predecessor-version":[{"id":22556,"href":"https:\/\/lesrefuges.it\/en\/wp-json\/wp\/v2\/pages\/22555\/revisions\/22556"}],"wp:attachment":[{"href":"https:\/\/lesrefuges.it\/en\/wp-json\/wp\/v2\/media?parent=22555"}],"curies":[{"name":"wp","href":"https:\/\/api.w.org\/{rel}","templated":true}]}}